{"id":701,"date":"2023-05-02T14:21:28","date_gmt":"2023-05-02T14:21:28","guid":{"rendered":"https:\/\/alpenhotelrabbisequoia.ms2.decms.eu\/esperienze-in-val-di-rabbi\/sci-e-snowboard\/"},"modified":"2023-05-18T09:11:07","modified_gmt":"2023-05-18T09:11:07","slug":"skifahren-und-snowboarden","status":"publish","type":"page","link":"https:\/\/www.alpenhotelrabbi.it\/de\/erlebnisse-im-val-di-rabbi\/skifahren-und-snowboarden\/","title":{"rendered":"Skifahren und Snowboarden"},"content":{"rendered":"<p>Das Skigebiet Campiglio Dolomiti di Brenta umfasst 150 km miteinander verbundene Skipisten. Es ist das gr\u00f6\u00dfte Skigebiet in Trentino und bei erfahrenen und Anf\u00e4ngerskifahrern gleicherma\u00dfen beliebt, mit herrlichem Blick auf die Dolomiten von Brenta. Das Skigebiet verf\u00fcgt auch \u00fcber einen gro\u00dfartigen Snow Park f\u00fcr Freestyle-Enthusiasten!<\/p>\n<p>Die Skilifts sind leicht erreichbar und nur etwa eine halbe Autostunde von Val di Rabbi entfernt, und den Skipass k\u00fcmmern wir uns um!<\/p>\n","protected":false},"excerpt":{"rendered":"<p>Das Skigebiet Campiglio Dolomiti di Brenta umfasst 150 km miteinander verbundene Skipisten. Es ist das gr\u00f6\u00dfte Skigebiet in Trentino und bei erfahrenen und Anf\u00e4ngerskifahrern gleicherma\u00dfen beliebt, mit herrlichem Blick auf die Dolomiten von Brenta. Das Skigebiet verf\u00fcgt auch \u00fcber einen gro\u00dfartigen Snow Park f\u00fcr Freestyle-Enthusiasten! Die Skilifts sind leicht erreichbar und nur etwa eine halbe [&hellip;]<\/p>\n","protected":false},"author":11,"featured_media":0,"parent":550,"menu_order":59,"comment_status":"closed","ping_status":"closed","template":"","meta":{"footnotes":""},"yoast_head":"<!-- This site is optimized with the Yoast SEO plugin v22.3 - https:\/\/yoast.com\/wordpress\/plugins\/seo\/ -->\n<title>Skifahren und Snowboarden - Alpen Hotel Rabbi<\/title>\n<meta name=\"description\" content=\"Das Skigebiet Campiglio Dolomiti di Brenta umfasst 150 km miteinander verbundene Skipisten. Es ist das gr\u00f6\u00dfte Skigebiet in Trentino und bei erfahrenen und Anf\u00e4ngerskifahrern gleicherma\u00dfen beliebt, mit herrlichem Blick auf die Dolomiten von Brenta\" \/>\n<meta name=\"robots\" content=\"index, follow, max-snippet:-1, max-image-preview:large, max-video-preview:-1\" \/>\n<link rel=\"canonical\" href=\"https:\/\/www.alpenhotelrabbi.it\/de\/erlebnisse-im-val-di-rabbi\/skifahren-und-snowboarden\/\" \/>\n<meta property=\"og:locale\" content=\"de_DE\" \/>\n<meta property=\"og:type\" content=\"article\" \/>\n<meta property=\"og:title\" content=\"Skifahren und Snowboarden - Alpen Hotel Rabbi\" \/>\n<meta property=\"og:description\" content=\"Das Skigebiet Campiglio Dolomiti di Brenta umfasst 150 km miteinander verbundene Skipisten. Es ist das gr\u00f6\u00dfte Skigebiet in Trentino und bei erfahrenen und Anf\u00e4ngerskifahrern gleicherma\u00dfen beliebt, mit herrlichem Blick auf die Dolomiten von Brenta\" \/>\n<meta property=\"og:url\" content=\"https:\/\/www.alpenhotelrabbi.it\/de\/erlebnisse-im-val-di-rabbi\/skifahren-und-snowboarden\/\" \/>\n<meta property=\"og:site_name\" content=\"Alpen Hotel Rabbi\" \/>\n<meta property=\"article:modified_time\" content=\"2023-05-18T09:11:07+00:00\" \/>\n<meta name=\"twitter:card\" content=\"summary_large_image\" \/>\n<meta name=\"twitter:label1\" content=\"Gesch\u00e4tzte Lesezeit\" \/>\n\t<meta name=\"twitter:data1\" content=\"1 Minute\" \/>\n<script type=\"application\/ld+json\" class=\"yoast-schema-graph\">{\"@context\":\"https:\/\/schema.org\",\"@graph\":[{\"@type\":\"WebPage\",\"@id\":\"https:\/\/www.alpenhotelrabbi.it\/de\/erlebnisse-im-val-di-rabbi\/skifahren-und-snowboarden\/\",\"url\":\"https:\/\/www.alpenhotelrabbi.it\/de\/erlebnisse-im-val-di-rabbi\/skifahren-und-snowboarden\/\",\"name\":\"Skifahren und Snowboarden - Alpen Hotel Rabbi\",\"isPartOf\":{\"@id\":\"https:\/\/www.alpenhotelrabbi.it\/de\/#website\"},\"datePublished\":\"2023-05-02T14:21:28+00:00\",\"dateModified\":\"2023-05-18T09:11:07+00:00\",\"description\":\"Das Skigebiet Campiglio Dolomiti di Brenta umfasst 150 km miteinander verbundene Skipisten. Es ist das gr\u00f6\u00dfte Skigebiet in Trentino und bei erfahrenen und Anf\u00e4ngerskifahrern gleicherma\u00dfen beliebt, mit herrlichem Blick auf die Dolomiten von Brenta\",\"breadcrumb\":{\"@id\":\"https:\/\/www.alpenhotelrabbi.it\/de\/erlebnisse-im-val-di-rabbi\/skifahren-und-snowboarden\/#breadcrumb\"},\"inLanguage\":\"de-DE\",\"potentialAction\":[{\"@type\":\"ReadAction\",\"target\":[\"https:\/\/www.alpenhotelrabbi.it\/de\/erlebnisse-im-val-di-rabbi\/skifahren-und-snowboarden\/\"]}]},{\"@type\":\"BreadcrumbList\",\"@id\":\"https:\/\/www.alpenhotelrabbi.it\/de\/erlebnisse-im-val-di-rabbi\/skifahren-und-snowboarden\/#breadcrumb\",\"itemListElement\":[{\"@type\":\"ListItem\",\"position\":1,\"name\":\"Home\",\"item\":\"https:\/\/www.alpenhotelrabbi.it\/de\/\"},{\"@type\":\"ListItem\",\"position\":2,\"name\":\"Erlebnisse im Val di Rabbi\",\"item\":\"https:\/\/www.alpenhotelrabbi.it\/de\/erlebnisse-im-val-di-rabbi\/\"},{\"@type\":\"ListItem\",\"position\":3,\"name\":\"Skifahren und Snowboarden\"}]},{\"@type\":\"WebSite\",\"@id\":\"https:\/\/www.alpenhotelrabbi.it\/de\/#website\",\"url\":\"https:\/\/www.alpenhotelrabbi.it\/de\/\",\"name\":\"Alpen Hotel Rabbi\",\"description\":\"\",\"potentialAction\":[{\"@type\":\"SearchAction\",\"target\":{\"@type\":\"EntryPoint\",\"urlTemplate\":\"https:\/\/www.alpenhotelrabbi.it\/de\/?s={search_term_string}\"},\"query-input\":\"required name=search_term_string\"}],\"inLanguage\":\"de-DE\"}]}<\/script>\n<!-- \/ Yoast SEO plugin. -->","yoast_head_json":{"title":"Skifahren und Snowboarden - Alpen Hotel Rabbi","description":"Das Skigebiet Campiglio Dolomiti di Brenta umfasst 150 km miteinander verbundene Skipisten. Es ist das gr\u00f6\u00dfte Skigebiet in Trentino und bei erfahrenen und Anf\u00e4ngerskifahrern gleicherma\u00dfen beliebt, mit herrlichem Blick auf die Dolomiten von Brenta","robots":{"index":"index","follow":"follow","max-snippet":"max-snippet:-1","max-image-preview":"max-image-preview:large","max-video-preview":"max-video-preview:-1"},"canonical":"https:\/\/www.alpenhotelrabbi.it\/de\/erlebnisse-im-val-di-rabbi\/skifahren-und-snowboarden\/","og_locale":"de_DE","og_type":"article","og_title":"Skifahren und Snowboarden - Alpen Hotel Rabbi","og_description":"Das Skigebiet Campiglio Dolomiti di Brenta umfasst 150 km miteinander verbundene Skipisten. Es ist das gr\u00f6\u00dfte Skigebiet in Trentino und bei erfahrenen und Anf\u00e4ngerskifahrern gleicherma\u00dfen beliebt, mit herrlichem Blick auf die Dolomiten von Brenta","og_url":"https:\/\/www.alpenhotelrabbi.it\/de\/erlebnisse-im-val-di-rabbi\/skifahren-und-snowboarden\/","og_site_name":"Alpen Hotel Rabbi","article_modified_time":"2023-05-18T09:11:07+00:00","twitter_card":"summary_large_image","twitter_misc":{"Gesch\u00e4tzte Lesezeit":"1 Minute"},"schema":{"@context":"https:\/\/schema.org","@graph":[{"@type":"WebPage","@id":"https:\/\/www.alpenhotelrabbi.it\/de\/erlebnisse-im-val-di-rabbi\/skifahren-und-snowboarden\/","url":"https:\/\/www.alpenhotelrabbi.it\/de\/erlebnisse-im-val-di-rabbi\/skifahren-und-snowboarden\/","name":"Skifahren und Snowboarden - Alpen Hotel Rabbi","isPartOf":{"@id":"https:\/\/www.alpenhotelrabbi.it\/de\/#website"},"datePublished":"2023-05-02T14:21:28+00:00","dateModified":"2023-05-18T09:11:07+00:00","description":"Das Skigebiet Campiglio Dolomiti di Brenta umfasst 150 km miteinander verbundene Skipisten. Es ist das gr\u00f6\u00dfte Skigebiet in Trentino und bei erfahrenen und Anf\u00e4ngerskifahrern gleicherma\u00dfen beliebt, mit herrlichem Blick auf die Dolomiten von Brenta","breadcrumb":{"@id":"https:\/\/www.alpenhotelrabbi.it\/de\/erlebnisse-im-val-di-rabbi\/skifahren-und-snowboarden\/#breadcrumb"},"inLanguage":"de-DE","potentialAction":[{"@type":"ReadAction","target":["https:\/\/www.alpenhotelrabbi.it\/de\/erlebnisse-im-val-di-rabbi\/skifahren-und-snowboarden\/"]}]},{"@type":"BreadcrumbList","@id":"https:\/\/www.alpenhotelrabbi.it\/de\/erlebnisse-im-val-di-rabbi\/skifahren-und-snowboarden\/#breadcrumb","itemListElement":[{"@type":"ListItem","position":1,"name":"Home","item":"https:\/\/www.alpenhotelrabbi.it\/de\/"},{"@type":"ListItem","position":2,"name":"Erlebnisse im Val di Rabbi","item":"https:\/\/www.alpenhotelrabbi.it\/de\/erlebnisse-im-val-di-rabbi\/"},{"@type":"ListItem","position":3,"name":"Skifahren und Snowboarden"}]},{"@type":"WebSite","@id":"https:\/\/www.alpenhotelrabbi.it\/de\/#website","url":"https:\/\/www.alpenhotelrabbi.it\/de\/","name":"Alpen Hotel Rabbi","description":"","potentialAction":[{"@type":"SearchAction","target":{"@type":"EntryPoint","urlTemplate":"https:\/\/www.alpenhotelrabbi.it\/de\/?s={search_term_string}"},"query-input":"required name=search_term_string"}],"inLanguage":"de-DE"}]}},"acf":[],"_links":{"self":[{"href":"https:\/\/www.alpenhotelrabbi.it\/de\/wp-json\/wp\/v2\/pages\/701"}],"collection":[{"href":"https:\/\/www.alpenhotelrabbi.it\/de\/wp-json\/wp\/v2\/pages"}],"about":[{"href":"https:\/\/www.alpenhotelrabbi.it\/de\/wp-json\/wp\/v2\/types\/page"}],"author":[{"embeddable":true,"href":"https:\/\/www.alpenhotelrabbi.it\/de\/wp-json\/wp\/v2\/users\/11"}],"replies":[{"embeddable":true,"href":"https:\/\/www.alpenhotelrabbi.it\/de\/wp-json\/wp\/v2\/comments?post=701"}],"version-history":[{"count":0,"href":"https:\/\/www.alpenhotelrabbi.it\/de\/wp-json\/wp\/v2\/pages\/701\/revisions"}],"up":[{"embeddable":true,"href":"https:\/\/www.alpenhotelrabbi.it\/de\/wp-json\/wp\/v2\/pages\/550"}],"wp:attachment":[{"href":"https:\/\/www.alpenhotelrabbi.it\/de\/wp-json\/wp\/v2\/media?parent=701"}],"curies":[{"name":"wp","href":"https:\/\/api.w.org\/{rel}","templated":true}]}}