{"id":598,"date":"2023-04-15T17:10:02","date_gmt":"2023-04-15T17:10:02","guid":{"rendered":"https:\/\/alpenhotelrabbisequoia.ms2.decms.eu\/val-di-rabbi\/"},"modified":"2025-04-22T09:49:43","modified_gmt":"2025-04-22T09:49:43","slug":"val-di-rabbi","status":"publish","type":"page","link":"https:\/\/www.alpenhotelrabbi.it\/de\/val-di-rabbi\/","title":{"rendered":"Val di Rabbi"},"content":{"rendered":"<p>Das <strong>Val di Rabbi<\/strong> ist ein alpines Tal von besonderem nat\u00fcrlichen Wert, ein R\u00fcckzugsort, an dem der Wunsch nach Ruhe und Spa\u00df in Kontakt mit der Natur erf\u00fcllt wird.<\/p>\n<p>Das Tal liegt seitlich des <strong>Val di Sole<\/strong> und wird vom <strong>Fluss Rabbies<\/strong> durchquert. In der N\u00e4he von Mal\u00e8 m\u00fcndet dieser in den Fluss Noce, der f\u00fcr Rafting bekannt ist. Das Tal verl\u00e4uft parallel zum Val di Pejo und wird von der Bergkette Cima Rossa-Vegaia-Tremenesca-Camocina davon getrennt, w\u00e4hrend die gegen\u00fcberliegende Seite an das Val di Bresimo im Val di Non und an die S\u00fcdtiroler T\u00e4ler Val Martello und Ultental grenzt. Die Berge des Val di Rabbi geh\u00f6ren alle zur <strong>Ortler-Cevedale-Gruppe<\/strong>.<\/p>\n","protected":false},"excerpt":{"rendered":"<p>Das Val di Rabbi ist ein alpines Tal von besonderem nat\u00fcrlichen Wert, ein R\u00fcckzugsort, an dem der Wunsch nach Ruhe und Spa\u00df in Kontakt mit der Natur erf\u00fcllt wird. Das Tal liegt seitlich des Val di Sole und wird vom Fluss Rabbies durchquert. In der N\u00e4he von Mal\u00e8 m\u00fcndet dieser in den Fluss Noce, der [&hellip;]<\/p>\n","protected":false},"author":11,"featured_media":0,"parent":0,"menu_order":50,"comment_status":"closed","ping_status":"closed","template":"template-default-2.php","meta":{"footnotes":""},"yoast_head":"<!-- This site is optimized with the Yoast SEO plugin v22.3 - https:\/\/yoast.com\/wordpress\/plugins\/seo\/ -->\n<title>Val di Rabbi: Natur und Wohlbefinden | Alpen Hotel Rabbi<\/title>\n<meta name=\"description\" content=\"Entdecken Sie das unber\u00fchrte alpine Tal Val di Rabbi im Nationalpark Stilfserjoch. Ideal f\u00fcr Wanderungen, Entspannung und das Kennenlernen der Trentiner Traditionen.\" \/>\n<meta name=\"robots\" content=\"index, follow, max-snippet:-1, max-image-preview:large, max-video-preview:-1\" \/>\n<link rel=\"canonical\" href=\"https:\/\/www.alpenhotelrabbi.it\/de\/val-di-rabbi\/\" \/>\n<meta property=\"og:locale\" content=\"de_DE\" \/>\n<meta property=\"og:type\" content=\"article\" \/>\n<meta property=\"og:title\" content=\"Val di Rabbi: Natur und Wohlbefinden | Alpen Hotel Rabbi\" \/>\n<meta property=\"og:description\" content=\"Entdecken Sie das unber\u00fchrte alpine Tal Val di Rabbi im Nationalpark Stilfserjoch. Ideal f\u00fcr Wanderungen, Entspannung und das Kennenlernen der Trentiner Traditionen.\" \/>\n<meta property=\"og:url\" content=\"https:\/\/www.alpenhotelrabbi.it\/de\/val-di-rabbi\/\" \/>\n<meta property=\"og:site_name\" content=\"Alpen Hotel Rabbi\" \/>\n<meta property=\"article:modified_time\" content=\"2025-04-22T09:49:43+00:00\" \/>\n<meta name=\"twitter:card\" content=\"summary_large_image\" \/>\n<meta name=\"twitter:label1\" content=\"Gesch\u00e4tzte Lesezeit\" \/>\n\t<meta name=\"twitter:data1\" content=\"1 Minute\" \/>\n<script type=\"application\/ld+json\" class=\"yoast-schema-graph\">{\"@context\":\"https:\/\/schema.org\",\"@graph\":[{\"@type\":\"WebPage\",\"@id\":\"https:\/\/www.alpenhotelrabbi.it\/de\/val-di-rabbi\/\",\"url\":\"https:\/\/www.alpenhotelrabbi.it\/de\/val-di-rabbi\/\",\"name\":\"Val di Rabbi: Natur und Wohlbefinden | Alpen Hotel Rabbi\",\"isPartOf\":{\"@id\":\"https:\/\/www.alpenhotelrabbi.it\/de\/#website\"},\"datePublished\":\"2023-04-15T17:10:02+00:00\",\"dateModified\":\"2025-04-22T09:49:43+00:00\",\"description\":\"Entdecken Sie das unber\u00fchrte alpine Tal Val di Rabbi im Nationalpark Stilfserjoch. Ideal f\u00fcr Wanderungen, Entspannung und das Kennenlernen der Trentiner Traditionen.\",\"breadcrumb\":{\"@id\":\"https:\/\/www.alpenhotelrabbi.it\/de\/val-di-rabbi\/#breadcrumb\"},\"inLanguage\":\"de-DE\",\"potentialAction\":[{\"@type\":\"ReadAction\",\"target\":[\"https:\/\/www.alpenhotelrabbi.it\/de\/val-di-rabbi\/\"]}]},{\"@type\":\"BreadcrumbList\",\"@id\":\"https:\/\/www.alpenhotelrabbi.it\/de\/val-di-rabbi\/#breadcrumb\",\"itemListElement\":[{\"@type\":\"ListItem\",\"position\":1,\"name\":\"Home\",\"item\":\"https:\/\/www.alpenhotelrabbi.it\/de\/\"},{\"@type\":\"ListItem\",\"position\":2,\"name\":\"Val di Rabbi\"}]},{\"@type\":\"WebSite\",\"@id\":\"https:\/\/www.alpenhotelrabbi.it\/de\/#website\",\"url\":\"https:\/\/www.alpenhotelrabbi.it\/de\/\",\"name\":\"Alpen Hotel Rabbi\",\"description\":\"\",\"potentialAction\":[{\"@type\":\"SearchAction\",\"target\":{\"@type\":\"EntryPoint\",\"urlTemplate\":\"https:\/\/www.alpenhotelrabbi.it\/de\/?s={search_term_string}\"},\"query-input\":\"required name=search_term_string\"}],\"inLanguage\":\"de-DE\"}]}<\/script>\n<!-- \/ Yoast SEO plugin. -->","yoast_head_json":{"title":"Val di Rabbi: Natur und Wohlbefinden | Alpen Hotel Rabbi","description":"Entdecken Sie das unber\u00fchrte alpine Tal Val di Rabbi im Nationalpark Stilfserjoch. Ideal f\u00fcr Wanderungen, Entspannung und das Kennenlernen der Trentiner Traditionen.","robots":{"index":"index","follow":"follow","max-snippet":"max-snippet:-1","max-image-preview":"max-image-preview:large","max-video-preview":"max-video-preview:-1"},"canonical":"https:\/\/www.alpenhotelrabbi.it\/de\/val-di-rabbi\/","og_locale":"de_DE","og_type":"article","og_title":"Val di Rabbi: Natur und Wohlbefinden | Alpen Hotel Rabbi","og_description":"Entdecken Sie das unber\u00fchrte alpine Tal Val di Rabbi im Nationalpark Stilfserjoch. Ideal f\u00fcr Wanderungen, Entspannung und das Kennenlernen der Trentiner Traditionen.","og_url":"https:\/\/www.alpenhotelrabbi.it\/de\/val-di-rabbi\/","og_site_name":"Alpen Hotel Rabbi","article_modified_time":"2025-04-22T09:49:43+00:00","twitter_card":"summary_large_image","twitter_misc":{"Gesch\u00e4tzte Lesezeit":"1 Minute"},"schema":{"@context":"https:\/\/schema.org","@graph":[{"@type":"WebPage","@id":"https:\/\/www.alpenhotelrabbi.it\/de\/val-di-rabbi\/","url":"https:\/\/www.alpenhotelrabbi.it\/de\/val-di-rabbi\/","name":"Val di Rabbi: Natur und Wohlbefinden | Alpen Hotel Rabbi","isPartOf":{"@id":"https:\/\/www.alpenhotelrabbi.it\/de\/#website"},"datePublished":"2023-04-15T17:10:02+00:00","dateModified":"2025-04-22T09:49:43+00:00","description":"Entdecken Sie das unber\u00fchrte alpine Tal Val di Rabbi im Nationalpark Stilfserjoch. Ideal f\u00fcr Wanderungen, Entspannung und das Kennenlernen der Trentiner Traditionen.","breadcrumb":{"@id":"https:\/\/www.alpenhotelrabbi.it\/de\/val-di-rabbi\/#breadcrumb"},"inLanguage":"de-DE","potentialAction":[{"@type":"ReadAction","target":["https:\/\/www.alpenhotelrabbi.it\/de\/val-di-rabbi\/"]}]},{"@type":"BreadcrumbList","@id":"https:\/\/www.alpenhotelrabbi.it\/de\/val-di-rabbi\/#breadcrumb","itemListElement":[{"@type":"ListItem","position":1,"name":"Home","item":"https:\/\/www.alpenhotelrabbi.it\/de\/"},{"@type":"ListItem","position":2,"name":"Val di Rabbi"}]},{"@type":"WebSite","@id":"https:\/\/www.alpenhotelrabbi.it\/de\/#website","url":"https:\/\/www.alpenhotelrabbi.it\/de\/","name":"Alpen Hotel Rabbi","description":"","potentialAction":[{"@type":"SearchAction","target":{"@type":"EntryPoint","urlTemplate":"https:\/\/www.alpenhotelrabbi.it\/de\/?s={search_term_string}"},"query-input":"required name=search_term_string"}],"inLanguage":"de-DE"}]}},"acf":[],"_links":{"self":[{"href":"https:\/\/www.alpenhotelrabbi.it\/de\/wp-json\/wp\/v2\/pages\/598"}],"collection":[{"href":"https:\/\/www.alpenhotelrabbi.it\/de\/wp-json\/wp\/v2\/pages"}],"about":[{"href":"https:\/\/www.alpenhotelrabbi.it\/de\/wp-json\/wp\/v2\/types\/page"}],"author":[{"embeddable":true,"href":"https:\/\/www.alpenhotelrabbi.it\/de\/wp-json\/wp\/v2\/users\/11"}],"replies":[{"embeddable":true,"href":"https:\/\/www.alpenhotelrabbi.it\/de\/wp-json\/wp\/v2\/comments?post=598"}],"version-history":[{"count":0,"href":"https:\/\/www.alpenhotelrabbi.it\/de\/wp-json\/wp\/v2\/pages\/598\/revisions"}],"wp:attachment":[{"href":"https:\/\/www.alpenhotelrabbi.it\/de\/wp-json\/wp\/v2\/media?parent=598"}],"curies":[{"name":"wp","href":"https:\/\/api.w.org\/{rel}","templated":true}]}}