{"id":596,"date":"2023-04-26T10:36:22","date_gmt":"2023-04-26T10:36:22","guid":{"rendered":"https:\/\/alpenhotelrabbisequoia.ms2.decms.eu\/esperienze-in-val-di-rabbi\/ponte-sospeso-alla-cascata-ragaiolo\/"},"modified":"2023-05-04T17:13:55","modified_gmt":"2023-05-04T17:13:55","slug":"haengebruecke-zum-ragaiolo-wasserfall","status":"publish","type":"page","link":"https:\/\/www.alpenhotelrabbi.it\/de\/erlebnisse-im-val-di-rabbi\/haengebruecke-zum-ragaiolo-wasserfall\/","title":{"rendered":"H\u00e4ngebr\u00fccke zum Ragaiolo-Wasserfall"},"content":{"rendered":"<p style=\"text-align: center;\"><strong>Nur wenige Minuten vom Alpen Hotel Rabbi entfernt<\/strong><\/p>\n<ul>\n<li style=\"text-align: left;\">100 Meter lang;<\/li>\n<li style=\"text-align: left;\">60 Meter hoch mit einer spektakul\u00e4ren und einzigartigen Aussicht;<\/li>\n<li style=\"text-align: left;\">Abgangspunkt: Parkplatz Al Plan;<\/li>\n<li style=\"text-align: left;\">Nach einem kleinen Stall \u00fcberqueren Sie die Torrente Rabbies und dann nehmen Sie einen Weg neben Wiesen und einige Bauernh\u00f6fe.Er<\/li>\n<li style=\"text-align: left;\">reichen Sie die Br\u00fccke und folgen Sie den Weg, der nach oben f\u00fchrt;<\/li>\n<li style=\"text-align: left;\">Nach dem \u00dcberqueren der Br\u00fccke gehen Sie weiter zur Alm Fratte Bassa;<\/li>\n<li style=\"text-align: left;\">Herrliches Aussichtspunkt im Stilfserjoch Nationalpark<\/li>\n<\/ul>\n","protected":false},"excerpt":{"rendered":"<p>Nur wenige Minuten vom Alpen Hotel Rabbi entfernt 100 Meter lang; 60 Meter hoch mit einer spektakul\u00e4ren und einzigartigen Aussicht; Abgangspunkt: Parkplatz Al Plan; Nach einem kleinen Stall \u00fcberqueren Sie die Torrente Rabbies und dann nehmen Sie einen Weg neben Wiesen und einige Bauernh\u00f6fe.Er reichen Sie die Br\u00fccke und folgen Sie den Weg, der nach [&hellip;]<\/p>\n","protected":false},"author":11,"featured_media":0,"parent":550,"menu_order":73,"comment_status":"closed","ping_status":"closed","template":"","meta":{"footnotes":""},"yoast_head":"<!-- This site is optimized with the Yoast SEO plugin v22.3 - https:\/\/yoast.com\/wordpress\/plugins\/seo\/ -->\n<title>H\u00e4ngebr\u00fccke zum Ragaiolo-Wasserfall - Alpen Hotel Rabbi<\/title>\n<meta name=\"description\" content=\"Nur wenige Minuten vom Alpen Hotel Rabbi entfernt    100 Meter lang;  60 Meter hoch mit einer spektakul\u00e4ren und einzigartigen Aussicht;  Abgangspunkt: Parkplatz Al Plan;  Nach einem kleinen Stall \u00fcberqueren Sie die Torrente Rabbies und dann nehmen Sie einen Weg neben Wiesen und einige Bauernh\u00f6fe.Er  reichen Sie die Br\u00fccke und folgen Sie den Weg, der nach oben f\u00fchrt;  Nach dem \u00dcberqueren der Br\u00fccke gehen Sie weiter zur Alm Fratte Bassa;  Herrliches Aussichtspunkt im Stilfserjoch Nationalpark .\" \/>\n<meta name=\"robots\" content=\"index, follow, max-snippet:-1, max-image-preview:large, max-video-preview:-1\" \/>\n<link rel=\"canonical\" href=\"https:\/\/www.alpenhotelrabbi.it\/de\/erlebnisse-im-val-di-rabbi\/haengebruecke-zum-ragaiolo-wasserfall\/\" \/>\n<meta property=\"og:locale\" content=\"de_DE\" \/>\n<meta property=\"og:type\" content=\"article\" \/>\n<meta property=\"og:title\" content=\"H\u00e4ngebr\u00fccke zum Ragaiolo-Wasserfall - Alpen Hotel Rabbi\" \/>\n<meta property=\"og:description\" content=\"Nur wenige Minuten vom Alpen Hotel Rabbi entfernt    100 Meter lang;  60 Meter hoch mit einer spektakul\u00e4ren und einzigartigen Aussicht;  Abgangspunkt: Parkplatz Al Plan;  Nach einem kleinen Stall \u00fcberqueren Sie die Torrente Rabbies und dann nehmen Sie einen Weg neben Wiesen und einige Bauernh\u00f6fe.Er  reichen Sie die Br\u00fccke und folgen Sie den Weg, der nach oben f\u00fchrt;  Nach dem \u00dcberqueren der Br\u00fccke gehen Sie weiter zur Alm Fratte Bassa;  Herrliches Aussichtspunkt im Stilfserjoch Nationalpark .\" \/>\n<meta property=\"og:url\" content=\"https:\/\/www.alpenhotelrabbi.it\/de\/erlebnisse-im-val-di-rabbi\/haengebruecke-zum-ragaiolo-wasserfall\/\" \/>\n<meta property=\"og:site_name\" content=\"Alpen Hotel Rabbi\" \/>\n<meta property=\"article:modified_time\" content=\"2023-05-04T17:13:55+00:00\" \/>\n<meta name=\"twitter:card\" content=\"summary_large_image\" \/>\n<meta name=\"twitter:label1\" content=\"Gesch\u00e4tzte Lesezeit\" \/>\n\t<meta name=\"twitter:data1\" content=\"1 Minute\" \/>\n<script type=\"application\/ld+json\" class=\"yoast-schema-graph\">{\"@context\":\"https:\/\/schema.org\",\"@graph\":[{\"@type\":\"WebPage\",\"@id\":\"https:\/\/www.alpenhotelrabbi.it\/de\/erlebnisse-im-val-di-rabbi\/haengebruecke-zum-ragaiolo-wasserfall\/\",\"url\":\"https:\/\/www.alpenhotelrabbi.it\/de\/erlebnisse-im-val-di-rabbi\/haengebruecke-zum-ragaiolo-wasserfall\/\",\"name\":\"H\u00e4ngebr\u00fccke zum Ragaiolo-Wasserfall - Alpen Hotel Rabbi\",\"isPartOf\":{\"@id\":\"https:\/\/www.alpenhotelrabbi.it\/de\/#website\"},\"datePublished\":\"2023-04-26T10:36:22+00:00\",\"dateModified\":\"2023-05-04T17:13:55+00:00\",\"description\":\"Nur wenige Minuten vom Alpen Hotel Rabbi entfernt \u2022 100 Meter lang; \u2022 60 Meter hoch mit einer spektakul\u00e4ren und einzigartigen Aussicht; \u2022 Abgangspunkt: Parkplatz Al Plan; \u2022 Nach einem kleinen Stall \u00fcberqueren Sie die Torrente Rabbies und dann nehmen Sie einen Weg neben Wiesen und einige Bauernh\u00f6fe.Er \u2022 reichen Sie die Br\u00fccke und folgen Sie den Weg, der nach oben f\u00fchrt; \u2022 Nach dem \u00dcberqueren der Br\u00fccke gehen Sie weiter zur Alm Fratte Bassa; \u2022 Herrliches Aussichtspunkt im Stilfserjoch Nationalpark .\",\"breadcrumb\":{\"@id\":\"https:\/\/www.alpenhotelrabbi.it\/de\/erlebnisse-im-val-di-rabbi\/haengebruecke-zum-ragaiolo-wasserfall\/#breadcrumb\"},\"inLanguage\":\"de-DE\",\"potentialAction\":[{\"@type\":\"ReadAction\",\"target\":[\"https:\/\/www.alpenhotelrabbi.it\/de\/erlebnisse-im-val-di-rabbi\/haengebruecke-zum-ragaiolo-wasserfall\/\"]}]},{\"@type\":\"BreadcrumbList\",\"@id\":\"https:\/\/www.alpenhotelrabbi.it\/de\/erlebnisse-im-val-di-rabbi\/haengebruecke-zum-ragaiolo-wasserfall\/#breadcrumb\",\"itemListElement\":[{\"@type\":\"ListItem\",\"position\":1,\"name\":\"Home\",\"item\":\"https:\/\/www.alpenhotelrabbi.it\/de\/\"},{\"@type\":\"ListItem\",\"position\":2,\"name\":\"Erlebnisse im Val di Rabbi\",\"item\":\"https:\/\/www.alpenhotelrabbi.it\/de\/erlebnisse-im-val-di-rabbi\/\"},{\"@type\":\"ListItem\",\"position\":3,\"name\":\"H\u00e4ngebr\u00fccke zum Ragaiolo-Wasserfall\"}]},{\"@type\":\"WebSite\",\"@id\":\"https:\/\/www.alpenhotelrabbi.it\/de\/#website\",\"url\":\"https:\/\/www.alpenhotelrabbi.it\/de\/\",\"name\":\"Alpen Hotel Rabbi\",\"description\":\"\",\"potentialAction\":[{\"@type\":\"SearchAction\",\"target\":{\"@type\":\"EntryPoint\",\"urlTemplate\":\"https:\/\/www.alpenhotelrabbi.it\/de\/?s={search_term_string}\"},\"query-input\":\"required name=search_term_string\"}],\"inLanguage\":\"de-DE\"}]}<\/script>\n<!-- \/ Yoast SEO plugin. -->","yoast_head_json":{"title":"H\u00e4ngebr\u00fccke zum Ragaiolo-Wasserfall - Alpen Hotel Rabbi","description":"Nur wenige Minuten vom Alpen Hotel Rabbi entfernt    100 Meter lang;  60 Meter hoch mit einer spektakul\u00e4ren und einzigartigen Aussicht;  Abgangspunkt: Parkplatz Al Plan;  Nach einem kleinen Stall \u00fcberqueren Sie die Torrente Rabbies und dann nehmen Sie einen Weg neben Wiesen und einige Bauernh\u00f6fe.Er  reichen Sie die Br\u00fccke und folgen Sie den Weg, der nach oben f\u00fchrt;  Nach dem \u00dcberqueren der Br\u00fccke gehen Sie weiter zur Alm Fratte Bassa;  Herrliches Aussichtspunkt im Stilfserjoch Nationalpark .","robots":{"index":"index","follow":"follow","max-snippet":"max-snippet:-1","max-image-preview":"max-image-preview:large","max-video-preview":"max-video-preview:-1"},"canonical":"https:\/\/www.alpenhotelrabbi.it\/de\/erlebnisse-im-val-di-rabbi\/haengebruecke-zum-ragaiolo-wasserfall\/","og_locale":"de_DE","og_type":"article","og_title":"H\u00e4ngebr\u00fccke zum Ragaiolo-Wasserfall - Alpen Hotel Rabbi","og_description":"Nur wenige Minuten vom Alpen Hotel Rabbi entfernt    100 Meter lang;  60 Meter hoch mit einer spektakul\u00e4ren und einzigartigen Aussicht;  Abgangspunkt: Parkplatz Al Plan;  Nach einem kleinen Stall \u00fcberqueren Sie die Torrente Rabbies und dann nehmen Sie einen Weg neben Wiesen und einige Bauernh\u00f6fe.Er  reichen Sie die Br\u00fccke und folgen Sie den Weg, der nach oben f\u00fchrt;  Nach dem \u00dcberqueren der Br\u00fccke gehen Sie weiter zur Alm Fratte Bassa;  Herrliches Aussichtspunkt im Stilfserjoch Nationalpark .","og_url":"https:\/\/www.alpenhotelrabbi.it\/de\/erlebnisse-im-val-di-rabbi\/haengebruecke-zum-ragaiolo-wasserfall\/","og_site_name":"Alpen Hotel Rabbi","article_modified_time":"2023-05-04T17:13:55+00:00","twitter_card":"summary_large_image","twitter_misc":{"Gesch\u00e4tzte Lesezeit":"1 Minute"},"schema":{"@context":"https:\/\/schema.org","@graph":[{"@type":"WebPage","@id":"https:\/\/www.alpenhotelrabbi.it\/de\/erlebnisse-im-val-di-rabbi\/haengebruecke-zum-ragaiolo-wasserfall\/","url":"https:\/\/www.alpenhotelrabbi.it\/de\/erlebnisse-im-val-di-rabbi\/haengebruecke-zum-ragaiolo-wasserfall\/","name":"H\u00e4ngebr\u00fccke zum Ragaiolo-Wasserfall - Alpen Hotel Rabbi","isPartOf":{"@id":"https:\/\/www.alpenhotelrabbi.it\/de\/#website"},"datePublished":"2023-04-26T10:36:22+00:00","dateModified":"2023-05-04T17:13:55+00:00","description":"Nur wenige Minuten vom Alpen Hotel Rabbi entfernt \u2022 100 Meter lang; \u2022 60 Meter hoch mit einer spektakul\u00e4ren und einzigartigen Aussicht; \u2022 Abgangspunkt: Parkplatz Al Plan; \u2022 Nach einem kleinen Stall \u00fcberqueren Sie die Torrente Rabbies und dann nehmen Sie einen Weg neben Wiesen und einige Bauernh\u00f6fe.Er \u2022 reichen Sie die Br\u00fccke und folgen Sie den Weg, der nach oben f\u00fchrt; \u2022 Nach dem \u00dcberqueren der Br\u00fccke gehen Sie weiter zur Alm Fratte Bassa; \u2022 Herrliches Aussichtspunkt im Stilfserjoch Nationalpark .","breadcrumb":{"@id":"https:\/\/www.alpenhotelrabbi.it\/de\/erlebnisse-im-val-di-rabbi\/haengebruecke-zum-ragaiolo-wasserfall\/#breadcrumb"},"inLanguage":"de-DE","potentialAction":[{"@type":"ReadAction","target":["https:\/\/www.alpenhotelrabbi.it\/de\/erlebnisse-im-val-di-rabbi\/haengebruecke-zum-ragaiolo-wasserfall\/"]}]},{"@type":"BreadcrumbList","@id":"https:\/\/www.alpenhotelrabbi.it\/de\/erlebnisse-im-val-di-rabbi\/haengebruecke-zum-ragaiolo-wasserfall\/#breadcrumb","itemListElement":[{"@type":"ListItem","position":1,"name":"Home","item":"https:\/\/www.alpenhotelrabbi.it\/de\/"},{"@type":"ListItem","position":2,"name":"Erlebnisse im Val di Rabbi","item":"https:\/\/www.alpenhotelrabbi.it\/de\/erlebnisse-im-val-di-rabbi\/"},{"@type":"ListItem","position":3,"name":"H\u00e4ngebr\u00fccke zum Ragaiolo-Wasserfall"}]},{"@type":"WebSite","@id":"https:\/\/www.alpenhotelrabbi.it\/de\/#website","url":"https:\/\/www.alpenhotelrabbi.it\/de\/","name":"Alpen Hotel Rabbi","description":"","potentialAction":[{"@type":"SearchAction","target":{"@type":"EntryPoint","urlTemplate":"https:\/\/www.alpenhotelrabbi.it\/de\/?s={search_term_string}"},"query-input":"required name=search_term_string"}],"inLanguage":"de-DE"}]}},"acf":[],"_links":{"self":[{"href":"https:\/\/www.alpenhotelrabbi.it\/de\/wp-json\/wp\/v2\/pages\/596"}],"collection":[{"href":"https:\/\/www.alpenhotelrabbi.it\/de\/wp-json\/wp\/v2\/pages"}],"about":[{"href":"https:\/\/www.alpenhotelrabbi.it\/de\/wp-json\/wp\/v2\/types\/page"}],"author":[{"embeddable":true,"href":"https:\/\/www.alpenhotelrabbi.it\/de\/wp-json\/wp\/v2\/users\/11"}],"replies":[{"embeddable":true,"href":"https:\/\/www.alpenhotelrabbi.it\/de\/wp-json\/wp\/v2\/comments?post=596"}],"version-history":[{"count":0,"href":"https:\/\/www.alpenhotelrabbi.it\/de\/wp-json\/wp\/v2\/pages\/596\/revisions"}],"up":[{"embeddable":true,"href":"https:\/\/www.alpenhotelrabbi.it\/de\/wp-json\/wp\/v2\/pages\/550"}],"wp:attachment":[{"href":"https:\/\/www.alpenhotelrabbi.it\/de\/wp-json\/wp\/v2\/media?parent=596"}],"curies":[{"name":"wp","href":"https:\/\/api.w.org\/{rel}","templated":true}]}}