{"id":594,"date":"2023-04-15T17:28:38","date_gmt":"2023-04-15T17:28:38","guid":{"rendered":"https:\/\/alpenhotelrabbisequoia.ms2.decms.eu\/esperienze-in-val-di-rabbi\/lago-delle-malghette\/"},"modified":"2023-05-04T17:12:04","modified_gmt":"2023-05-04T17:12:04","slug":"malghette-see","status":"publish","type":"page","link":"https:\/\/www.alpenhotelrabbi.it\/de\/erlebnisse-im-val-di-rabbi\/malghette-see\/","title":{"rendered":"Malghette See"},"content":{"rendered":"<p><strong>UNESCO World Heritage:<\/strong><\/p>\n<ul>\n<li><span lang=\"de-DE\">Ein paar Kilometer vom Alpen Hotel Rabbi entfernt befindet sich ein herrlicher See in den Brenta-Dolomiten, ein UNESCO-Weltkulturerbe.<\/span><\/li>\n<li><span lang=\"de-DE\">Abgangspunkt: Dimaro Folgarida Alm (wo Sie K\u00e4se kaufen und frische Schlagsahne mit Beeren kosten k\u00f6nnen);<\/span><\/li>\n<li><span lang=\"de-DE\">Der leichte Weg im Wald beginnt neben der H\u00fctte und bietet einen herrlichen Blick auf die Brentadolomiten.<\/span><\/li>\n<li><span lang=\"de-DE\">Sie erreichen Vigo Alm und dann den Malghette See und die Schutzh\u00fctte.<\/span><\/li>\n<li><span lang=\"de-DE\">Gehzeit ca. zwei Stunden hin und zur\u00fcck;<\/span><\/li>\n<li><span lang=\"de-DE\">H\u00f6henunterschied: ca. 200 Meter.<\/span><\/li>\n<\/ul>\n","protected":false},"excerpt":{"rendered":"<p>UNESCO World Heritage: Ein paar Kilometer vom Alpen Hotel Rabbi entfernt befindet sich ein herrlicher See in den Brenta-Dolomiten, ein UNESCO-Weltkulturerbe. Abgangspunkt: Dimaro Folgarida Alm (wo Sie K\u00e4se kaufen und frische Schlagsahne mit Beeren kosten k\u00f6nnen); Der leichte Weg im Wald beginnt neben der H\u00fctte und bietet einen herrlichen Blick auf die Brentadolomiten. Sie erreichen [&hellip;]<\/p>\n","protected":false},"author":11,"featured_media":0,"parent":550,"menu_order":72,"comment_status":"closed","ping_status":"closed","template":"","meta":{"footnotes":""},"class_list":["post-594","page","type-page","status-publish","hentry"],"yoast_head":"<!-- This site is optimized with the Yoast SEO plugin v27.3 - https:\/\/yoast.com\/product\/yoast-seo-wordpress\/ -->\n<title>Malghette See - Alpen Hotel Rabbi<\/title>\n<meta name=\"description\" content=\"UNESCO World Heritage:   Ein paar Kilometer vom Alpen Hotel Rabbi entfernt befindet sich ein herrlicher See in den Brenta-Dolomiten, ein UNESCO-Weltkulturerbe.  Abgangspunkt: Dimaro Folgarida Alm (wo Sie K\u00e4se kaufen und frische Schlagsahne mit Beeren kosten k\u00f6nnen);  Der leichte Weg im Wald beginnt neben der H\u00fctte und bietet einen herrlichen Blick auf die Brentadolomiten.  Sie erreichen Vigo Alm und dann den Malghette See und die Schutzh\u00fctte.  Gehzeit ca. zwei Stunden hin und zur\u00fcck;  H\u00f6henunterschied: ca\" \/>\n<meta name=\"robots\" content=\"index, follow, max-snippet:-1, max-image-preview:large, max-video-preview:-1\" \/>\n<link rel=\"canonical\" href=\"https:\/\/www.alpenhotelrabbi.it\/de\/erlebnisse-im-val-di-rabbi\/malghette-see\/\" \/>\n<meta property=\"og:locale\" content=\"de_DE\" \/>\n<meta property=\"og:type\" content=\"article\" \/>\n<meta property=\"og:title\" content=\"Malghette See - Alpen Hotel Rabbi\" \/>\n<meta property=\"og:description\" content=\"UNESCO World Heritage:   Ein paar Kilometer vom Alpen Hotel Rabbi entfernt befindet sich ein herrlicher See in den Brenta-Dolomiten, ein UNESCO-Weltkulturerbe.  Abgangspunkt: Dimaro Folgarida Alm (wo Sie K\u00e4se kaufen und frische Schlagsahne mit Beeren kosten k\u00f6nnen);  Der leichte Weg im Wald beginnt neben der H\u00fctte und bietet einen herrlichen Blick auf die Brentadolomiten.  Sie erreichen Vigo Alm und dann den Malghette See und die Schutzh\u00fctte.  Gehzeit ca. zwei Stunden hin und zur\u00fcck;  H\u00f6henunterschied: ca\" \/>\n<meta property=\"og:url\" content=\"https:\/\/www.alpenhotelrabbi.it\/de\/erlebnisse-im-val-di-rabbi\/malghette-see\/\" \/>\n<meta property=\"og:site_name\" content=\"Alpen Hotel Rabbi\" \/>\n<meta property=\"article:modified_time\" content=\"2023-05-04T17:12:04+00:00\" \/>\n<meta name=\"twitter:card\" content=\"summary_large_image\" \/>\n<meta name=\"twitter:label1\" content=\"Gesch\u00e4tzte Lesezeit\" \/>\n\t<meta name=\"twitter:data1\" content=\"1 Minute\" \/>\n<script type=\"application\/ld+json\" class=\"yoast-schema-graph\">{\"@context\":\"https:\\\/\\\/schema.org\",\"@graph\":[{\"@type\":\"WebPage\",\"@id\":\"https:\\\/\\\/www.alpenhotelrabbi.it\\\/de\\\/erlebnisse-im-val-di-rabbi\\\/malghette-see\\\/\",\"url\":\"https:\\\/\\\/www.alpenhotelrabbi.it\\\/de\\\/erlebnisse-im-val-di-rabbi\\\/malghette-see\\\/\",\"name\":\"Malghette See - Alpen Hotel Rabbi\",\"isPartOf\":{\"@id\":\"https:\\\/\\\/www.alpenhotelrabbi.it\\\/de\\\/#website\"},\"datePublished\":\"2023-04-15T17:28:38+00:00\",\"dateModified\":\"2023-05-04T17:12:04+00:00\",\"description\":\"UNESCO World Heritage: \u2022 Ein paar Kilometer vom Alpen Hotel Rabbi entfernt befindet sich ein herrlicher See in den Brenta-Dolomiten, ein UNESCO-Weltkulturerbe. \u2022 Abgangspunkt: Dimaro Folgarida Alm (wo Sie K\u00e4se kaufen und frische Schlagsahne mit Beeren kosten k\u00f6nnen); \u2022 Der leichte Weg im Wald beginnt neben der H\u00fctte und bietet einen herrlichen Blick auf die Brentadolomiten. \u2022 Sie erreichen Vigo Alm und dann den Malghette See und die Schutzh\u00fctte. \u2022 Gehzeit ca. zwei Stunden hin und zur\u00fcck; \u2022 H\u00f6henunterschied: ca\",\"breadcrumb\":{\"@id\":\"https:\\\/\\\/www.alpenhotelrabbi.it\\\/de\\\/erlebnisse-im-val-di-rabbi\\\/malghette-see\\\/#breadcrumb\"},\"inLanguage\":\"de-DE\",\"potentialAction\":[{\"@type\":\"ReadAction\",\"target\":[\"https:\\\/\\\/www.alpenhotelrabbi.it\\\/de\\\/erlebnisse-im-val-di-rabbi\\\/malghette-see\\\/\"]}]},{\"@type\":\"BreadcrumbList\",\"@id\":\"https:\\\/\\\/www.alpenhotelrabbi.it\\\/de\\\/erlebnisse-im-val-di-rabbi\\\/malghette-see\\\/#breadcrumb\",\"itemListElement\":[{\"@type\":\"ListItem\",\"position\":1,\"name\":\"Home\",\"item\":\"https:\\\/\\\/www.alpenhotelrabbi.it\\\/de\\\/\"},{\"@type\":\"ListItem\",\"position\":2,\"name\":\"Erlebnisse im Val di Rabbi\",\"item\":\"https:\\\/\\\/www.alpenhotelrabbi.it\\\/de\\\/erlebnisse-im-val-di-rabbi\\\/\"},{\"@type\":\"ListItem\",\"position\":3,\"name\":\"Malghette See\"}]},{\"@type\":\"WebSite\",\"@id\":\"https:\\\/\\\/www.alpenhotelrabbi.it\\\/de\\\/#website\",\"url\":\"https:\\\/\\\/www.alpenhotelrabbi.it\\\/de\\\/\",\"name\":\"Alpen Hotel Rabbi\",\"description\":\"\",\"potentialAction\":[{\"@type\":\"SearchAction\",\"target\":{\"@type\":\"EntryPoint\",\"urlTemplate\":\"https:\\\/\\\/www.alpenhotelrabbi.it\\\/de\\\/?s={search_term_string}\"},\"query-input\":{\"@type\":\"PropertyValueSpecification\",\"valueRequired\":true,\"valueName\":\"search_term_string\"}}],\"inLanguage\":\"de-DE\"}]}<\/script>\n<!-- \/ Yoast SEO plugin. -->","yoast_head_json":{"title":"Malghette See - Alpen Hotel Rabbi","description":"UNESCO World Heritage:   Ein paar Kilometer vom Alpen Hotel Rabbi entfernt befindet sich ein herrlicher See in den Brenta-Dolomiten, ein UNESCO-Weltkulturerbe.  Abgangspunkt: Dimaro Folgarida Alm (wo Sie K\u00e4se kaufen und frische Schlagsahne mit Beeren kosten k\u00f6nnen);  Der leichte Weg im Wald beginnt neben der H\u00fctte und bietet einen herrlichen Blick auf die Brentadolomiten.  Sie erreichen Vigo Alm und dann den Malghette See und die Schutzh\u00fctte.  Gehzeit ca. zwei Stunden hin und zur\u00fcck;  H\u00f6henunterschied: ca","robots":{"index":"index","follow":"follow","max-snippet":"max-snippet:-1","max-image-preview":"max-image-preview:large","max-video-preview":"max-video-preview:-1"},"canonical":"https:\/\/www.alpenhotelrabbi.it\/de\/erlebnisse-im-val-di-rabbi\/malghette-see\/","og_locale":"de_DE","og_type":"article","og_title":"Malghette See - Alpen Hotel Rabbi","og_description":"UNESCO World Heritage:   Ein paar Kilometer vom Alpen Hotel Rabbi entfernt befindet sich ein herrlicher See in den Brenta-Dolomiten, ein UNESCO-Weltkulturerbe.  Abgangspunkt: Dimaro Folgarida Alm (wo Sie K\u00e4se kaufen und frische Schlagsahne mit Beeren kosten k\u00f6nnen);  Der leichte Weg im Wald beginnt neben der H\u00fctte und bietet einen herrlichen Blick auf die Brentadolomiten.  Sie erreichen Vigo Alm und dann den Malghette See und die Schutzh\u00fctte.  Gehzeit ca. zwei Stunden hin und zur\u00fcck;  H\u00f6henunterschied: ca","og_url":"https:\/\/www.alpenhotelrabbi.it\/de\/erlebnisse-im-val-di-rabbi\/malghette-see\/","og_site_name":"Alpen Hotel Rabbi","article_modified_time":"2023-05-04T17:12:04+00:00","twitter_card":"summary_large_image","twitter_misc":{"Gesch\u00e4tzte Lesezeit":"1 Minute"},"schema":{"@context":"https:\/\/schema.org","@graph":[{"@type":"WebPage","@id":"https:\/\/www.alpenhotelrabbi.it\/de\/erlebnisse-im-val-di-rabbi\/malghette-see\/","url":"https:\/\/www.alpenhotelrabbi.it\/de\/erlebnisse-im-val-di-rabbi\/malghette-see\/","name":"Malghette See - Alpen Hotel Rabbi","isPartOf":{"@id":"https:\/\/www.alpenhotelrabbi.it\/de\/#website"},"datePublished":"2023-04-15T17:28:38+00:00","dateModified":"2023-05-04T17:12:04+00:00","description":"UNESCO World Heritage: \u2022 Ein paar Kilometer vom Alpen Hotel Rabbi entfernt befindet sich ein herrlicher See in den Brenta-Dolomiten, ein UNESCO-Weltkulturerbe. \u2022 Abgangspunkt: Dimaro Folgarida Alm (wo Sie K\u00e4se kaufen und frische Schlagsahne mit Beeren kosten k\u00f6nnen); \u2022 Der leichte Weg im Wald beginnt neben der H\u00fctte und bietet einen herrlichen Blick auf die Brentadolomiten. \u2022 Sie erreichen Vigo Alm und dann den Malghette See und die Schutzh\u00fctte. \u2022 Gehzeit ca. zwei Stunden hin und zur\u00fcck; \u2022 H\u00f6henunterschied: ca","breadcrumb":{"@id":"https:\/\/www.alpenhotelrabbi.it\/de\/erlebnisse-im-val-di-rabbi\/malghette-see\/#breadcrumb"},"inLanguage":"de-DE","potentialAction":[{"@type":"ReadAction","target":["https:\/\/www.alpenhotelrabbi.it\/de\/erlebnisse-im-val-di-rabbi\/malghette-see\/"]}]},{"@type":"BreadcrumbList","@id":"https:\/\/www.alpenhotelrabbi.it\/de\/erlebnisse-im-val-di-rabbi\/malghette-see\/#breadcrumb","itemListElement":[{"@type":"ListItem","position":1,"name":"Home","item":"https:\/\/www.alpenhotelrabbi.it\/de\/"},{"@type":"ListItem","position":2,"name":"Erlebnisse im Val di Rabbi","item":"https:\/\/www.alpenhotelrabbi.it\/de\/erlebnisse-im-val-di-rabbi\/"},{"@type":"ListItem","position":3,"name":"Malghette See"}]},{"@type":"WebSite","@id":"https:\/\/www.alpenhotelrabbi.it\/de\/#website","url":"https:\/\/www.alpenhotelrabbi.it\/de\/","name":"Alpen Hotel Rabbi","description":"","potentialAction":[{"@type":"SearchAction","target":{"@type":"EntryPoint","urlTemplate":"https:\/\/www.alpenhotelrabbi.it\/de\/?s={search_term_string}"},"query-input":{"@type":"PropertyValueSpecification","valueRequired":true,"valueName":"search_term_string"}}],"inLanguage":"de-DE"}]}},"acf":[],"_links":{"self":[{"href":"https:\/\/www.alpenhotelrabbi.it\/de\/wp-json\/wp\/v2\/pages\/594","targetHints":{"allow":["GET"]}}],"collection":[{"href":"https:\/\/www.alpenhotelrabbi.it\/de\/wp-json\/wp\/v2\/pages"}],"about":[{"href":"https:\/\/www.alpenhotelrabbi.it\/de\/wp-json\/wp\/v2\/types\/page"}],"author":[{"embeddable":true,"href":"https:\/\/www.alpenhotelrabbi.it\/de\/wp-json\/wp\/v2\/users\/11"}],"replies":[{"embeddable":true,"href":"https:\/\/www.alpenhotelrabbi.it\/de\/wp-json\/wp\/v2\/comments?post=594"}],"version-history":[{"count":0,"href":"https:\/\/www.alpenhotelrabbi.it\/de\/wp-json\/wp\/v2\/pages\/594\/revisions"}],"up":[{"embeddable":true,"href":"https:\/\/www.alpenhotelrabbi.it\/de\/wp-json\/wp\/v2\/pages\/550"}],"wp:attachment":[{"href":"https:\/\/www.alpenhotelrabbi.it\/de\/wp-json\/wp\/v2\/media?parent=594"}],"curies":[{"name":"wp","href":"https:\/\/api.w.org\/{rel}","templated":true}]}}