{"id":592,"date":"2023-04-15T17:28:13","date_gmt":"2023-04-15T17:28:13","guid":{"rendered":"https:\/\/alpenhotelrabbisequoia.ms2.decms.eu\/esperienze-in-val-di-rabbi\/ecomuseo-val-meledrio\/"},"modified":"2023-05-18T09:37:07","modified_gmt":"2023-05-18T09:37:07","slug":"oekomuseum-val-meledrio-in-dimaro-folgarida-im-val-di-sole","status":"publish","type":"page","link":"https:\/\/www.alpenhotelrabbi.it\/de\/erlebnisse-im-val-di-rabbi\/oekomuseum-val-meledrio-in-dimaro-folgarida-im-val-di-sole\/","title":{"rendered":"\u00d6komuseum Val Meledrio in Dimaro Folgarida im Val di Sole"},"content":{"rendered":"<ul>\n<li style=\"text-align: left;\">Historischer Pfad: Der Habsburger Hof mit Franz Joseph und Prinzessin Sissi durchquerte ihn auf dem Weg nach Madonna di Campiglio zum Urlaub.<\/li>\n<li style=\"text-align: left;\">Das Tal ist voller Zeugnisse der vielf\u00e4ltigen wirtschaftlichen Aktivit\u00e4ten vor Ort.<\/li>\n<li style=\"text-align: left;\">Der Weg beginnt mit der venezianischen S\u00e4ge zur Holzverarbeitung;<\/li>\n<li style=\"text-align: left;\">dann gelangt man zur Schmiede, wo ein mit Wasserkraft betriebener Hammer das gl\u00fchende Eisen bearbeitet.<\/li>\n<li style=\"text-align: left;\">Es folgt der Kalkofen, wo Kalk hergestellt wurde.<\/li>\n<li style=\"text-align: left;\">Auf dem Doss di Santa Brigida wurden arch\u00e4ologische \u00dcberreste eines Hospizes und einer Kapelle gefunden.<\/li>\n<li style=\"text-align: left;\">Dann geht es weiter zur Br\u00fccke Pont del Pastin und den Wasserf\u00e4llen von Pison.<\/li>\n<li style=\"text-align: left;\">Der Weg f\u00fchrt bis nach Campo Carlo Magno und kann zu Fu\u00df oder mit dem Mountainbike von erfahreneren Personen zur\u00fcckgelegt werden.<\/li>\n<\/ul>\n","protected":false},"excerpt":{"rendered":"<p>Historischer Pfad: Der Habsburger Hof mit Franz Joseph und Prinzessin Sissi durchquerte ihn auf dem Weg nach Madonna di Campiglio zum Urlaub. Das Tal ist voller Zeugnisse der vielf\u00e4ltigen wirtschaftlichen Aktivit\u00e4ten vor Ort. Der Weg beginnt mit der venezianischen S\u00e4ge zur Holzverarbeitung; dann gelangt man zur Schmiede, wo ein mit Wasserkraft betriebener Hammer das gl\u00fchende [&hellip;]<\/p>\n","protected":false},"author":11,"featured_media":0,"parent":550,"menu_order":71,"comment_status":"closed","ping_status":"closed","template":"","meta":{"footnotes":""},"yoast_head":"<!-- This site is optimized with the Yoast SEO plugin v22.3 - https:\/\/yoast.com\/wordpress\/plugins\/seo\/ -->\n<title>\u00d6komuseum Val Meledrio in Dimaro Folgarida im Val di Sole - Alpen Hotel Rabbi<\/title>\n<meta name=\"description\" content=\"Historischer Pfad: Der Habsburger Hof mit Franz Joseph und Prinzessin Sissi durchquerte ihn auf dem Weg nach Madonna di Campiglio zum Urlaub.  Das Tal ist voller Zeugnisse der vielf\u00e4ltigen wirtschaftlichen Aktivit\u00e4ten vor Ort.  Der Weg beginnt mit der venezianischen S\u00e4ge zur Holzverarbeitung;  dann gelangt man zur Schmiede, wo ein mit Wasserkraft betriebener Hammer das gl\u00fchende Eisen bearbeitet.  Es folgt der Kalkofen, wo Kalk hergestellt wurde.  Auf dem Doss di Santa Brigida wurden arch\u00e4ologische \u00dcberreste eines Hospizes und einer Kapelle gefunden.  Dann geht es weiter zur Br\u00fccke Pont del Pastin und den Wasserf\u00e4llen von Pison.  Der Weg f\u00fchrt bis nach Campo Carlo Magno und kann zu Fu\u00df oder mit dem Mountainbike von erfahreneren Personen zur\u00fcckgelegt werden. .\" \/>\n<meta name=\"robots\" content=\"index, follow, max-snippet:-1, max-image-preview:large, max-video-preview:-1\" \/>\n<link rel=\"canonical\" href=\"https:\/\/www.alpenhotelrabbi.it\/de\/erlebnisse-im-val-di-rabbi\/oekomuseum-val-meledrio-in-dimaro-folgarida-im-val-di-sole\/\" \/>\n<meta property=\"og:locale\" content=\"de_DE\" \/>\n<meta property=\"og:type\" content=\"article\" \/>\n<meta property=\"og:title\" content=\"\u00d6komuseum Val Meledrio in Dimaro Folgarida im Val di Sole - Alpen Hotel Rabbi\" \/>\n<meta property=\"og:description\" content=\"Historischer Pfad: Der Habsburger Hof mit Franz Joseph und Prinzessin Sissi durchquerte ihn auf dem Weg nach Madonna di Campiglio zum Urlaub.  Das Tal ist voller Zeugnisse der vielf\u00e4ltigen wirtschaftlichen Aktivit\u00e4ten vor Ort.  Der Weg beginnt mit der venezianischen S\u00e4ge zur Holzverarbeitung;  dann gelangt man zur Schmiede, wo ein mit Wasserkraft betriebener Hammer das gl\u00fchende Eisen bearbeitet.  Es folgt der Kalkofen, wo Kalk hergestellt wurde.  Auf dem Doss di Santa Brigida wurden arch\u00e4ologische \u00dcberreste eines Hospizes und einer Kapelle gefunden.  Dann geht es weiter zur Br\u00fccke Pont del Pastin und den Wasserf\u00e4llen von Pison.  Der Weg f\u00fchrt bis nach Campo Carlo Magno und kann zu Fu\u00df oder mit dem Mountainbike von erfahreneren Personen zur\u00fcckgelegt werden. .\" \/>\n<meta property=\"og:url\" content=\"https:\/\/www.alpenhotelrabbi.it\/de\/erlebnisse-im-val-di-rabbi\/oekomuseum-val-meledrio-in-dimaro-folgarida-im-val-di-sole\/\" \/>\n<meta property=\"og:site_name\" content=\"Alpen Hotel Rabbi\" \/>\n<meta property=\"article:modified_time\" content=\"2023-05-18T09:37:07+00:00\" \/>\n<meta name=\"twitter:card\" content=\"summary_large_image\" \/>\n<meta name=\"twitter:label1\" content=\"Gesch\u00e4tzte Lesezeit\" \/>\n\t<meta name=\"twitter:data1\" content=\"1 Minute\" \/>\n<script type=\"application\/ld+json\" class=\"yoast-schema-graph\">{\"@context\":\"https:\/\/schema.org\",\"@graph\":[{\"@type\":\"WebPage\",\"@id\":\"https:\/\/www.alpenhotelrabbi.it\/de\/erlebnisse-im-val-di-rabbi\/oekomuseum-val-meledrio-in-dimaro-folgarida-im-val-di-sole\/\",\"url\":\"https:\/\/www.alpenhotelrabbi.it\/de\/erlebnisse-im-val-di-rabbi\/oekomuseum-val-meledrio-in-dimaro-folgarida-im-val-di-sole\/\",\"name\":\"\u00d6komuseum Val Meledrio in Dimaro Folgarida im Val di Sole - Alpen Hotel Rabbi\",\"isPartOf\":{\"@id\":\"https:\/\/www.alpenhotelrabbi.it\/de\/#website\"},\"datePublished\":\"2023-04-15T17:28:13+00:00\",\"dateModified\":\"2023-05-18T09:37:07+00:00\",\"description\":\"\u2022 Historischer Pfad: Der Habsburger Hof mit Franz Joseph und Prinzessin Sissi durchquerte ihn auf dem Weg nach Madonna di Campiglio zum Urlaub. \u2022 Das Tal ist voller Zeugnisse der vielf\u00e4ltigen wirtschaftlichen Aktivit\u00e4ten vor Ort. \u2022 Der Weg beginnt mit der venezianischen S\u00e4ge zur Holzverarbeitung; \u2022 dann gelangt man zur Schmiede, wo ein mit Wasserkraft betriebener Hammer das gl\u00fchende Eisen bearbeitet. \u2022 Es folgt der Kalkofen, wo Kalk hergestellt wurde. \u2022 Auf dem Doss di Santa Brigida wurden arch\u00e4ologische \u00dcberreste eines Hospizes und einer Kapelle gefunden. \u2022 Dann geht es weiter zur Br\u00fccke Pont del Pastin und den Wasserf\u00e4llen von Pison. \u2022 Der Weg f\u00fchrt bis nach Campo Carlo Magno und kann zu Fu\u00df oder mit dem Mountainbike von erfahreneren Personen zur\u00fcckgelegt werden. .\",\"breadcrumb\":{\"@id\":\"https:\/\/www.alpenhotelrabbi.it\/de\/erlebnisse-im-val-di-rabbi\/oekomuseum-val-meledrio-in-dimaro-folgarida-im-val-di-sole\/#breadcrumb\"},\"inLanguage\":\"de-DE\",\"potentialAction\":[{\"@type\":\"ReadAction\",\"target\":[\"https:\/\/www.alpenhotelrabbi.it\/de\/erlebnisse-im-val-di-rabbi\/oekomuseum-val-meledrio-in-dimaro-folgarida-im-val-di-sole\/\"]}]},{\"@type\":\"BreadcrumbList\",\"@id\":\"https:\/\/www.alpenhotelrabbi.it\/de\/erlebnisse-im-val-di-rabbi\/oekomuseum-val-meledrio-in-dimaro-folgarida-im-val-di-sole\/#breadcrumb\",\"itemListElement\":[{\"@type\":\"ListItem\",\"position\":1,\"name\":\"Home\",\"item\":\"https:\/\/www.alpenhotelrabbi.it\/de\/\"},{\"@type\":\"ListItem\",\"position\":2,\"name\":\"Erlebnisse im Val di Rabbi\",\"item\":\"https:\/\/www.alpenhotelrabbi.it\/de\/erlebnisse-im-val-di-rabbi\/\"},{\"@type\":\"ListItem\",\"position\":3,\"name\":\"\u00d6komuseum Val Meledrio in Dimaro Folgarida im Val di Sole\"}]},{\"@type\":\"WebSite\",\"@id\":\"https:\/\/www.alpenhotelrabbi.it\/de\/#website\",\"url\":\"https:\/\/www.alpenhotelrabbi.it\/de\/\",\"name\":\"Alpen Hotel Rabbi\",\"description\":\"\",\"potentialAction\":[{\"@type\":\"SearchAction\",\"target\":{\"@type\":\"EntryPoint\",\"urlTemplate\":\"https:\/\/www.alpenhotelrabbi.it\/de\/?s={search_term_string}\"},\"query-input\":\"required name=search_term_string\"}],\"inLanguage\":\"de-DE\"}]}<\/script>\n<!-- \/ Yoast SEO plugin. -->","yoast_head_json":{"title":"\u00d6komuseum Val Meledrio in Dimaro Folgarida im Val di Sole - Alpen Hotel Rabbi","description":"Historischer Pfad: Der Habsburger Hof mit Franz Joseph und Prinzessin Sissi durchquerte ihn auf dem Weg nach Madonna di Campiglio zum Urlaub.  Das Tal ist voller Zeugnisse der vielf\u00e4ltigen wirtschaftlichen Aktivit\u00e4ten vor Ort.  Der Weg beginnt mit der venezianischen S\u00e4ge zur Holzverarbeitung;  dann gelangt man zur Schmiede, wo ein mit Wasserkraft betriebener Hammer das gl\u00fchende Eisen bearbeitet.  Es folgt der Kalkofen, wo Kalk hergestellt wurde.  Auf dem Doss di Santa Brigida wurden arch\u00e4ologische \u00dcberreste eines Hospizes und einer Kapelle gefunden.  Dann geht es weiter zur Br\u00fccke Pont del Pastin und den Wasserf\u00e4llen von Pison.  Der Weg f\u00fchrt bis nach Campo Carlo Magno und kann zu Fu\u00df oder mit dem Mountainbike von erfahreneren Personen zur\u00fcckgelegt werden. .","robots":{"index":"index","follow":"follow","max-snippet":"max-snippet:-1","max-image-preview":"max-image-preview:large","max-video-preview":"max-video-preview:-1"},"canonical":"https:\/\/www.alpenhotelrabbi.it\/de\/erlebnisse-im-val-di-rabbi\/oekomuseum-val-meledrio-in-dimaro-folgarida-im-val-di-sole\/","og_locale":"de_DE","og_type":"article","og_title":"\u00d6komuseum Val Meledrio in Dimaro Folgarida im Val di Sole - Alpen Hotel Rabbi","og_description":"Historischer Pfad: Der Habsburger Hof mit Franz Joseph und Prinzessin Sissi durchquerte ihn auf dem Weg nach Madonna di Campiglio zum Urlaub.  Das Tal ist voller Zeugnisse der vielf\u00e4ltigen wirtschaftlichen Aktivit\u00e4ten vor Ort.  Der Weg beginnt mit der venezianischen S\u00e4ge zur Holzverarbeitung;  dann gelangt man zur Schmiede, wo ein mit Wasserkraft betriebener Hammer das gl\u00fchende Eisen bearbeitet.  Es folgt der Kalkofen, wo Kalk hergestellt wurde.  Auf dem Doss di Santa Brigida wurden arch\u00e4ologische \u00dcberreste eines Hospizes und einer Kapelle gefunden.  Dann geht es weiter zur Br\u00fccke Pont del Pastin und den Wasserf\u00e4llen von Pison.  Der Weg f\u00fchrt bis nach Campo Carlo Magno und kann zu Fu\u00df oder mit dem Mountainbike von erfahreneren Personen zur\u00fcckgelegt werden. .","og_url":"https:\/\/www.alpenhotelrabbi.it\/de\/erlebnisse-im-val-di-rabbi\/oekomuseum-val-meledrio-in-dimaro-folgarida-im-val-di-sole\/","og_site_name":"Alpen Hotel Rabbi","article_modified_time":"2023-05-18T09:37:07+00:00","twitter_card":"summary_large_image","twitter_misc":{"Gesch\u00e4tzte Lesezeit":"1 Minute"},"schema":{"@context":"https:\/\/schema.org","@graph":[{"@type":"WebPage","@id":"https:\/\/www.alpenhotelrabbi.it\/de\/erlebnisse-im-val-di-rabbi\/oekomuseum-val-meledrio-in-dimaro-folgarida-im-val-di-sole\/","url":"https:\/\/www.alpenhotelrabbi.it\/de\/erlebnisse-im-val-di-rabbi\/oekomuseum-val-meledrio-in-dimaro-folgarida-im-val-di-sole\/","name":"\u00d6komuseum Val Meledrio in Dimaro Folgarida im Val di Sole - Alpen Hotel Rabbi","isPartOf":{"@id":"https:\/\/www.alpenhotelrabbi.it\/de\/#website"},"datePublished":"2023-04-15T17:28:13+00:00","dateModified":"2023-05-18T09:37:07+00:00","description":"\u2022 Historischer Pfad: Der Habsburger Hof mit Franz Joseph und Prinzessin Sissi durchquerte ihn auf dem Weg nach Madonna di Campiglio zum Urlaub. \u2022 Das Tal ist voller Zeugnisse der vielf\u00e4ltigen wirtschaftlichen Aktivit\u00e4ten vor Ort. \u2022 Der Weg beginnt mit der venezianischen S\u00e4ge zur Holzverarbeitung; \u2022 dann gelangt man zur Schmiede, wo ein mit Wasserkraft betriebener Hammer das gl\u00fchende Eisen bearbeitet. \u2022 Es folgt der Kalkofen, wo Kalk hergestellt wurde. \u2022 Auf dem Doss di Santa Brigida wurden arch\u00e4ologische \u00dcberreste eines Hospizes und einer Kapelle gefunden. \u2022 Dann geht es weiter zur Br\u00fccke Pont del Pastin und den Wasserf\u00e4llen von Pison. \u2022 Der Weg f\u00fchrt bis nach Campo Carlo Magno und kann zu Fu\u00df oder mit dem Mountainbike von erfahreneren Personen zur\u00fcckgelegt werden. .","breadcrumb":{"@id":"https:\/\/www.alpenhotelrabbi.it\/de\/erlebnisse-im-val-di-rabbi\/oekomuseum-val-meledrio-in-dimaro-folgarida-im-val-di-sole\/#breadcrumb"},"inLanguage":"de-DE","potentialAction":[{"@type":"ReadAction","target":["https:\/\/www.alpenhotelrabbi.it\/de\/erlebnisse-im-val-di-rabbi\/oekomuseum-val-meledrio-in-dimaro-folgarida-im-val-di-sole\/"]}]},{"@type":"BreadcrumbList","@id":"https:\/\/www.alpenhotelrabbi.it\/de\/erlebnisse-im-val-di-rabbi\/oekomuseum-val-meledrio-in-dimaro-folgarida-im-val-di-sole\/#breadcrumb","itemListElement":[{"@type":"ListItem","position":1,"name":"Home","item":"https:\/\/www.alpenhotelrabbi.it\/de\/"},{"@type":"ListItem","position":2,"name":"Erlebnisse im Val di Rabbi","item":"https:\/\/www.alpenhotelrabbi.it\/de\/erlebnisse-im-val-di-rabbi\/"},{"@type":"ListItem","position":3,"name":"\u00d6komuseum Val Meledrio in Dimaro Folgarida im Val di Sole"}]},{"@type":"WebSite","@id":"https:\/\/www.alpenhotelrabbi.it\/de\/#website","url":"https:\/\/www.alpenhotelrabbi.it\/de\/","name":"Alpen Hotel Rabbi","description":"","potentialAction":[{"@type":"SearchAction","target":{"@type":"EntryPoint","urlTemplate":"https:\/\/www.alpenhotelrabbi.it\/de\/?s={search_term_string}"},"query-input":"required name=search_term_string"}],"inLanguage":"de-DE"}]}},"acf":[],"_links":{"self":[{"href":"https:\/\/www.alpenhotelrabbi.it\/de\/wp-json\/wp\/v2\/pages\/592"}],"collection":[{"href":"https:\/\/www.alpenhotelrabbi.it\/de\/wp-json\/wp\/v2\/pages"}],"about":[{"href":"https:\/\/www.alpenhotelrabbi.it\/de\/wp-json\/wp\/v2\/types\/page"}],"author":[{"embeddable":true,"href":"https:\/\/www.alpenhotelrabbi.it\/de\/wp-json\/wp\/v2\/users\/11"}],"replies":[{"embeddable":true,"href":"https:\/\/www.alpenhotelrabbi.it\/de\/wp-json\/wp\/v2\/comments?post=592"}],"version-history":[{"count":0,"href":"https:\/\/www.alpenhotelrabbi.it\/de\/wp-json\/wp\/v2\/pages\/592\/revisions"}],"up":[{"embeddable":true,"href":"https:\/\/www.alpenhotelrabbi.it\/de\/wp-json\/wp\/v2\/pages\/550"}],"wp:attachment":[{"href":"https:\/\/www.alpenhotelrabbi.it\/de\/wp-json\/wp\/v2\/media?parent=592"}],"curies":[{"name":"wp","href":"https:\/\/api.w.org\/{rel}","templated":true}]}}