{"id":588,"date":"2023-04-15T17:27:22","date_gmt":"2023-04-15T17:27:22","guid":{"rendered":"https:\/\/alpenhotelrabbisequoia.ms2.decms.eu\/esperienze-in-val-di-rabbi\/cultura-il-molino-ruatti\/"},"modified":"2023-05-18T09:34:44","modified_gmt":"2023-05-18T09:34:44","slug":"kultur-ruatti-muehle","status":"publish","type":"page","link":"https:\/\/www.alpenhotelrabbi.it\/de\/erlebnisse-im-val-di-rabbi\/kultur-ruatti-muehle\/","title":{"rendered":"Kultur: Ruatti M\u00fchle"},"content":{"rendered":"<p>Die <strong>Ruatti-M\u00fchle<\/strong> befindet sich direkt am Eingang des <strong>Val di Rabbi<\/strong> und ist ein weiteres perfektes Beispiel f\u00fcr die Harmonie zwischen Mensch und Natur, die in diesem Tal sp\u00fcrbar ist.<\/p>\n<p>Wie die R\u00e4der der venezianischen S\u00e4gewerke werden auch die R\u00e4der der M\u00fchle durch den Fluss des Tals angetrieben.<\/p>\n<p>Die M\u00fchle wurde vor kurzem restauriert und bietet die perfekte Gelegenheit, die alten Traditionen von Trentino und das Leben in vergangenen Zeiten zu entdecken. Im Inneren k\u00f6nnen wir nicht nur die R\u00e4der und Zahnr\u00e4der der M\u00fchle bewundern, die immer noch perfekt funktionieren, sondern auch ein typisches Haus aus dem 19. Jahrhundert, das uns alle Geheimnisse der Vergangenheit enth\u00fcllt.<\/p>\n<p>Es ist die perfekte Alternative, um an einem regnerischen Tag das l\u00e4ndliche Leben vergangener Zeiten zu erkunden.<\/p>\n","protected":false},"excerpt":{"rendered":"<p>Die Ruatti-M\u00fchle befindet sich direkt am Eingang des Val di Rabbi und ist ein weiteres perfektes Beispiel f\u00fcr die Harmonie zwischen Mensch und Natur, die in diesem Tal sp\u00fcrbar ist. Wie die R\u00e4der der venezianischen S\u00e4gewerke werden auch die R\u00e4der der M\u00fchle durch den Fluss des Tals angetrieben. Die M\u00fchle wurde vor kurzem restauriert und [&hellip;]<\/p>\n","protected":false},"author":11,"featured_media":0,"parent":550,"menu_order":69,"comment_status":"closed","ping_status":"closed","template":"","meta":{"footnotes":""},"yoast_head":"<!-- This site is optimized with the Yoast SEO plugin v22.3 - https:\/\/yoast.com\/wordpress\/plugins\/seo\/ -->\n<title>Kultur: Ruatti M\u00fchle - Alpen Hotel Rabbi<\/title>\n<meta name=\"description\" content=\"Die Ruatti-M\u00fchle befindet sich direkt am Eingang des Val di Rabbi und ist ein weiteres perfektes Beispiel f\u00fcr die Harmonie zwischen Mensch und Natur, die in diesem Tal sp\u00fcrbar ist.  Wie die R\u00e4der der venezianischen S\u00e4gewerke werden auch die R\u00e4der der M\u00fchle durch den Fluss des Tals angetrieben.  Die M\u00fchle wurde vor kurzem restauriert und bietet die perfekte Gelegenheit, die alten Traditionen von Trentino und das Leben in vergangenen Zeiten zu entdecken. Im Inneren k\u00f6nnen wir nicht nur die R\u00e4der und Zahnr\u00e4der der M\u00fchle bewundern, die immer noch perfekt funktionieren, sondern auch ein typisches Haus aus dem 19\" \/>\n<meta name=\"robots\" content=\"index, follow, max-snippet:-1, max-image-preview:large, max-video-preview:-1\" \/>\n<link rel=\"canonical\" href=\"https:\/\/www.alpenhotelrabbi.it\/de\/erlebnisse-im-val-di-rabbi\/kultur-ruatti-muehle\/\" \/>\n<meta property=\"og:locale\" content=\"de_DE\" \/>\n<meta property=\"og:type\" content=\"article\" \/>\n<meta property=\"og:title\" content=\"Kultur: Ruatti M\u00fchle - Alpen Hotel Rabbi\" \/>\n<meta property=\"og:description\" content=\"Die Ruatti-M\u00fchle befindet sich direkt am Eingang des Val di Rabbi und ist ein weiteres perfektes Beispiel f\u00fcr die Harmonie zwischen Mensch und Natur, die in diesem Tal sp\u00fcrbar ist.  Wie die R\u00e4der der venezianischen S\u00e4gewerke werden auch die R\u00e4der der M\u00fchle durch den Fluss des Tals angetrieben.  Die M\u00fchle wurde vor kurzem restauriert und bietet die perfekte Gelegenheit, die alten Traditionen von Trentino und das Leben in vergangenen Zeiten zu entdecken. Im Inneren k\u00f6nnen wir nicht nur die R\u00e4der und Zahnr\u00e4der der M\u00fchle bewundern, die immer noch perfekt funktionieren, sondern auch ein typisches Haus aus dem 19\" \/>\n<meta property=\"og:url\" content=\"https:\/\/www.alpenhotelrabbi.it\/de\/erlebnisse-im-val-di-rabbi\/kultur-ruatti-muehle\/\" \/>\n<meta property=\"og:site_name\" content=\"Alpen Hotel Rabbi\" \/>\n<meta property=\"article:modified_time\" content=\"2023-05-18T09:34:44+00:00\" \/>\n<meta name=\"twitter:card\" content=\"summary_large_image\" \/>\n<meta name=\"twitter:label1\" content=\"Gesch\u00e4tzte Lesezeit\" \/>\n\t<meta name=\"twitter:data1\" content=\"1 Minute\" \/>\n<script type=\"application\/ld+json\" class=\"yoast-schema-graph\">{\"@context\":\"https:\/\/schema.org\",\"@graph\":[{\"@type\":\"WebPage\",\"@id\":\"https:\/\/www.alpenhotelrabbi.it\/de\/erlebnisse-im-val-di-rabbi\/kultur-ruatti-muehle\/\",\"url\":\"https:\/\/www.alpenhotelrabbi.it\/de\/erlebnisse-im-val-di-rabbi\/kultur-ruatti-muehle\/\",\"name\":\"Kultur: Ruatti M\u00fchle - Alpen Hotel Rabbi\",\"isPartOf\":{\"@id\":\"https:\/\/www.alpenhotelrabbi.it\/de\/#website\"},\"datePublished\":\"2023-04-15T17:27:22+00:00\",\"dateModified\":\"2023-05-18T09:34:44+00:00\",\"description\":\"Die Ruatti-M\u00fchle befindet sich direkt am Eingang des Val di Rabbi und ist ein weiteres perfektes Beispiel f\u00fcr die Harmonie zwischen Mensch und Natur, die in diesem Tal sp\u00fcrbar ist. Wie die R\u00e4der der venezianischen S\u00e4gewerke werden auch die R\u00e4der der M\u00fchle durch den Fluss des Tals angetrieben. Die M\u00fchle wurde vor kurzem restauriert und bietet die perfekte Gelegenheit, die alten Traditionen von Trentino und das Leben in vergangenen Zeiten zu entdecken. Im Inneren k\u00f6nnen wir nicht nur die R\u00e4der und Zahnr\u00e4der der M\u00fchle bewundern, die immer noch perfekt funktionieren, sondern auch ein typisches Haus aus dem 19\",\"breadcrumb\":{\"@id\":\"https:\/\/www.alpenhotelrabbi.it\/de\/erlebnisse-im-val-di-rabbi\/kultur-ruatti-muehle\/#breadcrumb\"},\"inLanguage\":\"de-DE\",\"potentialAction\":[{\"@type\":\"ReadAction\",\"target\":[\"https:\/\/www.alpenhotelrabbi.it\/de\/erlebnisse-im-val-di-rabbi\/kultur-ruatti-muehle\/\"]}]},{\"@type\":\"BreadcrumbList\",\"@id\":\"https:\/\/www.alpenhotelrabbi.it\/de\/erlebnisse-im-val-di-rabbi\/kultur-ruatti-muehle\/#breadcrumb\",\"itemListElement\":[{\"@type\":\"ListItem\",\"position\":1,\"name\":\"Home\",\"item\":\"https:\/\/www.alpenhotelrabbi.it\/de\/\"},{\"@type\":\"ListItem\",\"position\":2,\"name\":\"Erlebnisse im Val di Rabbi\",\"item\":\"https:\/\/www.alpenhotelrabbi.it\/de\/erlebnisse-im-val-di-rabbi\/\"},{\"@type\":\"ListItem\",\"position\":3,\"name\":\"Kultur: Ruatti M\u00fchle\"}]},{\"@type\":\"WebSite\",\"@id\":\"https:\/\/www.alpenhotelrabbi.it\/de\/#website\",\"url\":\"https:\/\/www.alpenhotelrabbi.it\/de\/\",\"name\":\"Alpen Hotel Rabbi\",\"description\":\"\",\"potentialAction\":[{\"@type\":\"SearchAction\",\"target\":{\"@type\":\"EntryPoint\",\"urlTemplate\":\"https:\/\/www.alpenhotelrabbi.it\/de\/?s={search_term_string}\"},\"query-input\":\"required name=search_term_string\"}],\"inLanguage\":\"de-DE\"}]}<\/script>\n<!-- \/ Yoast SEO plugin. -->","yoast_head_json":{"title":"Kultur: Ruatti M\u00fchle - Alpen Hotel Rabbi","description":"Die Ruatti-M\u00fchle befindet sich direkt am Eingang des Val di Rabbi und ist ein weiteres perfektes Beispiel f\u00fcr die Harmonie zwischen Mensch und Natur, die in diesem Tal sp\u00fcrbar ist.  Wie die R\u00e4der der venezianischen S\u00e4gewerke werden auch die R\u00e4der der M\u00fchle durch den Fluss des Tals angetrieben.  Die M\u00fchle wurde vor kurzem restauriert und bietet die perfekte Gelegenheit, die alten Traditionen von Trentino und das Leben in vergangenen Zeiten zu entdecken. Im Inneren k\u00f6nnen wir nicht nur die R\u00e4der und Zahnr\u00e4der der M\u00fchle bewundern, die immer noch perfekt funktionieren, sondern auch ein typisches Haus aus dem 19","robots":{"index":"index","follow":"follow","max-snippet":"max-snippet:-1","max-image-preview":"max-image-preview:large","max-video-preview":"max-video-preview:-1"},"canonical":"https:\/\/www.alpenhotelrabbi.it\/de\/erlebnisse-im-val-di-rabbi\/kultur-ruatti-muehle\/","og_locale":"de_DE","og_type":"article","og_title":"Kultur: Ruatti M\u00fchle - Alpen Hotel Rabbi","og_description":"Die Ruatti-M\u00fchle befindet sich direkt am Eingang des Val di Rabbi und ist ein weiteres perfektes Beispiel f\u00fcr die Harmonie zwischen Mensch und Natur, die in diesem Tal sp\u00fcrbar ist.  Wie die R\u00e4der der venezianischen S\u00e4gewerke werden auch die R\u00e4der der M\u00fchle durch den Fluss des Tals angetrieben.  Die M\u00fchle wurde vor kurzem restauriert und bietet die perfekte Gelegenheit, die alten Traditionen von Trentino und das Leben in vergangenen Zeiten zu entdecken. Im Inneren k\u00f6nnen wir nicht nur die R\u00e4der und Zahnr\u00e4der der M\u00fchle bewundern, die immer noch perfekt funktionieren, sondern auch ein typisches Haus aus dem 19","og_url":"https:\/\/www.alpenhotelrabbi.it\/de\/erlebnisse-im-val-di-rabbi\/kultur-ruatti-muehle\/","og_site_name":"Alpen Hotel Rabbi","article_modified_time":"2023-05-18T09:34:44+00:00","twitter_card":"summary_large_image","twitter_misc":{"Gesch\u00e4tzte Lesezeit":"1 Minute"},"schema":{"@context":"https:\/\/schema.org","@graph":[{"@type":"WebPage","@id":"https:\/\/www.alpenhotelrabbi.it\/de\/erlebnisse-im-val-di-rabbi\/kultur-ruatti-muehle\/","url":"https:\/\/www.alpenhotelrabbi.it\/de\/erlebnisse-im-val-di-rabbi\/kultur-ruatti-muehle\/","name":"Kultur: Ruatti M\u00fchle - Alpen Hotel Rabbi","isPartOf":{"@id":"https:\/\/www.alpenhotelrabbi.it\/de\/#website"},"datePublished":"2023-04-15T17:27:22+00:00","dateModified":"2023-05-18T09:34:44+00:00","description":"Die Ruatti-M\u00fchle befindet sich direkt am Eingang des Val di Rabbi und ist ein weiteres perfektes Beispiel f\u00fcr die Harmonie zwischen Mensch und Natur, die in diesem Tal sp\u00fcrbar ist. Wie die R\u00e4der der venezianischen S\u00e4gewerke werden auch die R\u00e4der der M\u00fchle durch den Fluss des Tals angetrieben. Die M\u00fchle wurde vor kurzem restauriert und bietet die perfekte Gelegenheit, die alten Traditionen von Trentino und das Leben in vergangenen Zeiten zu entdecken. Im Inneren k\u00f6nnen wir nicht nur die R\u00e4der und Zahnr\u00e4der der M\u00fchle bewundern, die immer noch perfekt funktionieren, sondern auch ein typisches Haus aus dem 19","breadcrumb":{"@id":"https:\/\/www.alpenhotelrabbi.it\/de\/erlebnisse-im-val-di-rabbi\/kultur-ruatti-muehle\/#breadcrumb"},"inLanguage":"de-DE","potentialAction":[{"@type":"ReadAction","target":["https:\/\/www.alpenhotelrabbi.it\/de\/erlebnisse-im-val-di-rabbi\/kultur-ruatti-muehle\/"]}]},{"@type":"BreadcrumbList","@id":"https:\/\/www.alpenhotelrabbi.it\/de\/erlebnisse-im-val-di-rabbi\/kultur-ruatti-muehle\/#breadcrumb","itemListElement":[{"@type":"ListItem","position":1,"name":"Home","item":"https:\/\/www.alpenhotelrabbi.it\/de\/"},{"@type":"ListItem","position":2,"name":"Erlebnisse im Val di Rabbi","item":"https:\/\/www.alpenhotelrabbi.it\/de\/erlebnisse-im-val-di-rabbi\/"},{"@type":"ListItem","position":3,"name":"Kultur: Ruatti M\u00fchle"}]},{"@type":"WebSite","@id":"https:\/\/www.alpenhotelrabbi.it\/de\/#website","url":"https:\/\/www.alpenhotelrabbi.it\/de\/","name":"Alpen Hotel Rabbi","description":"","potentialAction":[{"@type":"SearchAction","target":{"@type":"EntryPoint","urlTemplate":"https:\/\/www.alpenhotelrabbi.it\/de\/?s={search_term_string}"},"query-input":"required name=search_term_string"}],"inLanguage":"de-DE"}]}},"acf":[],"_links":{"self":[{"href":"https:\/\/www.alpenhotelrabbi.it\/de\/wp-json\/wp\/v2\/pages\/588"}],"collection":[{"href":"https:\/\/www.alpenhotelrabbi.it\/de\/wp-json\/wp\/v2\/pages"}],"about":[{"href":"https:\/\/www.alpenhotelrabbi.it\/de\/wp-json\/wp\/v2\/types\/page"}],"author":[{"embeddable":true,"href":"https:\/\/www.alpenhotelrabbi.it\/de\/wp-json\/wp\/v2\/users\/11"}],"replies":[{"embeddable":true,"href":"https:\/\/www.alpenhotelrabbi.it\/de\/wp-json\/wp\/v2\/comments?post=588"}],"version-history":[{"count":0,"href":"https:\/\/www.alpenhotelrabbi.it\/de\/wp-json\/wp\/v2\/pages\/588\/revisions"}],"up":[{"embeddable":true,"href":"https:\/\/www.alpenhotelrabbi.it\/de\/wp-json\/wp\/v2\/pages\/550"}],"wp:attachment":[{"href":"https:\/\/www.alpenhotelrabbi.it\/de\/wp-json\/wp\/v2\/media?parent=588"}],"curies":[{"name":"wp","href":"https:\/\/api.w.org\/{rel}","templated":true}]}}