{"id":586,"date":"2023-04-15T17:26:54","date_gmt":"2023-04-15T17:26:54","guid":{"rendered":"https:\/\/alpenhotelrabbisequoia.ms2.decms.eu\/esperienze-in-val-di-rabbi\/segherie-veneziane\/"},"modified":"2023-05-18T09:32:16","modified_gmt":"2023-05-18T09:32:16","slug":"venezianische-saegewerke","status":"publish","type":"page","link":"https:\/\/www.alpenhotelrabbi.it\/de\/erlebnisse-im-val-di-rabbi\/venezianische-saegewerke\/","title":{"rendered":"Venezianische S\u00e4gewerke"},"content":{"rendered":"<p>Die <strong>venezianischen S\u00e4gewerke<\/strong> sind S\u00e4gewerke, die ausschlie\u00dflich mit der Kraft des Rabbies Torrents betrieben werden. Im <strong>Val di Rabbi<\/strong> gibt es zwei davon, die vollst\u00e4ndig restauriert und besuchbar sind: die Segheria dei Braghje in Rabbi Fonti und die Segheria dei B\u00e8goi.<\/p>\n<p>Diese besonderen S\u00e4gewerke verbreiteten sich im 13. Jahrhundert im Trentino, beeinflusst durch die nahegelegene Republik Venedig, nach der sie benannt sind. Diejenigen im Val di Rabbi stammen jedoch aus dem 18. Jahrhundert. Sie waren eine regelrechte Revolution, da die k\u00f6rperliche Kraft der Arbeiter durch die Kraft des Wassers ersetzt wurde, was die Arbeit viel weniger anstrengend machte.<\/p>\n<p>Sie k\u00f6nnen sie auf dem &#8222;<strong>S\u00e4gewerke-Weg<\/strong>&#8220; erkunden, der Sie von Rabbi Fonti zur Segheria dei Braghje f\u00fchrt und dann \u00fcber einen bequemen und angenehmen Schotterweg zur Segheria dei B\u00e8goi f\u00fchrt. Es ist auch m\u00f6glich, gef\u00fchrte Touren zu organisieren, die f\u00fcr Inhaber der Rabbi Card kostenlos sind<\/p>\n","protected":false},"excerpt":{"rendered":"<p>Die venezianischen S\u00e4gewerke sind S\u00e4gewerke, die ausschlie\u00dflich mit der Kraft des Rabbies Torrents betrieben werden. Im Val di Rabbi gibt es zwei davon, die vollst\u00e4ndig restauriert und besuchbar sind: die Segheria dei Braghje in Rabbi Fonti und die Segheria dei B\u00e8goi. Diese besonderen S\u00e4gewerke verbreiteten sich im 13. Jahrhundert im Trentino, beeinflusst durch die nahegelegene [&hellip;]<\/p>\n","protected":false},"author":11,"featured_media":0,"parent":550,"menu_order":68,"comment_status":"closed","ping_status":"closed","template":"","meta":{"footnotes":""},"yoast_head":"<!-- This site is optimized with the Yoast SEO plugin v22.3 - https:\/\/yoast.com\/wordpress\/plugins\/seo\/ -->\n<title>Venezianische S\u00e4gewerke - Alpen Hotel Rabbi<\/title>\n<meta name=\"description\" content=\"Die venezianischen S\u00e4gewerke sind S\u00e4gewerke, die ausschlie\u00dflich mit der Kraft des Rabbies Torrents betrieben werden. Im Val di Rabbi gibt es zwei davon, die vollst\u00e4ndig restauriert und besuchbar sind: die Segheria dei Braghje in Rabbi Fonti und die Segheria dei B\u00e8goi.  Diese besonderen S\u00e4gewerke verbreiteten sich im 13\" \/>\n<meta name=\"robots\" content=\"index, follow, max-snippet:-1, max-image-preview:large, max-video-preview:-1\" \/>\n<link rel=\"canonical\" href=\"https:\/\/www.alpenhotelrabbi.it\/de\/erlebnisse-im-val-di-rabbi\/venezianische-saegewerke\/\" \/>\n<meta property=\"og:locale\" content=\"de_DE\" \/>\n<meta property=\"og:type\" content=\"article\" \/>\n<meta property=\"og:title\" content=\"Venezianische S\u00e4gewerke - Alpen Hotel Rabbi\" \/>\n<meta property=\"og:description\" content=\"Die venezianischen S\u00e4gewerke sind S\u00e4gewerke, die ausschlie\u00dflich mit der Kraft des Rabbies Torrents betrieben werden. Im Val di Rabbi gibt es zwei davon, die vollst\u00e4ndig restauriert und besuchbar sind: die Segheria dei Braghje in Rabbi Fonti und die Segheria dei B\u00e8goi.  Diese besonderen S\u00e4gewerke verbreiteten sich im 13\" \/>\n<meta property=\"og:url\" content=\"https:\/\/www.alpenhotelrabbi.it\/de\/erlebnisse-im-val-di-rabbi\/venezianische-saegewerke\/\" \/>\n<meta property=\"og:site_name\" content=\"Alpen Hotel Rabbi\" \/>\n<meta property=\"article:modified_time\" content=\"2023-05-18T09:32:16+00:00\" \/>\n<meta name=\"twitter:card\" content=\"summary_large_image\" \/>\n<meta name=\"twitter:label1\" content=\"Gesch\u00e4tzte Lesezeit\" \/>\n\t<meta name=\"twitter:data1\" content=\"1 Minute\" \/>\n<script type=\"application\/ld+json\" class=\"yoast-schema-graph\">{\"@context\":\"https:\/\/schema.org\",\"@graph\":[{\"@type\":\"WebPage\",\"@id\":\"https:\/\/www.alpenhotelrabbi.it\/de\/erlebnisse-im-val-di-rabbi\/venezianische-saegewerke\/\",\"url\":\"https:\/\/www.alpenhotelrabbi.it\/de\/erlebnisse-im-val-di-rabbi\/venezianische-saegewerke\/\",\"name\":\"Venezianische S\u00e4gewerke - Alpen Hotel Rabbi\",\"isPartOf\":{\"@id\":\"https:\/\/www.alpenhotelrabbi.it\/de\/#website\"},\"datePublished\":\"2023-04-15T17:26:54+00:00\",\"dateModified\":\"2023-05-18T09:32:16+00:00\",\"description\":\"Die venezianischen S\u00e4gewerke sind S\u00e4gewerke, die ausschlie\u00dflich mit der Kraft des Rabbies Torrents betrieben werden. Im Val di Rabbi gibt es zwei davon, die vollst\u00e4ndig restauriert und besuchbar sind: die Segheria dei Braghje in Rabbi Fonti und die Segheria dei B\u00e8goi. Diese besonderen S\u00e4gewerke verbreiteten sich im 13\",\"breadcrumb\":{\"@id\":\"https:\/\/www.alpenhotelrabbi.it\/de\/erlebnisse-im-val-di-rabbi\/venezianische-saegewerke\/#breadcrumb\"},\"inLanguage\":\"de-DE\",\"potentialAction\":[{\"@type\":\"ReadAction\",\"target\":[\"https:\/\/www.alpenhotelrabbi.it\/de\/erlebnisse-im-val-di-rabbi\/venezianische-saegewerke\/\"]}]},{\"@type\":\"BreadcrumbList\",\"@id\":\"https:\/\/www.alpenhotelrabbi.it\/de\/erlebnisse-im-val-di-rabbi\/venezianische-saegewerke\/#breadcrumb\",\"itemListElement\":[{\"@type\":\"ListItem\",\"position\":1,\"name\":\"Home\",\"item\":\"https:\/\/www.alpenhotelrabbi.it\/de\/\"},{\"@type\":\"ListItem\",\"position\":2,\"name\":\"Erlebnisse im Val di Rabbi\",\"item\":\"https:\/\/www.alpenhotelrabbi.it\/de\/erlebnisse-im-val-di-rabbi\/\"},{\"@type\":\"ListItem\",\"position\":3,\"name\":\"Venezianische S\u00e4gewerke\"}]},{\"@type\":\"WebSite\",\"@id\":\"https:\/\/www.alpenhotelrabbi.it\/de\/#website\",\"url\":\"https:\/\/www.alpenhotelrabbi.it\/de\/\",\"name\":\"Alpen Hotel Rabbi\",\"description\":\"\",\"potentialAction\":[{\"@type\":\"SearchAction\",\"target\":{\"@type\":\"EntryPoint\",\"urlTemplate\":\"https:\/\/www.alpenhotelrabbi.it\/de\/?s={search_term_string}\"},\"query-input\":\"required name=search_term_string\"}],\"inLanguage\":\"de-DE\"}]}<\/script>\n<!-- \/ Yoast SEO plugin. -->","yoast_head_json":{"title":"Venezianische S\u00e4gewerke - Alpen Hotel Rabbi","description":"Die venezianischen S\u00e4gewerke sind S\u00e4gewerke, die ausschlie\u00dflich mit der Kraft des Rabbies Torrents betrieben werden. Im Val di Rabbi gibt es zwei davon, die vollst\u00e4ndig restauriert und besuchbar sind: die Segheria dei Braghje in Rabbi Fonti und die Segheria dei B\u00e8goi.  Diese besonderen S\u00e4gewerke verbreiteten sich im 13","robots":{"index":"index","follow":"follow","max-snippet":"max-snippet:-1","max-image-preview":"max-image-preview:large","max-video-preview":"max-video-preview:-1"},"canonical":"https:\/\/www.alpenhotelrabbi.it\/de\/erlebnisse-im-val-di-rabbi\/venezianische-saegewerke\/","og_locale":"de_DE","og_type":"article","og_title":"Venezianische S\u00e4gewerke - Alpen Hotel Rabbi","og_description":"Die venezianischen S\u00e4gewerke sind S\u00e4gewerke, die ausschlie\u00dflich mit der Kraft des Rabbies Torrents betrieben werden. Im Val di Rabbi gibt es zwei davon, die vollst\u00e4ndig restauriert und besuchbar sind: die Segheria dei Braghje in Rabbi Fonti und die Segheria dei B\u00e8goi.  Diese besonderen S\u00e4gewerke verbreiteten sich im 13","og_url":"https:\/\/www.alpenhotelrabbi.it\/de\/erlebnisse-im-val-di-rabbi\/venezianische-saegewerke\/","og_site_name":"Alpen Hotel Rabbi","article_modified_time":"2023-05-18T09:32:16+00:00","twitter_card":"summary_large_image","twitter_misc":{"Gesch\u00e4tzte Lesezeit":"1 Minute"},"schema":{"@context":"https:\/\/schema.org","@graph":[{"@type":"WebPage","@id":"https:\/\/www.alpenhotelrabbi.it\/de\/erlebnisse-im-val-di-rabbi\/venezianische-saegewerke\/","url":"https:\/\/www.alpenhotelrabbi.it\/de\/erlebnisse-im-val-di-rabbi\/venezianische-saegewerke\/","name":"Venezianische S\u00e4gewerke - Alpen Hotel Rabbi","isPartOf":{"@id":"https:\/\/www.alpenhotelrabbi.it\/de\/#website"},"datePublished":"2023-04-15T17:26:54+00:00","dateModified":"2023-05-18T09:32:16+00:00","description":"Die venezianischen S\u00e4gewerke sind S\u00e4gewerke, die ausschlie\u00dflich mit der Kraft des Rabbies Torrents betrieben werden. Im Val di Rabbi gibt es zwei davon, die vollst\u00e4ndig restauriert und besuchbar sind: die Segheria dei Braghje in Rabbi Fonti und die Segheria dei B\u00e8goi. Diese besonderen S\u00e4gewerke verbreiteten sich im 13","breadcrumb":{"@id":"https:\/\/www.alpenhotelrabbi.it\/de\/erlebnisse-im-val-di-rabbi\/venezianische-saegewerke\/#breadcrumb"},"inLanguage":"de-DE","potentialAction":[{"@type":"ReadAction","target":["https:\/\/www.alpenhotelrabbi.it\/de\/erlebnisse-im-val-di-rabbi\/venezianische-saegewerke\/"]}]},{"@type":"BreadcrumbList","@id":"https:\/\/www.alpenhotelrabbi.it\/de\/erlebnisse-im-val-di-rabbi\/venezianische-saegewerke\/#breadcrumb","itemListElement":[{"@type":"ListItem","position":1,"name":"Home","item":"https:\/\/www.alpenhotelrabbi.it\/de\/"},{"@type":"ListItem","position":2,"name":"Erlebnisse im Val di Rabbi","item":"https:\/\/www.alpenhotelrabbi.it\/de\/erlebnisse-im-val-di-rabbi\/"},{"@type":"ListItem","position":3,"name":"Venezianische S\u00e4gewerke"}]},{"@type":"WebSite","@id":"https:\/\/www.alpenhotelrabbi.it\/de\/#website","url":"https:\/\/www.alpenhotelrabbi.it\/de\/","name":"Alpen Hotel Rabbi","description":"","potentialAction":[{"@type":"SearchAction","target":{"@type":"EntryPoint","urlTemplate":"https:\/\/www.alpenhotelrabbi.it\/de\/?s={search_term_string}"},"query-input":"required name=search_term_string"}],"inLanguage":"de-DE"}]}},"acf":[],"_links":{"self":[{"href":"https:\/\/www.alpenhotelrabbi.it\/de\/wp-json\/wp\/v2\/pages\/586"}],"collection":[{"href":"https:\/\/www.alpenhotelrabbi.it\/de\/wp-json\/wp\/v2\/pages"}],"about":[{"href":"https:\/\/www.alpenhotelrabbi.it\/de\/wp-json\/wp\/v2\/types\/page"}],"author":[{"embeddable":true,"href":"https:\/\/www.alpenhotelrabbi.it\/de\/wp-json\/wp\/v2\/users\/11"}],"replies":[{"embeddable":true,"href":"https:\/\/www.alpenhotelrabbi.it\/de\/wp-json\/wp\/v2\/comments?post=586"}],"version-history":[{"count":0,"href":"https:\/\/www.alpenhotelrabbi.it\/de\/wp-json\/wp\/v2\/pages\/586\/revisions"}],"up":[{"embeddable":true,"href":"https:\/\/www.alpenhotelrabbi.it\/de\/wp-json\/wp\/v2\/pages\/550"}],"wp:attachment":[{"href":"https:\/\/www.alpenhotelrabbi.it\/de\/wp-json\/wp\/v2\/media?parent=586"}],"curies":[{"name":"wp","href":"https:\/\/api.w.org\/{rel}","templated":true}]}}