{"id":584,"date":"2023-04-15T17:26:30","date_gmt":"2023-04-15T17:26:30","guid":{"rendered":"https:\/\/alpenhotelrabbisequoia.ms2.decms.eu\/esperienze-in-val-di-rabbi\/laghi-corvo\/"},"modified":"2023-05-18T09:30:19","modified_gmt":"2023-05-18T09:30:19","slug":"laghi-corvo","status":"publish","type":"page","link":"https:\/\/www.alpenhotelrabbi.it\/de\/erlebnisse-im-val-di-rabbi\/laghi-corvo\/","title":{"rendered":"Corvo Seen"},"content":{"rendered":"<p><strong>Alpen Hotel Rabbi empfiehlt Ihnen einen Ausflug zum Corvo See!<\/strong><\/p>\n<ul>\n<li>Abgangspunkt: Cavallar Parkplatz;<\/li>\n<li>Folgen Sie der Forststra\u00dfe, bis Sie den CAI-SAT-Route 108 nehmen.<\/li>\n<li>Erreichen Sie die Alm Malga Caldesa Bassa wieder auf Forststrasse und fahren Sie weiter auf dem Weg 108 in Richtung Rifugio Lago Corvo.<\/li>\n<li>Sie k\u00f6nnen das Panorama auf den Brenta Gipfeln und des Val di Pejo genie\u00dfen.<\/li>\n<li>Sie erreichen die Rifugio Stella Alpina und etwas oberhalb der zahlreichen Alpenseen, einschlie\u00dflich des Corvo-Sees.<\/li>\n<li>H\u00f6henunterschied: 1035 m;<\/li>\n<li>Gehzeit 5 Stunden.<\/li>\n<\/ul>\n","protected":false},"excerpt":{"rendered":"<p>Alpen Hotel Rabbi empfiehlt Ihnen einen Ausflug zum Corvo See! Abgangspunkt: Cavallar Parkplatz; Folgen Sie der Forststra\u00dfe, bis Sie den CAI-SAT-Route 108 nehmen. Erreichen Sie die Alm Malga Caldesa Bassa wieder auf Forststrasse und fahren Sie weiter auf dem Weg 108 in Richtung Rifugio Lago Corvo. Sie k\u00f6nnen das Panorama auf den Brenta Gipfeln und [&hellip;]<\/p>\n","protected":false},"author":11,"featured_media":0,"parent":550,"menu_order":67,"comment_status":"closed","ping_status":"closed","template":"","meta":{"footnotes":""},"yoast_head":"<!-- This site is optimized with the Yoast SEO plugin v22.3 - https:\/\/yoast.com\/wordpress\/plugins\/seo\/ -->\n<title>Corvo Seen - Alpen Hotel Rabbi<\/title>\n<meta name=\"description\" content=\"Alpen Hotel Rabbi empfiehlt Ihnen einen Ausflug zum Corvo See!   Abgangspunkt: Cavallar Parkplatz;  Folgen Sie der Forststra\u00dfe, bis Sie den CAI-SAT-Route 108 nehmen.  Erreichen Sie die Alm Malga Caldesa Bassa wieder auf Forststrasse und fahren Sie weiter auf dem Weg 108 in Richtung Rifugio Lago Corvo.  Sie k\u00f6nnen das Panorama auf den Brenta Gipfeln und des Val di Pejo genie\u00dfen.  Sie erreichen die Rifugio Stella Alpina und etwas oberhalb der zahlreichen Alpenseen, einschlie\u00dflich des Corvo-Sees.  H\u00f6henunterschied: 1035 m;  Gehzeit 5 Stunden. .\" \/>\n<meta name=\"robots\" content=\"index, follow, max-snippet:-1, max-image-preview:large, max-video-preview:-1\" \/>\n<link rel=\"canonical\" href=\"https:\/\/www.alpenhotelrabbi.it\/de\/erlebnisse-im-val-di-rabbi\/laghi-corvo\/\" \/>\n<meta property=\"og:locale\" content=\"de_DE\" \/>\n<meta property=\"og:type\" content=\"article\" \/>\n<meta property=\"og:title\" content=\"Corvo Seen - Alpen Hotel Rabbi\" \/>\n<meta property=\"og:description\" content=\"Alpen Hotel Rabbi empfiehlt Ihnen einen Ausflug zum Corvo See!   Abgangspunkt: Cavallar Parkplatz;  Folgen Sie der Forststra\u00dfe, bis Sie den CAI-SAT-Route 108 nehmen.  Erreichen Sie die Alm Malga Caldesa Bassa wieder auf Forststrasse und fahren Sie weiter auf dem Weg 108 in Richtung Rifugio Lago Corvo.  Sie k\u00f6nnen das Panorama auf den Brenta Gipfeln und des Val di Pejo genie\u00dfen.  Sie erreichen die Rifugio Stella Alpina und etwas oberhalb der zahlreichen Alpenseen, einschlie\u00dflich des Corvo-Sees.  H\u00f6henunterschied: 1035 m;  Gehzeit 5 Stunden. .\" \/>\n<meta property=\"og:url\" content=\"https:\/\/www.alpenhotelrabbi.it\/de\/erlebnisse-im-val-di-rabbi\/laghi-corvo\/\" \/>\n<meta property=\"og:site_name\" content=\"Alpen Hotel Rabbi\" \/>\n<meta property=\"article:modified_time\" content=\"2023-05-18T09:30:19+00:00\" \/>\n<meta name=\"twitter:card\" content=\"summary_large_image\" \/>\n<meta name=\"twitter:label1\" content=\"Gesch\u00e4tzte Lesezeit\" \/>\n\t<meta name=\"twitter:data1\" content=\"1 Minute\" \/>\n<script type=\"application\/ld+json\" class=\"yoast-schema-graph\">{\"@context\":\"https:\/\/schema.org\",\"@graph\":[{\"@type\":\"WebPage\",\"@id\":\"https:\/\/www.alpenhotelrabbi.it\/de\/erlebnisse-im-val-di-rabbi\/laghi-corvo\/\",\"url\":\"https:\/\/www.alpenhotelrabbi.it\/de\/erlebnisse-im-val-di-rabbi\/laghi-corvo\/\",\"name\":\"Corvo Seen - Alpen Hotel Rabbi\",\"isPartOf\":{\"@id\":\"https:\/\/www.alpenhotelrabbi.it\/de\/#website\"},\"datePublished\":\"2023-04-15T17:26:30+00:00\",\"dateModified\":\"2023-05-18T09:30:19+00:00\",\"description\":\"Alpen Hotel Rabbi empfiehlt Ihnen einen Ausflug zum Corvo See! \u2022 Abgangspunkt: Cavallar Parkplatz; \u2022 Folgen Sie der Forststra\u00dfe, bis Sie den CAI-SAT-Route 108 nehmen. \u2022 Erreichen Sie die Alm Malga Caldesa Bassa wieder auf Forststrasse und fahren Sie weiter auf dem Weg 108 in Richtung Rifugio Lago Corvo. \u2022 Sie k\u00f6nnen das Panorama auf den Brenta Gipfeln und des Val di Pejo genie\u00dfen. \u2022 Sie erreichen die Rifugio Stella Alpina und etwas oberhalb der zahlreichen Alpenseen, einschlie\u00dflich des Corvo-Sees. \u2022 H\u00f6henunterschied: 1035 m; \u2022 Gehzeit 5 Stunden. .\",\"breadcrumb\":{\"@id\":\"https:\/\/www.alpenhotelrabbi.it\/de\/erlebnisse-im-val-di-rabbi\/laghi-corvo\/#breadcrumb\"},\"inLanguage\":\"de-DE\",\"potentialAction\":[{\"@type\":\"ReadAction\",\"target\":[\"https:\/\/www.alpenhotelrabbi.it\/de\/erlebnisse-im-val-di-rabbi\/laghi-corvo\/\"]}]},{\"@type\":\"BreadcrumbList\",\"@id\":\"https:\/\/www.alpenhotelrabbi.it\/de\/erlebnisse-im-val-di-rabbi\/laghi-corvo\/#breadcrumb\",\"itemListElement\":[{\"@type\":\"ListItem\",\"position\":1,\"name\":\"Home\",\"item\":\"https:\/\/www.alpenhotelrabbi.it\/de\/\"},{\"@type\":\"ListItem\",\"position\":2,\"name\":\"Erlebnisse im Val di Rabbi\",\"item\":\"https:\/\/www.alpenhotelrabbi.it\/de\/erlebnisse-im-val-di-rabbi\/\"},{\"@type\":\"ListItem\",\"position\":3,\"name\":\"Corvo Seen\"}]},{\"@type\":\"WebSite\",\"@id\":\"https:\/\/www.alpenhotelrabbi.it\/de\/#website\",\"url\":\"https:\/\/www.alpenhotelrabbi.it\/de\/\",\"name\":\"Alpen Hotel Rabbi\",\"description\":\"\",\"potentialAction\":[{\"@type\":\"SearchAction\",\"target\":{\"@type\":\"EntryPoint\",\"urlTemplate\":\"https:\/\/www.alpenhotelrabbi.it\/de\/?s={search_term_string}\"},\"query-input\":\"required name=search_term_string\"}],\"inLanguage\":\"de-DE\"}]}<\/script>\n<!-- \/ Yoast SEO plugin. -->","yoast_head_json":{"title":"Corvo Seen - Alpen Hotel Rabbi","description":"Alpen Hotel Rabbi empfiehlt Ihnen einen Ausflug zum Corvo See!   Abgangspunkt: Cavallar Parkplatz;  Folgen Sie der Forststra\u00dfe, bis Sie den CAI-SAT-Route 108 nehmen.  Erreichen Sie die Alm Malga Caldesa Bassa wieder auf Forststrasse und fahren Sie weiter auf dem Weg 108 in Richtung Rifugio Lago Corvo.  Sie k\u00f6nnen das Panorama auf den Brenta Gipfeln und des Val di Pejo genie\u00dfen.  Sie erreichen die Rifugio Stella Alpina und etwas oberhalb der zahlreichen Alpenseen, einschlie\u00dflich des Corvo-Sees.  H\u00f6henunterschied: 1035 m;  Gehzeit 5 Stunden. .","robots":{"index":"index","follow":"follow","max-snippet":"max-snippet:-1","max-image-preview":"max-image-preview:large","max-video-preview":"max-video-preview:-1"},"canonical":"https:\/\/www.alpenhotelrabbi.it\/de\/erlebnisse-im-val-di-rabbi\/laghi-corvo\/","og_locale":"de_DE","og_type":"article","og_title":"Corvo Seen - Alpen Hotel Rabbi","og_description":"Alpen Hotel Rabbi empfiehlt Ihnen einen Ausflug zum Corvo See!   Abgangspunkt: Cavallar Parkplatz;  Folgen Sie der Forststra\u00dfe, bis Sie den CAI-SAT-Route 108 nehmen.  Erreichen Sie die Alm Malga Caldesa Bassa wieder auf Forststrasse und fahren Sie weiter auf dem Weg 108 in Richtung Rifugio Lago Corvo.  Sie k\u00f6nnen das Panorama auf den Brenta Gipfeln und des Val di Pejo genie\u00dfen.  Sie erreichen die Rifugio Stella Alpina und etwas oberhalb der zahlreichen Alpenseen, einschlie\u00dflich des Corvo-Sees.  H\u00f6henunterschied: 1035 m;  Gehzeit 5 Stunden. .","og_url":"https:\/\/www.alpenhotelrabbi.it\/de\/erlebnisse-im-val-di-rabbi\/laghi-corvo\/","og_site_name":"Alpen Hotel Rabbi","article_modified_time":"2023-05-18T09:30:19+00:00","twitter_card":"summary_large_image","twitter_misc":{"Gesch\u00e4tzte Lesezeit":"1 Minute"},"schema":{"@context":"https:\/\/schema.org","@graph":[{"@type":"WebPage","@id":"https:\/\/www.alpenhotelrabbi.it\/de\/erlebnisse-im-val-di-rabbi\/laghi-corvo\/","url":"https:\/\/www.alpenhotelrabbi.it\/de\/erlebnisse-im-val-di-rabbi\/laghi-corvo\/","name":"Corvo Seen - Alpen Hotel Rabbi","isPartOf":{"@id":"https:\/\/www.alpenhotelrabbi.it\/de\/#website"},"datePublished":"2023-04-15T17:26:30+00:00","dateModified":"2023-05-18T09:30:19+00:00","description":"Alpen Hotel Rabbi empfiehlt Ihnen einen Ausflug zum Corvo See! \u2022 Abgangspunkt: Cavallar Parkplatz; \u2022 Folgen Sie der Forststra\u00dfe, bis Sie den CAI-SAT-Route 108 nehmen. \u2022 Erreichen Sie die Alm Malga Caldesa Bassa wieder auf Forststrasse und fahren Sie weiter auf dem Weg 108 in Richtung Rifugio Lago Corvo. \u2022 Sie k\u00f6nnen das Panorama auf den Brenta Gipfeln und des Val di Pejo genie\u00dfen. \u2022 Sie erreichen die Rifugio Stella Alpina und etwas oberhalb der zahlreichen Alpenseen, einschlie\u00dflich des Corvo-Sees. \u2022 H\u00f6henunterschied: 1035 m; \u2022 Gehzeit 5 Stunden. .","breadcrumb":{"@id":"https:\/\/www.alpenhotelrabbi.it\/de\/erlebnisse-im-val-di-rabbi\/laghi-corvo\/#breadcrumb"},"inLanguage":"de-DE","potentialAction":[{"@type":"ReadAction","target":["https:\/\/www.alpenhotelrabbi.it\/de\/erlebnisse-im-val-di-rabbi\/laghi-corvo\/"]}]},{"@type":"BreadcrumbList","@id":"https:\/\/www.alpenhotelrabbi.it\/de\/erlebnisse-im-val-di-rabbi\/laghi-corvo\/#breadcrumb","itemListElement":[{"@type":"ListItem","position":1,"name":"Home","item":"https:\/\/www.alpenhotelrabbi.it\/de\/"},{"@type":"ListItem","position":2,"name":"Erlebnisse im Val di Rabbi","item":"https:\/\/www.alpenhotelrabbi.it\/de\/erlebnisse-im-val-di-rabbi\/"},{"@type":"ListItem","position":3,"name":"Corvo Seen"}]},{"@type":"WebSite","@id":"https:\/\/www.alpenhotelrabbi.it\/de\/#website","url":"https:\/\/www.alpenhotelrabbi.it\/de\/","name":"Alpen Hotel Rabbi","description":"","potentialAction":[{"@type":"SearchAction","target":{"@type":"EntryPoint","urlTemplate":"https:\/\/www.alpenhotelrabbi.it\/de\/?s={search_term_string}"},"query-input":"required name=search_term_string"}],"inLanguage":"de-DE"}]}},"acf":[],"_links":{"self":[{"href":"https:\/\/www.alpenhotelrabbi.it\/de\/wp-json\/wp\/v2\/pages\/584"}],"collection":[{"href":"https:\/\/www.alpenhotelrabbi.it\/de\/wp-json\/wp\/v2\/pages"}],"about":[{"href":"https:\/\/www.alpenhotelrabbi.it\/de\/wp-json\/wp\/v2\/types\/page"}],"author":[{"embeddable":true,"href":"https:\/\/www.alpenhotelrabbi.it\/de\/wp-json\/wp\/v2\/users\/11"}],"replies":[{"embeddable":true,"href":"https:\/\/www.alpenhotelrabbi.it\/de\/wp-json\/wp\/v2\/comments?post=584"}],"version-history":[{"count":0,"href":"https:\/\/www.alpenhotelrabbi.it\/de\/wp-json\/wp\/v2\/pages\/584\/revisions"}],"up":[{"embeddable":true,"href":"https:\/\/www.alpenhotelrabbi.it\/de\/wp-json\/wp\/v2\/pages\/550"}],"wp:attachment":[{"href":"https:\/\/www.alpenhotelrabbi.it\/de\/wp-json\/wp\/v2\/media?parent=584"}],"curies":[{"name":"wp","href":"https:\/\/api.w.org\/{rel}","templated":true}]}}