{"id":574,"date":"2023-04-15T17:23:53","date_gmt":"2023-04-15T17:23:53","guid":{"rendered":"https:\/\/alpenhotelrabbisequoia.ms2.decms.eu\/esperienze-in-val-di-rabbi\/percorso-kneipp\/"},"modified":"2023-05-18T09:12:52","modified_gmt":"2023-05-18T09:12:52","slug":"kneippbad","status":"publish","type":"page","link":"https:\/\/www.alpenhotelrabbi.it\/de\/erlebnisse-im-val-di-rabbi\/kneippbad\/","title":{"rendered":"Kneippbad"},"content":{"rendered":"<p>Der <strong>Kneipp-Pfad<\/strong> tr\u00e4gt den Namen seines Erfinders, des deutschen Abtes Sebastian Kneipp, der dank Tauchg\u00e4ngen in der Donau von Tuberkulose geheilt wurde. Kneipp erkannte, dass Wasser, wenn es richtig genutzt wird, enorme Vorteile f\u00fcr unseren K\u00f6rper haben kann.<\/p>\n<p>Nur wenige Meter von unserem Hotel entfernt befindet sich ein wundersch\u00f6ner Kneipp-Pfad, der die nat\u00fcrlichen Elemente von <strong>Val di Rabbi<\/strong> und das Wasser der <strong>Valorz-Wasserf\u00e4lle<\/strong> nutzt.<\/p>\n<p>Es handelt sich um einen kurzen Barfu\u00dfpfad. Der Weg ist mit nat\u00fcrlichen Elementen wie Holz, Rinde, verschiedenen Kieselsteinen und frischem Gras gepflastert. Diese wechseln sich mit Abschnitten ab, in denen die F\u00fc\u00dfe in das frische Wasser der Wasserf\u00e4lle eintauchen.<\/p>\n<p>Es gibt auch ein kaltes Wasserbecken zur besseren Durchblut<\/p>\n","protected":false},"excerpt":{"rendered":"<p>Der Kneipp-Pfad tr\u00e4gt den Namen seines Erfinders, des deutschen Abtes Sebastian Kneipp, der dank Tauchg\u00e4ngen in der Donau von Tuberkulose geheilt wurde. Kneipp erkannte, dass Wasser, wenn es richtig genutzt wird, enorme Vorteile f\u00fcr unseren K\u00f6rper haben kann. Nur wenige Meter von unserem Hotel entfernt befindet sich ein wundersch\u00f6ner Kneipp-Pfad, der die nat\u00fcrlichen Elemente von [&hellip;]<\/p>\n","protected":false},"author":11,"featured_media":0,"parent":550,"menu_order":60,"comment_status":"closed","ping_status":"closed","template":"","meta":{"footnotes":""},"yoast_head":"<!-- This site is optimized with the Yoast SEO plugin v22.3 - https:\/\/yoast.com\/wordpress\/plugins\/seo\/ -->\n<title>Kneippbad - Alpen Hotel Rabbi<\/title>\n<meta name=\"description\" content=\"Der Kneipp-Pfad tr\u00e4gt den Namen seines Erfinders, des deutschen Abtes Sebastian Kneipp, der dank Tauchg\u00e4ngen in der Donau von Tuberkulose geheilt wurde. Kneipp erkannte, dass Wasser, wenn es richtig genutzt wird, enorme Vorteile f\u00fcr unseren K\u00f6rper haben kann.  Nur wenige Meter von unserem Hotel entfernt befindet sich ein wundersch\u00f6ner Kneipp-Pfad, der die nat\u00fcrlichen Elemente von Val di Rabbi und das Wasser der Valorz-Wasserf\u00e4lle nutzt.  Es handelt sich um einen kurzen Barfu\u00dfpfad\" \/>\n<meta name=\"robots\" content=\"index, follow, max-snippet:-1, max-image-preview:large, max-video-preview:-1\" \/>\n<link rel=\"canonical\" href=\"https:\/\/www.alpenhotelrabbi.it\/de\/erlebnisse-im-val-di-rabbi\/kneippbad\/\" \/>\n<meta property=\"og:locale\" content=\"de_DE\" \/>\n<meta property=\"og:type\" content=\"article\" \/>\n<meta property=\"og:title\" content=\"Kneippbad - Alpen Hotel Rabbi\" \/>\n<meta property=\"og:description\" content=\"Der Kneipp-Pfad tr\u00e4gt den Namen seines Erfinders, des deutschen Abtes Sebastian Kneipp, der dank Tauchg\u00e4ngen in der Donau von Tuberkulose geheilt wurde. Kneipp erkannte, dass Wasser, wenn es richtig genutzt wird, enorme Vorteile f\u00fcr unseren K\u00f6rper haben kann.  Nur wenige Meter von unserem Hotel entfernt befindet sich ein wundersch\u00f6ner Kneipp-Pfad, der die nat\u00fcrlichen Elemente von Val di Rabbi und das Wasser der Valorz-Wasserf\u00e4lle nutzt.  Es handelt sich um einen kurzen Barfu\u00dfpfad\" \/>\n<meta property=\"og:url\" content=\"https:\/\/www.alpenhotelrabbi.it\/de\/erlebnisse-im-val-di-rabbi\/kneippbad\/\" \/>\n<meta property=\"og:site_name\" content=\"Alpen Hotel Rabbi\" \/>\n<meta property=\"article:modified_time\" content=\"2023-05-18T09:12:52+00:00\" \/>\n<meta name=\"twitter:card\" content=\"summary_large_image\" \/>\n<meta name=\"twitter:label1\" content=\"Gesch\u00e4tzte Lesezeit\" \/>\n\t<meta name=\"twitter:data1\" content=\"1 Minute\" \/>\n<script type=\"application\/ld+json\" class=\"yoast-schema-graph\">{\"@context\":\"https:\/\/schema.org\",\"@graph\":[{\"@type\":\"WebPage\",\"@id\":\"https:\/\/www.alpenhotelrabbi.it\/de\/erlebnisse-im-val-di-rabbi\/kneippbad\/\",\"url\":\"https:\/\/www.alpenhotelrabbi.it\/de\/erlebnisse-im-val-di-rabbi\/kneippbad\/\",\"name\":\"Kneippbad - Alpen Hotel Rabbi\",\"isPartOf\":{\"@id\":\"https:\/\/www.alpenhotelrabbi.it\/de\/#website\"},\"datePublished\":\"2023-04-15T17:23:53+00:00\",\"dateModified\":\"2023-05-18T09:12:52+00:00\",\"description\":\"Der Kneipp-Pfad tr\u00e4gt den Namen seines Erfinders, des deutschen Abtes Sebastian Kneipp, der dank Tauchg\u00e4ngen in der Donau von Tuberkulose geheilt wurde. Kneipp erkannte, dass Wasser, wenn es richtig genutzt wird, enorme Vorteile f\u00fcr unseren K\u00f6rper haben kann. Nur wenige Meter von unserem Hotel entfernt befindet sich ein wundersch\u00f6ner Kneipp-Pfad, der die nat\u00fcrlichen Elemente von Val di Rabbi und das Wasser der Valorz-Wasserf\u00e4lle nutzt. Es handelt sich um einen kurzen Barfu\u00dfpfad\",\"breadcrumb\":{\"@id\":\"https:\/\/www.alpenhotelrabbi.it\/de\/erlebnisse-im-val-di-rabbi\/kneippbad\/#breadcrumb\"},\"inLanguage\":\"de-DE\",\"potentialAction\":[{\"@type\":\"ReadAction\",\"target\":[\"https:\/\/www.alpenhotelrabbi.it\/de\/erlebnisse-im-val-di-rabbi\/kneippbad\/\"]}]},{\"@type\":\"BreadcrumbList\",\"@id\":\"https:\/\/www.alpenhotelrabbi.it\/de\/erlebnisse-im-val-di-rabbi\/kneippbad\/#breadcrumb\",\"itemListElement\":[{\"@type\":\"ListItem\",\"position\":1,\"name\":\"Home\",\"item\":\"https:\/\/www.alpenhotelrabbi.it\/de\/\"},{\"@type\":\"ListItem\",\"position\":2,\"name\":\"Erlebnisse im Val di Rabbi\",\"item\":\"https:\/\/www.alpenhotelrabbi.it\/de\/erlebnisse-im-val-di-rabbi\/\"},{\"@type\":\"ListItem\",\"position\":3,\"name\":\"Kneippbad\"}]},{\"@type\":\"WebSite\",\"@id\":\"https:\/\/www.alpenhotelrabbi.it\/de\/#website\",\"url\":\"https:\/\/www.alpenhotelrabbi.it\/de\/\",\"name\":\"Alpen Hotel Rabbi\",\"description\":\"\",\"potentialAction\":[{\"@type\":\"SearchAction\",\"target\":{\"@type\":\"EntryPoint\",\"urlTemplate\":\"https:\/\/www.alpenhotelrabbi.it\/de\/?s={search_term_string}\"},\"query-input\":\"required name=search_term_string\"}],\"inLanguage\":\"de-DE\"}]}<\/script>\n<!-- \/ Yoast SEO plugin. -->","yoast_head_json":{"title":"Kneippbad - Alpen Hotel Rabbi","description":"Der Kneipp-Pfad tr\u00e4gt den Namen seines Erfinders, des deutschen Abtes Sebastian Kneipp, der dank Tauchg\u00e4ngen in der Donau von Tuberkulose geheilt wurde. Kneipp erkannte, dass Wasser, wenn es richtig genutzt wird, enorme Vorteile f\u00fcr unseren K\u00f6rper haben kann.  Nur wenige Meter von unserem Hotel entfernt befindet sich ein wundersch\u00f6ner Kneipp-Pfad, der die nat\u00fcrlichen Elemente von Val di Rabbi und das Wasser der Valorz-Wasserf\u00e4lle nutzt.  Es handelt sich um einen kurzen Barfu\u00dfpfad","robots":{"index":"index","follow":"follow","max-snippet":"max-snippet:-1","max-image-preview":"max-image-preview:large","max-video-preview":"max-video-preview:-1"},"canonical":"https:\/\/www.alpenhotelrabbi.it\/de\/erlebnisse-im-val-di-rabbi\/kneippbad\/","og_locale":"de_DE","og_type":"article","og_title":"Kneippbad - Alpen Hotel Rabbi","og_description":"Der Kneipp-Pfad tr\u00e4gt den Namen seines Erfinders, des deutschen Abtes Sebastian Kneipp, der dank Tauchg\u00e4ngen in der Donau von Tuberkulose geheilt wurde. Kneipp erkannte, dass Wasser, wenn es richtig genutzt wird, enorme Vorteile f\u00fcr unseren K\u00f6rper haben kann.  Nur wenige Meter von unserem Hotel entfernt befindet sich ein wundersch\u00f6ner Kneipp-Pfad, der die nat\u00fcrlichen Elemente von Val di Rabbi und das Wasser der Valorz-Wasserf\u00e4lle nutzt.  Es handelt sich um einen kurzen Barfu\u00dfpfad","og_url":"https:\/\/www.alpenhotelrabbi.it\/de\/erlebnisse-im-val-di-rabbi\/kneippbad\/","og_site_name":"Alpen Hotel Rabbi","article_modified_time":"2023-05-18T09:12:52+00:00","twitter_card":"summary_large_image","twitter_misc":{"Gesch\u00e4tzte Lesezeit":"1 Minute"},"schema":{"@context":"https:\/\/schema.org","@graph":[{"@type":"WebPage","@id":"https:\/\/www.alpenhotelrabbi.it\/de\/erlebnisse-im-val-di-rabbi\/kneippbad\/","url":"https:\/\/www.alpenhotelrabbi.it\/de\/erlebnisse-im-val-di-rabbi\/kneippbad\/","name":"Kneippbad - Alpen Hotel Rabbi","isPartOf":{"@id":"https:\/\/www.alpenhotelrabbi.it\/de\/#website"},"datePublished":"2023-04-15T17:23:53+00:00","dateModified":"2023-05-18T09:12:52+00:00","description":"Der Kneipp-Pfad tr\u00e4gt den Namen seines Erfinders, des deutschen Abtes Sebastian Kneipp, der dank Tauchg\u00e4ngen in der Donau von Tuberkulose geheilt wurde. Kneipp erkannte, dass Wasser, wenn es richtig genutzt wird, enorme Vorteile f\u00fcr unseren K\u00f6rper haben kann. Nur wenige Meter von unserem Hotel entfernt befindet sich ein wundersch\u00f6ner Kneipp-Pfad, der die nat\u00fcrlichen Elemente von Val di Rabbi und das Wasser der Valorz-Wasserf\u00e4lle nutzt. Es handelt sich um einen kurzen Barfu\u00dfpfad","breadcrumb":{"@id":"https:\/\/www.alpenhotelrabbi.it\/de\/erlebnisse-im-val-di-rabbi\/kneippbad\/#breadcrumb"},"inLanguage":"de-DE","potentialAction":[{"@type":"ReadAction","target":["https:\/\/www.alpenhotelrabbi.it\/de\/erlebnisse-im-val-di-rabbi\/kneippbad\/"]}]},{"@type":"BreadcrumbList","@id":"https:\/\/www.alpenhotelrabbi.it\/de\/erlebnisse-im-val-di-rabbi\/kneippbad\/#breadcrumb","itemListElement":[{"@type":"ListItem","position":1,"name":"Home","item":"https:\/\/www.alpenhotelrabbi.it\/de\/"},{"@type":"ListItem","position":2,"name":"Erlebnisse im Val di Rabbi","item":"https:\/\/www.alpenhotelrabbi.it\/de\/erlebnisse-im-val-di-rabbi\/"},{"@type":"ListItem","position":3,"name":"Kneippbad"}]},{"@type":"WebSite","@id":"https:\/\/www.alpenhotelrabbi.it\/de\/#website","url":"https:\/\/www.alpenhotelrabbi.it\/de\/","name":"Alpen Hotel Rabbi","description":"","potentialAction":[{"@type":"SearchAction","target":{"@type":"EntryPoint","urlTemplate":"https:\/\/www.alpenhotelrabbi.it\/de\/?s={search_term_string}"},"query-input":"required name=search_term_string"}],"inLanguage":"de-DE"}]}},"acf":[],"_links":{"self":[{"href":"https:\/\/www.alpenhotelrabbi.it\/de\/wp-json\/wp\/v2\/pages\/574"}],"collection":[{"href":"https:\/\/www.alpenhotelrabbi.it\/de\/wp-json\/wp\/v2\/pages"}],"about":[{"href":"https:\/\/www.alpenhotelrabbi.it\/de\/wp-json\/wp\/v2\/types\/page"}],"author":[{"embeddable":true,"href":"https:\/\/www.alpenhotelrabbi.it\/de\/wp-json\/wp\/v2\/users\/11"}],"replies":[{"embeddable":true,"href":"https:\/\/www.alpenhotelrabbi.it\/de\/wp-json\/wp\/v2\/comments?post=574"}],"version-history":[{"count":0,"href":"https:\/\/www.alpenhotelrabbi.it\/de\/wp-json\/wp\/v2\/pages\/574\/revisions"}],"up":[{"embeddable":true,"href":"https:\/\/www.alpenhotelrabbi.it\/de\/wp-json\/wp\/v2\/pages\/550"}],"wp:attachment":[{"href":"https:\/\/www.alpenhotelrabbi.it\/de\/wp-json\/wp\/v2\/media?parent=574"}],"curies":[{"name":"wp","href":"https:\/\/api.w.org\/{rel}","templated":true}]}}