{"id":564,"date":"2023-04-15T17:14:09","date_gmt":"2023-04-15T17:14:09","guid":{"rendered":"https:\/\/alpenhotelrabbisequoia.ms2.decms.eu\/esperienze-in-val-di-rabbi\/larrampicata-su-ghiaccio\/"},"modified":"2023-05-18T09:07:44","modified_gmt":"2023-05-18T09:07:44","slug":"eisklettern","status":"publish","type":"page","link":"https:\/\/www.alpenhotelrabbi.it\/de\/erlebnisse-im-val-di-rabbi\/eisklettern\/","title":{"rendered":"Eisklettern"},"content":{"rendered":"<p>F\u00fcr Nervenkitzel-Suchende im Winter verwandelt sich das spektakul\u00e4re Amphitheater der Cascate di Valorz in eine der beliebtesten Eis-Kletterarenen der Alpen. Zehn beeindruckende gefrorene Wasserf\u00e4lle mit unterschiedlichen Schwierigkeitsgraden und H\u00f6henunterschieden von 100 bis 250 Metern dominieren die Landschaft.<\/p>\n<p>Das Valorz-Zirkus besteht aus sechs Hauptwasserf\u00e4llen: Cascata Madre, Cascata degli Angeli, Cascata del Salto Mortale, Cascata della Grotta, Cascata del Sentiero und Sputo di Rospo. Zus\u00e4tzlich gibt es vier Nebenwasserf\u00e4lle.<\/p>\n<p>F\u00fcr echte Eiskletter-Enthusiasten ist auch der Ort von au\u00dfergew\u00f6hnlicher nat\u00fcrlicher Sch\u00f6nheit in Val di Saent, innerhalb des Nationalparks Stilfser Joch, ein absolutes Muss: Hier finden Sie drei verschiedene Eisf\u00e4lle, die \u00e4sthetisch ansprechend sind und gro\u00dfe Befriedigung bieten.<\/p>\n<p><strong><em>&#8230; ab 59 \u20ac pro Person, inklusive reichhaltigem Fr\u00fchst\u00fcck, Abendessen mit lokalen Produkten und einem Nachmittagssnack bei der R\u00fcckkehr. Es gibt keine Mindestaufenthaltsdauer, aber an Wochenenden kann ein kleiner Zuschlag erhoben werden.<\/em><\/strong><\/p>\n","protected":false},"excerpt":{"rendered":"<p>F\u00fcr Nervenkitzel-Suchende im Winter verwandelt sich das spektakul\u00e4re Amphitheater der Cascate di Valorz in eine der beliebtesten Eis-Kletterarenen der Alpen. Zehn beeindruckende gefrorene Wasserf\u00e4lle mit unterschiedlichen Schwierigkeitsgraden und H\u00f6henunterschieden von 100 bis 250 Metern dominieren die Landschaft. Das Valorz-Zirkus besteht aus sechs Hauptwasserf\u00e4llen: Cascata Madre, Cascata degli Angeli, Cascata del Salto Mortale, Cascata della Grotta, [&hellip;]<\/p>\n","protected":false},"author":11,"featured_media":0,"parent":550,"menu_order":57,"comment_status":"closed","ping_status":"closed","template":"","meta":{"footnotes":""},"yoast_head":"<!-- This site is optimized with the Yoast SEO plugin v22.3 - https:\/\/yoast.com\/wordpress\/plugins\/seo\/ -->\n<title>Eisklettern - Alpen Hotel Rabbi<\/title>\n<meta name=\"description\" content=\"F\u00fcr Nervenkitzel-Suchende im Winter verwandelt sich das spektakul\u00e4re Amphitheater der Cascate di Valorz in eine der beliebtesten Eis-Kletterarenen der Alpen. Zehn beeindruckende gefrorene Wasserf\u00e4lle mit unterschiedlichen Schwierigkeitsgraden und H\u00f6henunterschieden von 100 bis 250 Metern dominieren die Landschaft.  Das Valorz-Zirkus besteht aus sechs Hauptwasserf\u00e4llen: Cascata Madre, Cascata degli Angeli, Cascata del Salto Mortale, Cascata della Grotta, Cascata del Sentiero und Sputo di Rospo\" \/>\n<meta name=\"robots\" content=\"index, follow, max-snippet:-1, max-image-preview:large, max-video-preview:-1\" \/>\n<link rel=\"canonical\" href=\"https:\/\/www.alpenhotelrabbi.it\/de\/erlebnisse-im-val-di-rabbi\/eisklettern\/\" \/>\n<meta property=\"og:locale\" content=\"de_DE\" \/>\n<meta property=\"og:type\" content=\"article\" \/>\n<meta property=\"og:title\" content=\"Eisklettern - Alpen Hotel Rabbi\" \/>\n<meta property=\"og:description\" content=\"F\u00fcr Nervenkitzel-Suchende im Winter verwandelt sich das spektakul\u00e4re Amphitheater der Cascate di Valorz in eine der beliebtesten Eis-Kletterarenen der Alpen. Zehn beeindruckende gefrorene Wasserf\u00e4lle mit unterschiedlichen Schwierigkeitsgraden und H\u00f6henunterschieden von 100 bis 250 Metern dominieren die Landschaft.  Das Valorz-Zirkus besteht aus sechs Hauptwasserf\u00e4llen: Cascata Madre, Cascata degli Angeli, Cascata del Salto Mortale, Cascata della Grotta, Cascata del Sentiero und Sputo di Rospo\" \/>\n<meta property=\"og:url\" content=\"https:\/\/www.alpenhotelrabbi.it\/de\/erlebnisse-im-val-di-rabbi\/eisklettern\/\" \/>\n<meta property=\"og:site_name\" content=\"Alpen Hotel Rabbi\" \/>\n<meta property=\"article:modified_time\" content=\"2023-05-18T09:07:44+00:00\" \/>\n<meta name=\"twitter:card\" content=\"summary_large_image\" \/>\n<meta name=\"twitter:label1\" content=\"Gesch\u00e4tzte Lesezeit\" \/>\n\t<meta name=\"twitter:data1\" content=\"1 Minute\" \/>\n<script type=\"application\/ld+json\" class=\"yoast-schema-graph\">{\"@context\":\"https:\/\/schema.org\",\"@graph\":[{\"@type\":\"WebPage\",\"@id\":\"https:\/\/www.alpenhotelrabbi.it\/de\/erlebnisse-im-val-di-rabbi\/eisklettern\/\",\"url\":\"https:\/\/www.alpenhotelrabbi.it\/de\/erlebnisse-im-val-di-rabbi\/eisklettern\/\",\"name\":\"Eisklettern - Alpen Hotel Rabbi\",\"isPartOf\":{\"@id\":\"https:\/\/www.alpenhotelrabbi.it\/de\/#website\"},\"datePublished\":\"2023-04-15T17:14:09+00:00\",\"dateModified\":\"2023-05-18T09:07:44+00:00\",\"description\":\"F\u00fcr Nervenkitzel-Suchende im Winter verwandelt sich das spektakul\u00e4re Amphitheater der Cascate di Valorz in eine der beliebtesten Eis-Kletterarenen der Alpen. Zehn beeindruckende gefrorene Wasserf\u00e4lle mit unterschiedlichen Schwierigkeitsgraden und H\u00f6henunterschieden von 100 bis 250 Metern dominieren die Landschaft. Das Valorz-Zirkus besteht aus sechs Hauptwasserf\u00e4llen: Cascata Madre, Cascata degli Angeli, Cascata del Salto Mortale, Cascata della Grotta, Cascata del Sentiero und Sputo di Rospo\",\"breadcrumb\":{\"@id\":\"https:\/\/www.alpenhotelrabbi.it\/de\/erlebnisse-im-val-di-rabbi\/eisklettern\/#breadcrumb\"},\"inLanguage\":\"de-DE\",\"potentialAction\":[{\"@type\":\"ReadAction\",\"target\":[\"https:\/\/www.alpenhotelrabbi.it\/de\/erlebnisse-im-val-di-rabbi\/eisklettern\/\"]}]},{\"@type\":\"BreadcrumbList\",\"@id\":\"https:\/\/www.alpenhotelrabbi.it\/de\/erlebnisse-im-val-di-rabbi\/eisklettern\/#breadcrumb\",\"itemListElement\":[{\"@type\":\"ListItem\",\"position\":1,\"name\":\"Home\",\"item\":\"https:\/\/www.alpenhotelrabbi.it\/de\/\"},{\"@type\":\"ListItem\",\"position\":2,\"name\":\"Erlebnisse im Val di Rabbi\",\"item\":\"https:\/\/www.alpenhotelrabbi.it\/de\/erlebnisse-im-val-di-rabbi\/\"},{\"@type\":\"ListItem\",\"position\":3,\"name\":\"Eisklettern\"}]},{\"@type\":\"WebSite\",\"@id\":\"https:\/\/www.alpenhotelrabbi.it\/de\/#website\",\"url\":\"https:\/\/www.alpenhotelrabbi.it\/de\/\",\"name\":\"Alpen Hotel Rabbi\",\"description\":\"\",\"potentialAction\":[{\"@type\":\"SearchAction\",\"target\":{\"@type\":\"EntryPoint\",\"urlTemplate\":\"https:\/\/www.alpenhotelrabbi.it\/de\/?s={search_term_string}\"},\"query-input\":\"required name=search_term_string\"}],\"inLanguage\":\"de-DE\"}]}<\/script>\n<!-- \/ Yoast SEO plugin. -->","yoast_head_json":{"title":"Eisklettern - Alpen Hotel Rabbi","description":"F\u00fcr Nervenkitzel-Suchende im Winter verwandelt sich das spektakul\u00e4re Amphitheater der Cascate di Valorz in eine der beliebtesten Eis-Kletterarenen der Alpen. Zehn beeindruckende gefrorene Wasserf\u00e4lle mit unterschiedlichen Schwierigkeitsgraden und H\u00f6henunterschieden von 100 bis 250 Metern dominieren die Landschaft.  Das Valorz-Zirkus besteht aus sechs Hauptwasserf\u00e4llen: Cascata Madre, Cascata degli Angeli, Cascata del Salto Mortale, Cascata della Grotta, Cascata del Sentiero und Sputo di Rospo","robots":{"index":"index","follow":"follow","max-snippet":"max-snippet:-1","max-image-preview":"max-image-preview:large","max-video-preview":"max-video-preview:-1"},"canonical":"https:\/\/www.alpenhotelrabbi.it\/de\/erlebnisse-im-val-di-rabbi\/eisklettern\/","og_locale":"de_DE","og_type":"article","og_title":"Eisklettern - Alpen Hotel Rabbi","og_description":"F\u00fcr Nervenkitzel-Suchende im Winter verwandelt sich das spektakul\u00e4re Amphitheater der Cascate di Valorz in eine der beliebtesten Eis-Kletterarenen der Alpen. Zehn beeindruckende gefrorene Wasserf\u00e4lle mit unterschiedlichen Schwierigkeitsgraden und H\u00f6henunterschieden von 100 bis 250 Metern dominieren die Landschaft.  Das Valorz-Zirkus besteht aus sechs Hauptwasserf\u00e4llen: Cascata Madre, Cascata degli Angeli, Cascata del Salto Mortale, Cascata della Grotta, Cascata del Sentiero und Sputo di Rospo","og_url":"https:\/\/www.alpenhotelrabbi.it\/de\/erlebnisse-im-val-di-rabbi\/eisklettern\/","og_site_name":"Alpen Hotel Rabbi","article_modified_time":"2023-05-18T09:07:44+00:00","twitter_card":"summary_large_image","twitter_misc":{"Gesch\u00e4tzte Lesezeit":"1 Minute"},"schema":{"@context":"https:\/\/schema.org","@graph":[{"@type":"WebPage","@id":"https:\/\/www.alpenhotelrabbi.it\/de\/erlebnisse-im-val-di-rabbi\/eisklettern\/","url":"https:\/\/www.alpenhotelrabbi.it\/de\/erlebnisse-im-val-di-rabbi\/eisklettern\/","name":"Eisklettern - Alpen Hotel Rabbi","isPartOf":{"@id":"https:\/\/www.alpenhotelrabbi.it\/de\/#website"},"datePublished":"2023-04-15T17:14:09+00:00","dateModified":"2023-05-18T09:07:44+00:00","description":"F\u00fcr Nervenkitzel-Suchende im Winter verwandelt sich das spektakul\u00e4re Amphitheater der Cascate di Valorz in eine der beliebtesten Eis-Kletterarenen der Alpen. Zehn beeindruckende gefrorene Wasserf\u00e4lle mit unterschiedlichen Schwierigkeitsgraden und H\u00f6henunterschieden von 100 bis 250 Metern dominieren die Landschaft. Das Valorz-Zirkus besteht aus sechs Hauptwasserf\u00e4llen: Cascata Madre, Cascata degli Angeli, Cascata del Salto Mortale, Cascata della Grotta, Cascata del Sentiero und Sputo di Rospo","breadcrumb":{"@id":"https:\/\/www.alpenhotelrabbi.it\/de\/erlebnisse-im-val-di-rabbi\/eisklettern\/#breadcrumb"},"inLanguage":"de-DE","potentialAction":[{"@type":"ReadAction","target":["https:\/\/www.alpenhotelrabbi.it\/de\/erlebnisse-im-val-di-rabbi\/eisklettern\/"]}]},{"@type":"BreadcrumbList","@id":"https:\/\/www.alpenhotelrabbi.it\/de\/erlebnisse-im-val-di-rabbi\/eisklettern\/#breadcrumb","itemListElement":[{"@type":"ListItem","position":1,"name":"Home","item":"https:\/\/www.alpenhotelrabbi.it\/de\/"},{"@type":"ListItem","position":2,"name":"Erlebnisse im Val di Rabbi","item":"https:\/\/www.alpenhotelrabbi.it\/de\/erlebnisse-im-val-di-rabbi\/"},{"@type":"ListItem","position":3,"name":"Eisklettern"}]},{"@type":"WebSite","@id":"https:\/\/www.alpenhotelrabbi.it\/de\/#website","url":"https:\/\/www.alpenhotelrabbi.it\/de\/","name":"Alpen Hotel Rabbi","description":"","potentialAction":[{"@type":"SearchAction","target":{"@type":"EntryPoint","urlTemplate":"https:\/\/www.alpenhotelrabbi.it\/de\/?s={search_term_string}"},"query-input":"required name=search_term_string"}],"inLanguage":"de-DE"}]}},"acf":[],"_links":{"self":[{"href":"https:\/\/www.alpenhotelrabbi.it\/de\/wp-json\/wp\/v2\/pages\/564"}],"collection":[{"href":"https:\/\/www.alpenhotelrabbi.it\/de\/wp-json\/wp\/v2\/pages"}],"about":[{"href":"https:\/\/www.alpenhotelrabbi.it\/de\/wp-json\/wp\/v2\/types\/page"}],"author":[{"embeddable":true,"href":"https:\/\/www.alpenhotelrabbi.it\/de\/wp-json\/wp\/v2\/users\/11"}],"replies":[{"embeddable":true,"href":"https:\/\/www.alpenhotelrabbi.it\/de\/wp-json\/wp\/v2\/comments?post=564"}],"version-history":[{"count":0,"href":"https:\/\/www.alpenhotelrabbi.it\/de\/wp-json\/wp\/v2\/pages\/564\/revisions"}],"up":[{"embeddable":true,"href":"https:\/\/www.alpenhotelrabbi.it\/de\/wp-json\/wp\/v2\/pages\/550"}],"wp:attachment":[{"href":"https:\/\/www.alpenhotelrabbi.it\/de\/wp-json\/wp\/v2\/media?parent=564"}],"curies":[{"name":"wp","href":"https:\/\/api.w.org\/{rel}","templated":true}]}}