{"id":562,"date":"2023-04-15T17:13:29","date_gmt":"2023-04-15T17:13:29","guid":{"rendered":"https:\/\/alpenhotelrabbisequoia.ms2.decms.eu\/esperienze-in-val-di-rabbi\/lo-sci-alpinismo\/"},"modified":"2023-05-18T09:04:55","modified_gmt":"2023-05-18T09:04:55","slug":"skihochtouren","status":"publish","type":"page","link":"https:\/\/www.alpenhotelrabbi.it\/de\/erlebnisse-im-val-di-rabbi\/skihochtouren\/","title":{"rendered":"Skihochtouren"},"content":{"rendered":"<p>Das Skibergsteigen ist im <strong>Val di Rabbi<\/strong> ein Paradies f\u00fcr Liebhaber des <strong>Skibergsteigens<\/strong>. Im Gegensatz zum traditionellen Skifahren sind keine Pisten und Lifte erforderlich.<\/p>\n<p>Mit unseren Tourenskiern und Fellen k\u00f6nnen wir aufsteigen und die im Winter ge\u00f6ffneten Almh\u00fctten erreichen, wo wir typische Gerichte genie\u00dfen und uns ausruhen k\u00f6nnen.<\/p>\n<p>Bei der R\u00fcckkehr erwartet uns eine aufregende Abfahrt inmitten einer atemberaubenden Landschaft, gepr\u00e4gt von kleinen Siedlungen und H\u00e4ngen mit L\u00e4rchen und Tannen, die sicherlich die Anstrengung des Aufstiegs belohnen wird.<\/p>\n<p>Bitte beachten Sie: Die \u00dcbersetzung kann in verschiedenen Varianten interpretiert werden<\/p>\n","protected":false},"excerpt":{"rendered":"<p>Das Skibergsteigen ist im Val di Rabbi ein Paradies f\u00fcr Liebhaber des Skibergsteigens. Im Gegensatz zum traditionellen Skifahren sind keine Pisten und Lifte erforderlich. Mit unseren Tourenskiern und Fellen k\u00f6nnen wir aufsteigen und die im Winter ge\u00f6ffneten Almh\u00fctten erreichen, wo wir typische Gerichte genie\u00dfen und uns ausruhen k\u00f6nnen. Bei der R\u00fcckkehr erwartet uns eine aufregende [&hellip;]<\/p>\n","protected":false},"author":11,"featured_media":0,"parent":550,"menu_order":56,"comment_status":"closed","ping_status":"closed","template":"","meta":{"footnotes":""},"class_list":["post-562","page","type-page","status-publish","hentry"],"yoast_head":"<!-- This site is optimized with the Yoast SEO plugin v27.3 - https:\/\/yoast.com\/product\/yoast-seo-wordpress\/ -->\n<title>Skihochtouren - Alpen Hotel Rabbi<\/title>\n<meta name=\"description\" content=\"Das Skibergsteigen ist im Val di Rabbi ein Paradies f\u00fcr Liebhaber des Skibergsteigens. Im Gegensatz zum traditionellen Skifahren sind keine Pisten und Lifte erforderlich.  Mit unseren Tourenskiern und Fellen k\u00f6nnen wir aufsteigen und die im Winter ge\u00f6ffneten Almh\u00fctten erreichen, wo wir typische Gerichte genie\u00dfen und uns ausruhen k\u00f6nnen.  Bei der R\u00fcckkehr erwartet uns eine aufregende Abfahrt inmitten einer atemberaubenden Landschaft, gepr\u00e4gt von kleinen Siedlungen und H\u00e4ngen mit L\u00e4rchen und Tannen, die sicherlich die Anstrengung des Aufstiegs belohnen wird.  Bitte beachten Sie: Die \u00dcbersetzung kann in verschiedenen Varianten interpretiert werden\" \/>\n<meta name=\"robots\" content=\"index, follow, max-snippet:-1, max-image-preview:large, max-video-preview:-1\" \/>\n<link rel=\"canonical\" href=\"https:\/\/www.alpenhotelrabbi.it\/de\/erlebnisse-im-val-di-rabbi\/skihochtouren\/\" \/>\n<meta property=\"og:locale\" content=\"de_DE\" \/>\n<meta property=\"og:type\" content=\"article\" \/>\n<meta property=\"og:title\" content=\"Skihochtouren - Alpen Hotel Rabbi\" \/>\n<meta property=\"og:description\" content=\"Das Skibergsteigen ist im Val di Rabbi ein Paradies f\u00fcr Liebhaber des Skibergsteigens. Im Gegensatz zum traditionellen Skifahren sind keine Pisten und Lifte erforderlich.  Mit unseren Tourenskiern und Fellen k\u00f6nnen wir aufsteigen und die im Winter ge\u00f6ffneten Almh\u00fctten erreichen, wo wir typische Gerichte genie\u00dfen und uns ausruhen k\u00f6nnen.  Bei der R\u00fcckkehr erwartet uns eine aufregende Abfahrt inmitten einer atemberaubenden Landschaft, gepr\u00e4gt von kleinen Siedlungen und H\u00e4ngen mit L\u00e4rchen und Tannen, die sicherlich die Anstrengung des Aufstiegs belohnen wird.  Bitte beachten Sie: Die \u00dcbersetzung kann in verschiedenen Varianten interpretiert werden\" \/>\n<meta property=\"og:url\" content=\"https:\/\/www.alpenhotelrabbi.it\/de\/erlebnisse-im-val-di-rabbi\/skihochtouren\/\" \/>\n<meta property=\"og:site_name\" content=\"Alpen Hotel Rabbi\" \/>\n<meta property=\"article:modified_time\" content=\"2023-05-18T09:04:55+00:00\" \/>\n<meta name=\"twitter:card\" content=\"summary_large_image\" \/>\n<meta name=\"twitter:label1\" content=\"Gesch\u00e4tzte Lesezeit\" \/>\n\t<meta name=\"twitter:data1\" content=\"1 Minute\" \/>\n<script type=\"application\/ld+json\" class=\"yoast-schema-graph\">{\"@context\":\"https:\\\/\\\/schema.org\",\"@graph\":[{\"@type\":\"WebPage\",\"@id\":\"https:\\\/\\\/www.alpenhotelrabbi.it\\\/de\\\/erlebnisse-im-val-di-rabbi\\\/skihochtouren\\\/\",\"url\":\"https:\\\/\\\/www.alpenhotelrabbi.it\\\/de\\\/erlebnisse-im-val-di-rabbi\\\/skihochtouren\\\/\",\"name\":\"Skihochtouren - Alpen Hotel Rabbi\",\"isPartOf\":{\"@id\":\"https:\\\/\\\/www.alpenhotelrabbi.it\\\/de\\\/#website\"},\"datePublished\":\"2023-04-15T17:13:29+00:00\",\"dateModified\":\"2023-05-18T09:04:55+00:00\",\"description\":\"Das Skibergsteigen ist im Val di Rabbi ein Paradies f\u00fcr Liebhaber des Skibergsteigens. Im Gegensatz zum traditionellen Skifahren sind keine Pisten und Lifte erforderlich. Mit unseren Tourenskiern und Fellen k\u00f6nnen wir aufsteigen und die im Winter ge\u00f6ffneten Almh\u00fctten erreichen, wo wir typische Gerichte genie\u00dfen und uns ausruhen k\u00f6nnen. Bei der R\u00fcckkehr erwartet uns eine aufregende Abfahrt inmitten einer atemberaubenden Landschaft, gepr\u00e4gt von kleinen Siedlungen und H\u00e4ngen mit L\u00e4rchen und Tannen, die sicherlich die Anstrengung des Aufstiegs belohnen wird. Bitte beachten Sie: Die \u00dcbersetzung kann in verschiedenen Varianten interpretiert werden\",\"breadcrumb\":{\"@id\":\"https:\\\/\\\/www.alpenhotelrabbi.it\\\/de\\\/erlebnisse-im-val-di-rabbi\\\/skihochtouren\\\/#breadcrumb\"},\"inLanguage\":\"de-DE\",\"potentialAction\":[{\"@type\":\"ReadAction\",\"target\":[\"https:\\\/\\\/www.alpenhotelrabbi.it\\\/de\\\/erlebnisse-im-val-di-rabbi\\\/skihochtouren\\\/\"]}]},{\"@type\":\"BreadcrumbList\",\"@id\":\"https:\\\/\\\/www.alpenhotelrabbi.it\\\/de\\\/erlebnisse-im-val-di-rabbi\\\/skihochtouren\\\/#breadcrumb\",\"itemListElement\":[{\"@type\":\"ListItem\",\"position\":1,\"name\":\"Home\",\"item\":\"https:\\\/\\\/www.alpenhotelrabbi.it\\\/de\\\/\"},{\"@type\":\"ListItem\",\"position\":2,\"name\":\"Erlebnisse im Val di Rabbi\",\"item\":\"https:\\\/\\\/www.alpenhotelrabbi.it\\\/de\\\/erlebnisse-im-val-di-rabbi\\\/\"},{\"@type\":\"ListItem\",\"position\":3,\"name\":\"Skihochtouren\"}]},{\"@type\":\"WebSite\",\"@id\":\"https:\\\/\\\/www.alpenhotelrabbi.it\\\/de\\\/#website\",\"url\":\"https:\\\/\\\/www.alpenhotelrabbi.it\\\/de\\\/\",\"name\":\"Alpen Hotel Rabbi\",\"description\":\"\",\"potentialAction\":[{\"@type\":\"SearchAction\",\"target\":{\"@type\":\"EntryPoint\",\"urlTemplate\":\"https:\\\/\\\/www.alpenhotelrabbi.it\\\/de\\\/?s={search_term_string}\"},\"query-input\":{\"@type\":\"PropertyValueSpecification\",\"valueRequired\":true,\"valueName\":\"search_term_string\"}}],\"inLanguage\":\"de-DE\"}]}<\/script>\n<!-- \/ Yoast SEO plugin. -->","yoast_head_json":{"title":"Skihochtouren - Alpen Hotel Rabbi","description":"Das Skibergsteigen ist im Val di Rabbi ein Paradies f\u00fcr Liebhaber des Skibergsteigens. Im Gegensatz zum traditionellen Skifahren sind keine Pisten und Lifte erforderlich.  Mit unseren Tourenskiern und Fellen k\u00f6nnen wir aufsteigen und die im Winter ge\u00f6ffneten Almh\u00fctten erreichen, wo wir typische Gerichte genie\u00dfen und uns ausruhen k\u00f6nnen.  Bei der R\u00fcckkehr erwartet uns eine aufregende Abfahrt inmitten einer atemberaubenden Landschaft, gepr\u00e4gt von kleinen Siedlungen und H\u00e4ngen mit L\u00e4rchen und Tannen, die sicherlich die Anstrengung des Aufstiegs belohnen wird.  Bitte beachten Sie: Die \u00dcbersetzung kann in verschiedenen Varianten interpretiert werden","robots":{"index":"index","follow":"follow","max-snippet":"max-snippet:-1","max-image-preview":"max-image-preview:large","max-video-preview":"max-video-preview:-1"},"canonical":"https:\/\/www.alpenhotelrabbi.it\/de\/erlebnisse-im-val-di-rabbi\/skihochtouren\/","og_locale":"de_DE","og_type":"article","og_title":"Skihochtouren - Alpen Hotel Rabbi","og_description":"Das Skibergsteigen ist im Val di Rabbi ein Paradies f\u00fcr Liebhaber des Skibergsteigens. Im Gegensatz zum traditionellen Skifahren sind keine Pisten und Lifte erforderlich.  Mit unseren Tourenskiern und Fellen k\u00f6nnen wir aufsteigen und die im Winter ge\u00f6ffneten Almh\u00fctten erreichen, wo wir typische Gerichte genie\u00dfen und uns ausruhen k\u00f6nnen.  Bei der R\u00fcckkehr erwartet uns eine aufregende Abfahrt inmitten einer atemberaubenden Landschaft, gepr\u00e4gt von kleinen Siedlungen und H\u00e4ngen mit L\u00e4rchen und Tannen, die sicherlich die Anstrengung des Aufstiegs belohnen wird.  Bitte beachten Sie: Die \u00dcbersetzung kann in verschiedenen Varianten interpretiert werden","og_url":"https:\/\/www.alpenhotelrabbi.it\/de\/erlebnisse-im-val-di-rabbi\/skihochtouren\/","og_site_name":"Alpen Hotel Rabbi","article_modified_time":"2023-05-18T09:04:55+00:00","twitter_card":"summary_large_image","twitter_misc":{"Gesch\u00e4tzte Lesezeit":"1 Minute"},"schema":{"@context":"https:\/\/schema.org","@graph":[{"@type":"WebPage","@id":"https:\/\/www.alpenhotelrabbi.it\/de\/erlebnisse-im-val-di-rabbi\/skihochtouren\/","url":"https:\/\/www.alpenhotelrabbi.it\/de\/erlebnisse-im-val-di-rabbi\/skihochtouren\/","name":"Skihochtouren - Alpen Hotel Rabbi","isPartOf":{"@id":"https:\/\/www.alpenhotelrabbi.it\/de\/#website"},"datePublished":"2023-04-15T17:13:29+00:00","dateModified":"2023-05-18T09:04:55+00:00","description":"Das Skibergsteigen ist im Val di Rabbi ein Paradies f\u00fcr Liebhaber des Skibergsteigens. Im Gegensatz zum traditionellen Skifahren sind keine Pisten und Lifte erforderlich. Mit unseren Tourenskiern und Fellen k\u00f6nnen wir aufsteigen und die im Winter ge\u00f6ffneten Almh\u00fctten erreichen, wo wir typische Gerichte genie\u00dfen und uns ausruhen k\u00f6nnen. Bei der R\u00fcckkehr erwartet uns eine aufregende Abfahrt inmitten einer atemberaubenden Landschaft, gepr\u00e4gt von kleinen Siedlungen und H\u00e4ngen mit L\u00e4rchen und Tannen, die sicherlich die Anstrengung des Aufstiegs belohnen wird. Bitte beachten Sie: Die \u00dcbersetzung kann in verschiedenen Varianten interpretiert werden","breadcrumb":{"@id":"https:\/\/www.alpenhotelrabbi.it\/de\/erlebnisse-im-val-di-rabbi\/skihochtouren\/#breadcrumb"},"inLanguage":"de-DE","potentialAction":[{"@type":"ReadAction","target":["https:\/\/www.alpenhotelrabbi.it\/de\/erlebnisse-im-val-di-rabbi\/skihochtouren\/"]}]},{"@type":"BreadcrumbList","@id":"https:\/\/www.alpenhotelrabbi.it\/de\/erlebnisse-im-val-di-rabbi\/skihochtouren\/#breadcrumb","itemListElement":[{"@type":"ListItem","position":1,"name":"Home","item":"https:\/\/www.alpenhotelrabbi.it\/de\/"},{"@type":"ListItem","position":2,"name":"Erlebnisse im Val di Rabbi","item":"https:\/\/www.alpenhotelrabbi.it\/de\/erlebnisse-im-val-di-rabbi\/"},{"@type":"ListItem","position":3,"name":"Skihochtouren"}]},{"@type":"WebSite","@id":"https:\/\/www.alpenhotelrabbi.it\/de\/#website","url":"https:\/\/www.alpenhotelrabbi.it\/de\/","name":"Alpen Hotel Rabbi","description":"","potentialAction":[{"@type":"SearchAction","target":{"@type":"EntryPoint","urlTemplate":"https:\/\/www.alpenhotelrabbi.it\/de\/?s={search_term_string}"},"query-input":{"@type":"PropertyValueSpecification","valueRequired":true,"valueName":"search_term_string"}}],"inLanguage":"de-DE"}]}},"acf":[],"_links":{"self":[{"href":"https:\/\/www.alpenhotelrabbi.it\/de\/wp-json\/wp\/v2\/pages\/562","targetHints":{"allow":["GET"]}}],"collection":[{"href":"https:\/\/www.alpenhotelrabbi.it\/de\/wp-json\/wp\/v2\/pages"}],"about":[{"href":"https:\/\/www.alpenhotelrabbi.it\/de\/wp-json\/wp\/v2\/types\/page"}],"author":[{"embeddable":true,"href":"https:\/\/www.alpenhotelrabbi.it\/de\/wp-json\/wp\/v2\/users\/11"}],"replies":[{"embeddable":true,"href":"https:\/\/www.alpenhotelrabbi.it\/de\/wp-json\/wp\/v2\/comments?post=562"}],"version-history":[{"count":0,"href":"https:\/\/www.alpenhotelrabbi.it\/de\/wp-json\/wp\/v2\/pages\/562\/revisions"}],"up":[{"embeddable":true,"href":"https:\/\/www.alpenhotelrabbi.it\/de\/wp-json\/wp\/v2\/pages\/550"}],"wp:attachment":[{"href":"https:\/\/www.alpenhotelrabbi.it\/de\/wp-json\/wp\/v2\/media?parent=562"}],"curies":[{"name":"wp","href":"https:\/\/api.w.org\/{rel}","templated":true}]}}