{"id":558,"date":"2023-04-15T17:12:21","date_gmt":"2023-04-15T17:12:21","guid":{"rendered":"https:\/\/alpenhotelrabbisequoia.ms2.decms.eu\/esperienze-in-val-di-rabbi\/escursioni-con-le-ciaspole\/"},"modified":"2023-05-18T08:52:14","modified_gmt":"2023-05-18T08:52:14","slug":"schneeschuhwanderungen","status":"publish","type":"page","link":"https:\/\/www.alpenhotelrabbi.it\/de\/erlebnisse-im-val-di-rabbi\/schneeschuhwanderungen\/","title":{"rendered":"Schneeschuhwanderungen"},"content":{"rendered":"<p><strong>Schneeschuhwandern<\/strong> oder Schneeschuhlaufen ist in den letzten Jahren zu einer sehr beliebten Sportart geworden, die uns gleichzeitig in die Vergangenheit zur\u00fcckf\u00fchrt. Fr\u00fcher mussten unsere Gro\u00dfeltern Holzschneeschuhe verwenden, um sich in den Wintermonaten, wenn es starke Schneef\u00e4lle gab, leichter fortbewegen zu k\u00f6nnen.<\/p>\n<p>Beim Spaziergang durch verschneite <strong>W\u00e4lder k\u00f6nnen<\/strong> wir die Spuren der Tiere entdecken und eine andere, aber ebenso magische Natur kennenlernen wie im Sommer.<\/p>\n<p>Das <strong>Val di Rabbi<\/strong> mit seinen weitl\u00e4ufigen unber\u00fchrten R\u00e4umen eignet sich hervorragend f\u00fcr Schneeschuhwanderungen. Im Tal gibt es sechs markierte Routen mit Wegweisern und Schildern mit dem &#8222;Schneeschuh&#8220;-Logo.<\/p>\n","protected":false},"excerpt":{"rendered":"<p>Schneeschuhwandern oder Schneeschuhlaufen ist in den letzten Jahren zu einer sehr beliebten Sportart geworden, die uns gleichzeitig in die Vergangenheit zur\u00fcckf\u00fchrt. Fr\u00fcher mussten unsere Gro\u00dfeltern Holzschneeschuhe verwenden, um sich in den Wintermonaten, wenn es starke Schneef\u00e4lle gab, leichter fortbewegen zu k\u00f6nnen. Beim Spaziergang durch verschneite W\u00e4lder k\u00f6nnen wir die Spuren der Tiere entdecken und eine [&hellip;]<\/p>\n","protected":false},"author":11,"featured_media":0,"parent":550,"menu_order":54,"comment_status":"closed","ping_status":"closed","template":"","meta":{"footnotes":""},"yoast_head":"<!-- This site is optimized with the Yoast SEO plugin v22.3 - https:\/\/yoast.com\/wordpress\/plugins\/seo\/ -->\n<title>Schneeschuhwanderungen - Alpen Hotel Rabbi<\/title>\n<meta name=\"description\" content=\"Schneeschuhwandern oder Schneeschuhlaufen ist in den letzten Jahren zu einer sehr beliebten Sportart geworden, die uns gleichzeitig in die Vergangenheit zur\u00fcckf\u00fchrt. Fr\u00fcher mussten unsere Gro\u00dfeltern Holzschneeschuhe verwenden, um sich in den Wintermonaten, wenn es starke Schneef\u00e4lle gab, leichter fortbewegen zu k\u00f6nnen.  Beim Spaziergang durch verschneite W\u00e4lder k\u00f6nnen wir die Spuren der Tiere entdecken und eine andere, aber ebenso magische Natur kennenlernen wie im Sommer.  Das Val di Rabbi mit seinen weitl\u00e4ufigen unber\u00fchrten R\u00e4umen eignet sich hervorragend f\u00fcr Schneeschuhwanderungen\" \/>\n<meta name=\"robots\" content=\"index, follow, max-snippet:-1, max-image-preview:large, max-video-preview:-1\" \/>\n<link rel=\"canonical\" href=\"https:\/\/www.alpenhotelrabbi.it\/de\/erlebnisse-im-val-di-rabbi\/schneeschuhwanderungen\/\" \/>\n<meta property=\"og:locale\" content=\"de_DE\" \/>\n<meta property=\"og:type\" content=\"article\" \/>\n<meta property=\"og:title\" content=\"Schneeschuhwanderungen - Alpen Hotel Rabbi\" \/>\n<meta property=\"og:description\" content=\"Schneeschuhwandern oder Schneeschuhlaufen ist in den letzten Jahren zu einer sehr beliebten Sportart geworden, die uns gleichzeitig in die Vergangenheit zur\u00fcckf\u00fchrt. Fr\u00fcher mussten unsere Gro\u00dfeltern Holzschneeschuhe verwenden, um sich in den Wintermonaten, wenn es starke Schneef\u00e4lle gab, leichter fortbewegen zu k\u00f6nnen.  Beim Spaziergang durch verschneite W\u00e4lder k\u00f6nnen wir die Spuren der Tiere entdecken und eine andere, aber ebenso magische Natur kennenlernen wie im Sommer.  Das Val di Rabbi mit seinen weitl\u00e4ufigen unber\u00fchrten R\u00e4umen eignet sich hervorragend f\u00fcr Schneeschuhwanderungen\" \/>\n<meta property=\"og:url\" content=\"https:\/\/www.alpenhotelrabbi.it\/de\/erlebnisse-im-val-di-rabbi\/schneeschuhwanderungen\/\" \/>\n<meta property=\"og:site_name\" content=\"Alpen Hotel Rabbi\" \/>\n<meta property=\"article:modified_time\" content=\"2023-05-18T08:52:14+00:00\" \/>\n<meta name=\"twitter:card\" content=\"summary_large_image\" \/>\n<meta name=\"twitter:label1\" content=\"Gesch\u00e4tzte Lesezeit\" \/>\n\t<meta name=\"twitter:data1\" content=\"1 Minute\" \/>\n<script type=\"application\/ld+json\" class=\"yoast-schema-graph\">{\"@context\":\"https:\/\/schema.org\",\"@graph\":[{\"@type\":\"WebPage\",\"@id\":\"https:\/\/www.alpenhotelrabbi.it\/de\/erlebnisse-im-val-di-rabbi\/schneeschuhwanderungen\/\",\"url\":\"https:\/\/www.alpenhotelrabbi.it\/de\/erlebnisse-im-val-di-rabbi\/schneeschuhwanderungen\/\",\"name\":\"Schneeschuhwanderungen - Alpen Hotel Rabbi\",\"isPartOf\":{\"@id\":\"https:\/\/www.alpenhotelrabbi.it\/de\/#website\"},\"datePublished\":\"2023-04-15T17:12:21+00:00\",\"dateModified\":\"2023-05-18T08:52:14+00:00\",\"description\":\"Schneeschuhwandern oder Schneeschuhlaufen ist in den letzten Jahren zu einer sehr beliebten Sportart geworden, die uns gleichzeitig in die Vergangenheit zur\u00fcckf\u00fchrt. Fr\u00fcher mussten unsere Gro\u00dfeltern Holzschneeschuhe verwenden, um sich in den Wintermonaten, wenn es starke Schneef\u00e4lle gab, leichter fortbewegen zu k\u00f6nnen. Beim Spaziergang durch verschneite W\u00e4lder k\u00f6nnen wir die Spuren der Tiere entdecken und eine andere, aber ebenso magische Natur kennenlernen wie im Sommer. Das Val di Rabbi mit seinen weitl\u00e4ufigen unber\u00fchrten R\u00e4umen eignet sich hervorragend f\u00fcr Schneeschuhwanderungen\",\"breadcrumb\":{\"@id\":\"https:\/\/www.alpenhotelrabbi.it\/de\/erlebnisse-im-val-di-rabbi\/schneeschuhwanderungen\/#breadcrumb\"},\"inLanguage\":\"de-DE\",\"potentialAction\":[{\"@type\":\"ReadAction\",\"target\":[\"https:\/\/www.alpenhotelrabbi.it\/de\/erlebnisse-im-val-di-rabbi\/schneeschuhwanderungen\/\"]}]},{\"@type\":\"BreadcrumbList\",\"@id\":\"https:\/\/www.alpenhotelrabbi.it\/de\/erlebnisse-im-val-di-rabbi\/schneeschuhwanderungen\/#breadcrumb\",\"itemListElement\":[{\"@type\":\"ListItem\",\"position\":1,\"name\":\"Home\",\"item\":\"https:\/\/www.alpenhotelrabbi.it\/de\/\"},{\"@type\":\"ListItem\",\"position\":2,\"name\":\"Erlebnisse im Val di Rabbi\",\"item\":\"https:\/\/www.alpenhotelrabbi.it\/de\/erlebnisse-im-val-di-rabbi\/\"},{\"@type\":\"ListItem\",\"position\":3,\"name\":\"Schneeschuhwanderungen\"}]},{\"@type\":\"WebSite\",\"@id\":\"https:\/\/www.alpenhotelrabbi.it\/de\/#website\",\"url\":\"https:\/\/www.alpenhotelrabbi.it\/de\/\",\"name\":\"Alpen Hotel Rabbi\",\"description\":\"\",\"potentialAction\":[{\"@type\":\"SearchAction\",\"target\":{\"@type\":\"EntryPoint\",\"urlTemplate\":\"https:\/\/www.alpenhotelrabbi.it\/de\/?s={search_term_string}\"},\"query-input\":\"required name=search_term_string\"}],\"inLanguage\":\"de-DE\"}]}<\/script>\n<!-- \/ Yoast SEO plugin. -->","yoast_head_json":{"title":"Schneeschuhwanderungen - Alpen Hotel Rabbi","description":"Schneeschuhwandern oder Schneeschuhlaufen ist in den letzten Jahren zu einer sehr beliebten Sportart geworden, die uns gleichzeitig in die Vergangenheit zur\u00fcckf\u00fchrt. Fr\u00fcher mussten unsere Gro\u00dfeltern Holzschneeschuhe verwenden, um sich in den Wintermonaten, wenn es starke Schneef\u00e4lle gab, leichter fortbewegen zu k\u00f6nnen.  Beim Spaziergang durch verschneite W\u00e4lder k\u00f6nnen wir die Spuren der Tiere entdecken und eine andere, aber ebenso magische Natur kennenlernen wie im Sommer.  Das Val di Rabbi mit seinen weitl\u00e4ufigen unber\u00fchrten R\u00e4umen eignet sich hervorragend f\u00fcr Schneeschuhwanderungen","robots":{"index":"index","follow":"follow","max-snippet":"max-snippet:-1","max-image-preview":"max-image-preview:large","max-video-preview":"max-video-preview:-1"},"canonical":"https:\/\/www.alpenhotelrabbi.it\/de\/erlebnisse-im-val-di-rabbi\/schneeschuhwanderungen\/","og_locale":"de_DE","og_type":"article","og_title":"Schneeschuhwanderungen - Alpen Hotel Rabbi","og_description":"Schneeschuhwandern oder Schneeschuhlaufen ist in den letzten Jahren zu einer sehr beliebten Sportart geworden, die uns gleichzeitig in die Vergangenheit zur\u00fcckf\u00fchrt. Fr\u00fcher mussten unsere Gro\u00dfeltern Holzschneeschuhe verwenden, um sich in den Wintermonaten, wenn es starke Schneef\u00e4lle gab, leichter fortbewegen zu k\u00f6nnen.  Beim Spaziergang durch verschneite W\u00e4lder k\u00f6nnen wir die Spuren der Tiere entdecken und eine andere, aber ebenso magische Natur kennenlernen wie im Sommer.  Das Val di Rabbi mit seinen weitl\u00e4ufigen unber\u00fchrten R\u00e4umen eignet sich hervorragend f\u00fcr Schneeschuhwanderungen","og_url":"https:\/\/www.alpenhotelrabbi.it\/de\/erlebnisse-im-val-di-rabbi\/schneeschuhwanderungen\/","og_site_name":"Alpen Hotel Rabbi","article_modified_time":"2023-05-18T08:52:14+00:00","twitter_card":"summary_large_image","twitter_misc":{"Gesch\u00e4tzte Lesezeit":"1 Minute"},"schema":{"@context":"https:\/\/schema.org","@graph":[{"@type":"WebPage","@id":"https:\/\/www.alpenhotelrabbi.it\/de\/erlebnisse-im-val-di-rabbi\/schneeschuhwanderungen\/","url":"https:\/\/www.alpenhotelrabbi.it\/de\/erlebnisse-im-val-di-rabbi\/schneeschuhwanderungen\/","name":"Schneeschuhwanderungen - Alpen Hotel Rabbi","isPartOf":{"@id":"https:\/\/www.alpenhotelrabbi.it\/de\/#website"},"datePublished":"2023-04-15T17:12:21+00:00","dateModified":"2023-05-18T08:52:14+00:00","description":"Schneeschuhwandern oder Schneeschuhlaufen ist in den letzten Jahren zu einer sehr beliebten Sportart geworden, die uns gleichzeitig in die Vergangenheit zur\u00fcckf\u00fchrt. Fr\u00fcher mussten unsere Gro\u00dfeltern Holzschneeschuhe verwenden, um sich in den Wintermonaten, wenn es starke Schneef\u00e4lle gab, leichter fortbewegen zu k\u00f6nnen. Beim Spaziergang durch verschneite W\u00e4lder k\u00f6nnen wir die Spuren der Tiere entdecken und eine andere, aber ebenso magische Natur kennenlernen wie im Sommer. Das Val di Rabbi mit seinen weitl\u00e4ufigen unber\u00fchrten R\u00e4umen eignet sich hervorragend f\u00fcr Schneeschuhwanderungen","breadcrumb":{"@id":"https:\/\/www.alpenhotelrabbi.it\/de\/erlebnisse-im-val-di-rabbi\/schneeschuhwanderungen\/#breadcrumb"},"inLanguage":"de-DE","potentialAction":[{"@type":"ReadAction","target":["https:\/\/www.alpenhotelrabbi.it\/de\/erlebnisse-im-val-di-rabbi\/schneeschuhwanderungen\/"]}]},{"@type":"BreadcrumbList","@id":"https:\/\/www.alpenhotelrabbi.it\/de\/erlebnisse-im-val-di-rabbi\/schneeschuhwanderungen\/#breadcrumb","itemListElement":[{"@type":"ListItem","position":1,"name":"Home","item":"https:\/\/www.alpenhotelrabbi.it\/de\/"},{"@type":"ListItem","position":2,"name":"Erlebnisse im Val di Rabbi","item":"https:\/\/www.alpenhotelrabbi.it\/de\/erlebnisse-im-val-di-rabbi\/"},{"@type":"ListItem","position":3,"name":"Schneeschuhwanderungen"}]},{"@type":"WebSite","@id":"https:\/\/www.alpenhotelrabbi.it\/de\/#website","url":"https:\/\/www.alpenhotelrabbi.it\/de\/","name":"Alpen Hotel Rabbi","description":"","potentialAction":[{"@type":"SearchAction","target":{"@type":"EntryPoint","urlTemplate":"https:\/\/www.alpenhotelrabbi.it\/de\/?s={search_term_string}"},"query-input":"required name=search_term_string"}],"inLanguage":"de-DE"}]}},"acf":[],"_links":{"self":[{"href":"https:\/\/www.alpenhotelrabbi.it\/de\/wp-json\/wp\/v2\/pages\/558"}],"collection":[{"href":"https:\/\/www.alpenhotelrabbi.it\/de\/wp-json\/wp\/v2\/pages"}],"about":[{"href":"https:\/\/www.alpenhotelrabbi.it\/de\/wp-json\/wp\/v2\/types\/page"}],"author":[{"embeddable":true,"href":"https:\/\/www.alpenhotelrabbi.it\/de\/wp-json\/wp\/v2\/users\/11"}],"replies":[{"embeddable":true,"href":"https:\/\/www.alpenhotelrabbi.it\/de\/wp-json\/wp\/v2\/comments?post=558"}],"version-history":[{"count":0,"href":"https:\/\/www.alpenhotelrabbi.it\/de\/wp-json\/wp\/v2\/pages\/558\/revisions"}],"up":[{"embeddable":true,"href":"https:\/\/www.alpenhotelrabbi.it\/de\/wp-json\/wp\/v2\/pages\/550"}],"wp:attachment":[{"href":"https:\/\/www.alpenhotelrabbi.it\/de\/wp-json\/wp\/v2\/media?parent=558"}],"curies":[{"name":"wp","href":"https:\/\/api.w.org\/{rel}","templated":true}]}}