{"id":554,"date":"2023-04-15T17:10:26","date_gmt":"2023-04-15T17:10:26","guid":{"rendered":"https:\/\/alpenhotelrabbisequoia.ms2.decms.eu\/esperienze-in-val-di-rabbi\/il-bosco-arriva-allalpen-hotel-rabbi\/"},"modified":"2023-05-18T08:48:26","modified_gmt":"2023-05-18T08:48:26","slug":"der-wald-erstreckt-sich-bis-zum-alpen-hotel-rabbi","status":"publish","type":"page","link":"https:\/\/www.alpenhotelrabbi.it\/de\/erlebnisse-im-val-di-rabbi\/der-wald-erstreckt-sich-bis-zum-alpen-hotel-rabbi\/","title":{"rendered":"Der Wald erstreckt sich bis zum Alpen Hotel Rabbi."},"content":{"rendered":"<p>F\u00fcr alle unsere G\u00e4ste haben wir diesen Winter beschlossen, ein neues und magisches Sinneserlebnis kostenlos anzubieten. Der <strong>Wald<\/strong> kommt direkt ins <strong>Alpen Hotel Rabbi<\/strong>, um uns das Wohlbefinden zu vermitteln, das nur der Kontakt mit der Natur bieten kann.<\/p>\n<p>Die Expertin Margherita Decarli wird uns bei einem kleinen <strong>Barfu\u00dfweg begleiten<\/strong>, bei dem wir Kiefernzapfen, Flechten, Sp\u00e4ne, Holz und Nadelzweige ber\u00fchren. Dank ihrer Anleitung werden wir lernen, wie man mit heilenden <strong>Salben massiert<\/strong> und welche Tugenden und Geheimnisse Harze haben, w\u00e4hrend wir k\u00f6stliche \u00e4therische <strong>\u00d6le einatmen<\/strong>.<\/p>\n<p>Es ist die perfekte Gelegenheit, die Sch\u00f6nheit der Natur und des winterlichen Waldes zu erkunden, w\u00e4hrend wir es uns im Hotel gem\u00fctlich warm machen. Wir freuen uns auf Ihren Besuch!<\/p>\n","protected":false},"excerpt":{"rendered":"<p>F\u00fcr alle unsere G\u00e4ste haben wir diesen Winter beschlossen, ein neues und magisches Sinneserlebnis kostenlos anzubieten. Der Wald kommt direkt ins Alpen Hotel Rabbi, um uns das Wohlbefinden zu vermitteln, das nur der Kontakt mit der Natur bieten kann. Die Expertin Margherita Decarli wird uns bei einem kleinen Barfu\u00dfweg begleiten, bei dem wir Kiefernzapfen, Flechten, [&hellip;]<\/p>\n","protected":false},"author":11,"featured_media":0,"parent":550,"menu_order":52,"comment_status":"closed","ping_status":"closed","template":"","meta":{"footnotes":""},"yoast_head":"<!-- This site is optimized with the Yoast SEO plugin v22.3 - https:\/\/yoast.com\/wordpress\/plugins\/seo\/ -->\n<title>Der Wald erstreckt sich bis zum Alpen Hotel Rabbi. - Alpen Hotel Rabbi<\/title>\n<meta name=\"description\" content=\"F\u00fcr alle unsere G\u00e4ste haben wir diesen Winter beschlossen, ein neues und magisches Sinneserlebnis kostenlos anzubieten. Der Wald kommt direkt ins Alpen Hotel Rabbi, um uns das Wohlbefinden zu vermitteln, das nur der Kontakt mit der Natur bieten kann.  Die Expertin Margherita Decarli wird uns bei einem kleinen Barfu\u00dfweg begleiten, bei dem wir Kiefernzapfen, Flechten, Sp\u00e4ne, Holz und Nadelzweige ber\u00fchren\" \/>\n<meta name=\"robots\" content=\"index, follow, max-snippet:-1, max-image-preview:large, max-video-preview:-1\" \/>\n<link rel=\"canonical\" href=\"https:\/\/www.alpenhotelrabbi.it\/de\/erlebnisse-im-val-di-rabbi\/der-wald-erstreckt-sich-bis-zum-alpen-hotel-rabbi\/\" \/>\n<meta property=\"og:locale\" content=\"de_DE\" \/>\n<meta property=\"og:type\" content=\"article\" \/>\n<meta property=\"og:title\" content=\"Der Wald erstreckt sich bis zum Alpen Hotel Rabbi. - Alpen Hotel Rabbi\" \/>\n<meta property=\"og:description\" content=\"F\u00fcr alle unsere G\u00e4ste haben wir diesen Winter beschlossen, ein neues und magisches Sinneserlebnis kostenlos anzubieten. Der Wald kommt direkt ins Alpen Hotel Rabbi, um uns das Wohlbefinden zu vermitteln, das nur der Kontakt mit der Natur bieten kann.  Die Expertin Margherita Decarli wird uns bei einem kleinen Barfu\u00dfweg begleiten, bei dem wir Kiefernzapfen, Flechten, Sp\u00e4ne, Holz und Nadelzweige ber\u00fchren\" \/>\n<meta property=\"og:url\" content=\"https:\/\/www.alpenhotelrabbi.it\/de\/erlebnisse-im-val-di-rabbi\/der-wald-erstreckt-sich-bis-zum-alpen-hotel-rabbi\/\" \/>\n<meta property=\"og:site_name\" content=\"Alpen Hotel Rabbi\" \/>\n<meta property=\"article:modified_time\" content=\"2023-05-18T08:48:26+00:00\" \/>\n<meta name=\"twitter:card\" content=\"summary_large_image\" \/>\n<meta name=\"twitter:label1\" content=\"Gesch\u00e4tzte Lesezeit\" \/>\n\t<meta name=\"twitter:data1\" content=\"1 Minute\" \/>\n<script type=\"application\/ld+json\" class=\"yoast-schema-graph\">{\"@context\":\"https:\/\/schema.org\",\"@graph\":[{\"@type\":\"WebPage\",\"@id\":\"https:\/\/www.alpenhotelrabbi.it\/de\/erlebnisse-im-val-di-rabbi\/der-wald-erstreckt-sich-bis-zum-alpen-hotel-rabbi\/\",\"url\":\"https:\/\/www.alpenhotelrabbi.it\/de\/erlebnisse-im-val-di-rabbi\/der-wald-erstreckt-sich-bis-zum-alpen-hotel-rabbi\/\",\"name\":\"Der Wald erstreckt sich bis zum Alpen Hotel Rabbi. - Alpen Hotel Rabbi\",\"isPartOf\":{\"@id\":\"https:\/\/www.alpenhotelrabbi.it\/de\/#website\"},\"datePublished\":\"2023-04-15T17:10:26+00:00\",\"dateModified\":\"2023-05-18T08:48:26+00:00\",\"description\":\"F\u00fcr alle unsere G\u00e4ste haben wir diesen Winter beschlossen, ein neues und magisches Sinneserlebnis kostenlos anzubieten. Der Wald kommt direkt ins Alpen Hotel Rabbi, um uns das Wohlbefinden zu vermitteln, das nur der Kontakt mit der Natur bieten kann. Die Expertin Margherita Decarli wird uns bei einem kleinen Barfu\u00dfweg begleiten, bei dem wir Kiefernzapfen, Flechten, Sp\u00e4ne, Holz und Nadelzweige ber\u00fchren\",\"breadcrumb\":{\"@id\":\"https:\/\/www.alpenhotelrabbi.it\/de\/erlebnisse-im-val-di-rabbi\/der-wald-erstreckt-sich-bis-zum-alpen-hotel-rabbi\/#breadcrumb\"},\"inLanguage\":\"de-DE\",\"potentialAction\":[{\"@type\":\"ReadAction\",\"target\":[\"https:\/\/www.alpenhotelrabbi.it\/de\/erlebnisse-im-val-di-rabbi\/der-wald-erstreckt-sich-bis-zum-alpen-hotel-rabbi\/\"]}]},{\"@type\":\"BreadcrumbList\",\"@id\":\"https:\/\/www.alpenhotelrabbi.it\/de\/erlebnisse-im-val-di-rabbi\/der-wald-erstreckt-sich-bis-zum-alpen-hotel-rabbi\/#breadcrumb\",\"itemListElement\":[{\"@type\":\"ListItem\",\"position\":1,\"name\":\"Home\",\"item\":\"https:\/\/www.alpenhotelrabbi.it\/de\/\"},{\"@type\":\"ListItem\",\"position\":2,\"name\":\"Erlebnisse im Val di Rabbi\",\"item\":\"https:\/\/www.alpenhotelrabbi.it\/de\/erlebnisse-im-val-di-rabbi\/\"},{\"@type\":\"ListItem\",\"position\":3,\"name\":\"Der Wald erstreckt sich bis zum Alpen Hotel Rabbi.\"}]},{\"@type\":\"WebSite\",\"@id\":\"https:\/\/www.alpenhotelrabbi.it\/de\/#website\",\"url\":\"https:\/\/www.alpenhotelrabbi.it\/de\/\",\"name\":\"Alpen Hotel Rabbi\",\"description\":\"\",\"potentialAction\":[{\"@type\":\"SearchAction\",\"target\":{\"@type\":\"EntryPoint\",\"urlTemplate\":\"https:\/\/www.alpenhotelrabbi.it\/de\/?s={search_term_string}\"},\"query-input\":\"required name=search_term_string\"}],\"inLanguage\":\"de-DE\"}]}<\/script>\n<!-- \/ Yoast SEO plugin. -->","yoast_head_json":{"title":"Der Wald erstreckt sich bis zum Alpen Hotel Rabbi. - Alpen Hotel Rabbi","description":"F\u00fcr alle unsere G\u00e4ste haben wir diesen Winter beschlossen, ein neues und magisches Sinneserlebnis kostenlos anzubieten. Der Wald kommt direkt ins Alpen Hotel Rabbi, um uns das Wohlbefinden zu vermitteln, das nur der Kontakt mit der Natur bieten kann.  Die Expertin Margherita Decarli wird uns bei einem kleinen Barfu\u00dfweg begleiten, bei dem wir Kiefernzapfen, Flechten, Sp\u00e4ne, Holz und Nadelzweige ber\u00fchren","robots":{"index":"index","follow":"follow","max-snippet":"max-snippet:-1","max-image-preview":"max-image-preview:large","max-video-preview":"max-video-preview:-1"},"canonical":"https:\/\/www.alpenhotelrabbi.it\/de\/erlebnisse-im-val-di-rabbi\/der-wald-erstreckt-sich-bis-zum-alpen-hotel-rabbi\/","og_locale":"de_DE","og_type":"article","og_title":"Der Wald erstreckt sich bis zum Alpen Hotel Rabbi. - Alpen Hotel Rabbi","og_description":"F\u00fcr alle unsere G\u00e4ste haben wir diesen Winter beschlossen, ein neues und magisches Sinneserlebnis kostenlos anzubieten. Der Wald kommt direkt ins Alpen Hotel Rabbi, um uns das Wohlbefinden zu vermitteln, das nur der Kontakt mit der Natur bieten kann.  Die Expertin Margherita Decarli wird uns bei einem kleinen Barfu\u00dfweg begleiten, bei dem wir Kiefernzapfen, Flechten, Sp\u00e4ne, Holz und Nadelzweige ber\u00fchren","og_url":"https:\/\/www.alpenhotelrabbi.it\/de\/erlebnisse-im-val-di-rabbi\/der-wald-erstreckt-sich-bis-zum-alpen-hotel-rabbi\/","og_site_name":"Alpen Hotel Rabbi","article_modified_time":"2023-05-18T08:48:26+00:00","twitter_card":"summary_large_image","twitter_misc":{"Gesch\u00e4tzte Lesezeit":"1 Minute"},"schema":{"@context":"https:\/\/schema.org","@graph":[{"@type":"WebPage","@id":"https:\/\/www.alpenhotelrabbi.it\/de\/erlebnisse-im-val-di-rabbi\/der-wald-erstreckt-sich-bis-zum-alpen-hotel-rabbi\/","url":"https:\/\/www.alpenhotelrabbi.it\/de\/erlebnisse-im-val-di-rabbi\/der-wald-erstreckt-sich-bis-zum-alpen-hotel-rabbi\/","name":"Der Wald erstreckt sich bis zum Alpen Hotel Rabbi. - Alpen Hotel Rabbi","isPartOf":{"@id":"https:\/\/www.alpenhotelrabbi.it\/de\/#website"},"datePublished":"2023-04-15T17:10:26+00:00","dateModified":"2023-05-18T08:48:26+00:00","description":"F\u00fcr alle unsere G\u00e4ste haben wir diesen Winter beschlossen, ein neues und magisches Sinneserlebnis kostenlos anzubieten. Der Wald kommt direkt ins Alpen Hotel Rabbi, um uns das Wohlbefinden zu vermitteln, das nur der Kontakt mit der Natur bieten kann. Die Expertin Margherita Decarli wird uns bei einem kleinen Barfu\u00dfweg begleiten, bei dem wir Kiefernzapfen, Flechten, Sp\u00e4ne, Holz und Nadelzweige ber\u00fchren","breadcrumb":{"@id":"https:\/\/www.alpenhotelrabbi.it\/de\/erlebnisse-im-val-di-rabbi\/der-wald-erstreckt-sich-bis-zum-alpen-hotel-rabbi\/#breadcrumb"},"inLanguage":"de-DE","potentialAction":[{"@type":"ReadAction","target":["https:\/\/www.alpenhotelrabbi.it\/de\/erlebnisse-im-val-di-rabbi\/der-wald-erstreckt-sich-bis-zum-alpen-hotel-rabbi\/"]}]},{"@type":"BreadcrumbList","@id":"https:\/\/www.alpenhotelrabbi.it\/de\/erlebnisse-im-val-di-rabbi\/der-wald-erstreckt-sich-bis-zum-alpen-hotel-rabbi\/#breadcrumb","itemListElement":[{"@type":"ListItem","position":1,"name":"Home","item":"https:\/\/www.alpenhotelrabbi.it\/de\/"},{"@type":"ListItem","position":2,"name":"Erlebnisse im Val di Rabbi","item":"https:\/\/www.alpenhotelrabbi.it\/de\/erlebnisse-im-val-di-rabbi\/"},{"@type":"ListItem","position":3,"name":"Der Wald erstreckt sich bis zum Alpen Hotel Rabbi."}]},{"@type":"WebSite","@id":"https:\/\/www.alpenhotelrabbi.it\/de\/#website","url":"https:\/\/www.alpenhotelrabbi.it\/de\/","name":"Alpen Hotel Rabbi","description":"","potentialAction":[{"@type":"SearchAction","target":{"@type":"EntryPoint","urlTemplate":"https:\/\/www.alpenhotelrabbi.it\/de\/?s={search_term_string}"},"query-input":"required name=search_term_string"}],"inLanguage":"de-DE"}]}},"acf":[],"_links":{"self":[{"href":"https:\/\/www.alpenhotelrabbi.it\/de\/wp-json\/wp\/v2\/pages\/554"}],"collection":[{"href":"https:\/\/www.alpenhotelrabbi.it\/de\/wp-json\/wp\/v2\/pages"}],"about":[{"href":"https:\/\/www.alpenhotelrabbi.it\/de\/wp-json\/wp\/v2\/types\/page"}],"author":[{"embeddable":true,"href":"https:\/\/www.alpenhotelrabbi.it\/de\/wp-json\/wp\/v2\/users\/11"}],"replies":[{"embeddable":true,"href":"https:\/\/www.alpenhotelrabbi.it\/de\/wp-json\/wp\/v2\/comments?post=554"}],"version-history":[{"count":0,"href":"https:\/\/www.alpenhotelrabbi.it\/de\/wp-json\/wp\/v2\/pages\/554\/revisions"}],"up":[{"embeddable":true,"href":"https:\/\/www.alpenhotelrabbi.it\/de\/wp-json\/wp\/v2\/pages\/550"}],"wp:attachment":[{"href":"https:\/\/www.alpenhotelrabbi.it\/de\/wp-json\/wp\/v2\/media?parent=554"}],"curies":[{"name":"wp","href":"https:\/\/api.w.org\/{rel}","templated":true}]}}