{"id":456,"date":"2023-04-15T17:01:51","date_gmt":"2023-04-15T17:01:51","guid":{"rendered":"https:\/\/alpenhotelrabbisequoia.ms2.decms.eu\/i-nostri-servizi\/trentino-guest-card-per-una-vacanza-senza-pensieri\/"},"modified":"2023-05-18T08:06:02","modified_gmt":"2023-05-18T08:06:02","slug":"trentino-guest-card","status":"publish","type":"page","link":"https:\/\/www.alpenhotelrabbi.it\/de\/unsere-dienstleistungen\/trentino-guest-card\/","title":{"rendered":"Trentino Guest Card"},"content":{"rendered":"<p>Um Ihnen den besten Urlaub zu bieten, ist das <strong>Alpen Hotel Rabbi<\/strong> mit der <strong>Trentino Guest Card<\/strong> ver-einbart.<br \/>\nMit dieser Karte k\u00f6nnen Sie zahlreiche Vorteile nutzen und Ihren Aufenthalt v\u00f6llig genie\u00dfen.<\/p>\n<p>Mit der Trentino Guest Card:<\/p>\n<ul>\n<li><b>fahren Sie kostenlos<\/b> mit dem \u00f6ffentlichen <a href=\"https:\/\/www.trentinotrasporti.it\/de\/\">Nahverkehr<\/a> und mit Z\u00fcgen, die im Trentino abfahren oder ankommen.<\/li>\n<li>haben Sie Zugang zu \u00fcber 60 <b>Museen<\/b>, 20 <b>Schl\u00f6ssern<\/b> und 40 Attraktionen.<\/li>\n<li>k\u00f6nnen Sie <b>lokale Produkte<\/b> zu erm\u00e4\u00dfigten Preisen kaufen oder probieren.<\/li>\n<li>erhalten Sie eine Erm\u00e4\u00dfigung auf \u00fcber 60 Aktivit\u00e4ten im gesamten Trentino.<\/li>\n<\/ul>\n<p>Die Karte wird allen unseren G\u00e4sten bei der Ankunft im Hotel ausgeh\u00e4ndigt und ist f\u00fcr die Dauer Ihres Urlaubs g\u00fcltig.<\/p>\n","protected":false},"excerpt":{"rendered":"<p>Um Ihnen den besten Urlaub zu bieten, ist das Alpen Hotel Rabbi mit der Trentino Guest Card ver-einbart. Mit dieser Karte k\u00f6nnen Sie zahlreiche Vorteile nutzen und Ihren Aufenthalt v\u00f6llig genie\u00dfen. Mit der Trentino Guest Card: fahren Sie kostenlos mit dem \u00f6ffentlichen Nahverkehr und mit Z\u00fcgen, die im Trentino abfahren oder ankommen. haben Sie Zugang [&hellip;]<\/p>\n","protected":false},"author":11,"featured_media":0,"parent":445,"menu_order":32,"comment_status":"closed","ping_status":"closed","template":"","meta":{"footnotes":""},"yoast_head":"<!-- This site is optimized with the Yoast SEO plugin v22.3 - https:\/\/yoast.com\/wordpress\/plugins\/seo\/ -->\n<title>Trentino Guest Card - Alpen Hotel Rabbi<\/title>\n<meta name=\"description\" content=\"Um Ihnen den besten Urlaub zu bieten, ist das Alpen Hotel Rabbi mit der Trentino Guest Card ver-einbart. Mit dieser Karte k\u00f6nnen Sie zahlreiche Vorteile nutzen und Ihren Aufenthalt v\u00f6llig genie\u00dfen.  Mit der Trentino Guest Card:   fahren Sie kostenlos mit dem \u00f6ffentlichen Nahverkehr und mit Z\u00fcgen, die im Trentino abfahren oder ankommen.  haben Sie Zugang zu \u00fcber 60 Museen, 20 Schl\u00f6ssern und 40 Attraktionen.  k\u00f6nnen Sie lokale Produkte zu erm\u00e4\u00dfigten Preisen kaufen oder probieren.  erhalten Sie eine Erm\u00e4\u00dfigung auf \u00fcber 60 Aktivit\u00e4ten im gesamten Trentino.  Die Karte wird allen unseren G\u00e4sten bei der Ankunft im Hotel ausgeh\u00e4ndigt und ist f\u00fcr die Dauer Ihres Urlaubs g\u00fcltig..\" \/>\n<meta name=\"robots\" content=\"index, follow, max-snippet:-1, max-image-preview:large, max-video-preview:-1\" \/>\n<link rel=\"canonical\" href=\"https:\/\/www.alpenhotelrabbi.it\/de\/unsere-dienstleistungen\/trentino-guest-card\/\" \/>\n<meta property=\"og:locale\" content=\"de_DE\" \/>\n<meta property=\"og:type\" content=\"article\" \/>\n<meta property=\"og:title\" content=\"Trentino Guest Card - Alpen Hotel Rabbi\" \/>\n<meta property=\"og:description\" content=\"Um Ihnen den besten Urlaub zu bieten, ist das Alpen Hotel Rabbi mit der Trentino Guest Card ver-einbart. Mit dieser Karte k\u00f6nnen Sie zahlreiche Vorteile nutzen und Ihren Aufenthalt v\u00f6llig genie\u00dfen.  Mit der Trentino Guest Card:   fahren Sie kostenlos mit dem \u00f6ffentlichen Nahverkehr und mit Z\u00fcgen, die im Trentino abfahren oder ankommen.  haben Sie Zugang zu \u00fcber 60 Museen, 20 Schl\u00f6ssern und 40 Attraktionen.  k\u00f6nnen Sie lokale Produkte zu erm\u00e4\u00dfigten Preisen kaufen oder probieren.  erhalten Sie eine Erm\u00e4\u00dfigung auf \u00fcber 60 Aktivit\u00e4ten im gesamten Trentino.  Die Karte wird allen unseren G\u00e4sten bei der Ankunft im Hotel ausgeh\u00e4ndigt und ist f\u00fcr die Dauer Ihres Urlaubs g\u00fcltig..\" \/>\n<meta property=\"og:url\" content=\"https:\/\/www.alpenhotelrabbi.it\/de\/unsere-dienstleistungen\/trentino-guest-card\/\" \/>\n<meta property=\"og:site_name\" content=\"Alpen Hotel Rabbi\" \/>\n<meta property=\"article:modified_time\" content=\"2023-05-18T08:06:02+00:00\" \/>\n<meta name=\"twitter:card\" content=\"summary_large_image\" \/>\n<meta name=\"twitter:label1\" content=\"Gesch\u00e4tzte Lesezeit\" \/>\n\t<meta name=\"twitter:data1\" content=\"1 Minute\" \/>\n<script type=\"application\/ld+json\" class=\"yoast-schema-graph\">{\"@context\":\"https:\/\/schema.org\",\"@graph\":[{\"@type\":\"WebPage\",\"@id\":\"https:\/\/www.alpenhotelrabbi.it\/de\/unsere-dienstleistungen\/trentino-guest-card\/\",\"url\":\"https:\/\/www.alpenhotelrabbi.it\/de\/unsere-dienstleistungen\/trentino-guest-card\/\",\"name\":\"Trentino Guest Card - Alpen Hotel Rabbi\",\"isPartOf\":{\"@id\":\"https:\/\/www.alpenhotelrabbi.it\/de\/#website\"},\"datePublished\":\"2023-04-15T17:01:51+00:00\",\"dateModified\":\"2023-05-18T08:06:02+00:00\",\"description\":\"Um Ihnen den besten Urlaub zu bieten, ist das Alpen Hotel Rabbi mit der Trentino Guest Card ver-einbart. Mit dieser Karte k\u00f6nnen Sie zahlreiche Vorteile nutzen und Ihren Aufenthalt v\u00f6llig genie\u00dfen. Mit der Trentino Guest Card: \u2022 fahren Sie kostenlos mit dem \u00f6ffentlichen Nahverkehr und mit Z\u00fcgen, die im Trentino abfahren oder ankommen. \u2022 haben Sie Zugang zu \u00fcber 60 Museen, 20 Schl\u00f6ssern und 40 Attraktionen. \u2022 k\u00f6nnen Sie lokale Produkte zu erm\u00e4\u00dfigten Preisen kaufen oder probieren. \u2022 erhalten Sie eine Erm\u00e4\u00dfigung auf \u00fcber 60 Aktivit\u00e4ten im gesamten Trentino. Die Karte wird allen unseren G\u00e4sten bei der Ankunft im Hotel ausgeh\u00e4ndigt und ist f\u00fcr die Dauer Ihres Urlaubs g\u00fcltig..\",\"breadcrumb\":{\"@id\":\"https:\/\/www.alpenhotelrabbi.it\/de\/unsere-dienstleistungen\/trentino-guest-card\/#breadcrumb\"},\"inLanguage\":\"de-DE\",\"potentialAction\":[{\"@type\":\"ReadAction\",\"target\":[\"https:\/\/www.alpenhotelrabbi.it\/de\/unsere-dienstleistungen\/trentino-guest-card\/\"]}]},{\"@type\":\"BreadcrumbList\",\"@id\":\"https:\/\/www.alpenhotelrabbi.it\/de\/unsere-dienstleistungen\/trentino-guest-card\/#breadcrumb\",\"itemListElement\":[{\"@type\":\"ListItem\",\"position\":1,\"name\":\"Home\",\"item\":\"https:\/\/www.alpenhotelrabbi.it\/de\/\"},{\"@type\":\"ListItem\",\"position\":2,\"name\":\"Unsere Dienstleistungen\",\"item\":\"https:\/\/www.alpenhotelrabbi.it\/de\/unsere-dienstleistungen\/\"},{\"@type\":\"ListItem\",\"position\":3,\"name\":\"Trentino Guest Card\"}]},{\"@type\":\"WebSite\",\"@id\":\"https:\/\/www.alpenhotelrabbi.it\/de\/#website\",\"url\":\"https:\/\/www.alpenhotelrabbi.it\/de\/\",\"name\":\"Alpen Hotel Rabbi\",\"description\":\"\",\"potentialAction\":[{\"@type\":\"SearchAction\",\"target\":{\"@type\":\"EntryPoint\",\"urlTemplate\":\"https:\/\/www.alpenhotelrabbi.it\/de\/?s={search_term_string}\"},\"query-input\":\"required name=search_term_string\"}],\"inLanguage\":\"de-DE\"}]}<\/script>\n<!-- \/ Yoast SEO plugin. -->","yoast_head_json":{"title":"Trentino Guest Card - Alpen Hotel Rabbi","description":"Um Ihnen den besten Urlaub zu bieten, ist das Alpen Hotel Rabbi mit der Trentino Guest Card ver-einbart. Mit dieser Karte k\u00f6nnen Sie zahlreiche Vorteile nutzen und Ihren Aufenthalt v\u00f6llig genie\u00dfen.  Mit der Trentino Guest Card:   fahren Sie kostenlos mit dem \u00f6ffentlichen Nahverkehr und mit Z\u00fcgen, die im Trentino abfahren oder ankommen.  haben Sie Zugang zu \u00fcber 60 Museen, 20 Schl\u00f6ssern und 40 Attraktionen.  k\u00f6nnen Sie lokale Produkte zu erm\u00e4\u00dfigten Preisen kaufen oder probieren.  erhalten Sie eine Erm\u00e4\u00dfigung auf \u00fcber 60 Aktivit\u00e4ten im gesamten Trentino.  Die Karte wird allen unseren G\u00e4sten bei der Ankunft im Hotel ausgeh\u00e4ndigt und ist f\u00fcr die Dauer Ihres Urlaubs g\u00fcltig..","robots":{"index":"index","follow":"follow","max-snippet":"max-snippet:-1","max-image-preview":"max-image-preview:large","max-video-preview":"max-video-preview:-1"},"canonical":"https:\/\/www.alpenhotelrabbi.it\/de\/unsere-dienstleistungen\/trentino-guest-card\/","og_locale":"de_DE","og_type":"article","og_title":"Trentino Guest Card - Alpen Hotel Rabbi","og_description":"Um Ihnen den besten Urlaub zu bieten, ist das Alpen Hotel Rabbi mit der Trentino Guest Card ver-einbart. Mit dieser Karte k\u00f6nnen Sie zahlreiche Vorteile nutzen und Ihren Aufenthalt v\u00f6llig genie\u00dfen.  Mit der Trentino Guest Card:   fahren Sie kostenlos mit dem \u00f6ffentlichen Nahverkehr und mit Z\u00fcgen, die im Trentino abfahren oder ankommen.  haben Sie Zugang zu \u00fcber 60 Museen, 20 Schl\u00f6ssern und 40 Attraktionen.  k\u00f6nnen Sie lokale Produkte zu erm\u00e4\u00dfigten Preisen kaufen oder probieren.  erhalten Sie eine Erm\u00e4\u00dfigung auf \u00fcber 60 Aktivit\u00e4ten im gesamten Trentino.  Die Karte wird allen unseren G\u00e4sten bei der Ankunft im Hotel ausgeh\u00e4ndigt und ist f\u00fcr die Dauer Ihres Urlaubs g\u00fcltig..","og_url":"https:\/\/www.alpenhotelrabbi.it\/de\/unsere-dienstleistungen\/trentino-guest-card\/","og_site_name":"Alpen Hotel Rabbi","article_modified_time":"2023-05-18T08:06:02+00:00","twitter_card":"summary_large_image","twitter_misc":{"Gesch\u00e4tzte Lesezeit":"1 Minute"},"schema":{"@context":"https:\/\/schema.org","@graph":[{"@type":"WebPage","@id":"https:\/\/www.alpenhotelrabbi.it\/de\/unsere-dienstleistungen\/trentino-guest-card\/","url":"https:\/\/www.alpenhotelrabbi.it\/de\/unsere-dienstleistungen\/trentino-guest-card\/","name":"Trentino Guest Card - Alpen Hotel Rabbi","isPartOf":{"@id":"https:\/\/www.alpenhotelrabbi.it\/de\/#website"},"datePublished":"2023-04-15T17:01:51+00:00","dateModified":"2023-05-18T08:06:02+00:00","description":"Um Ihnen den besten Urlaub zu bieten, ist das Alpen Hotel Rabbi mit der Trentino Guest Card ver-einbart. Mit dieser Karte k\u00f6nnen Sie zahlreiche Vorteile nutzen und Ihren Aufenthalt v\u00f6llig genie\u00dfen. Mit der Trentino Guest Card: \u2022 fahren Sie kostenlos mit dem \u00f6ffentlichen Nahverkehr und mit Z\u00fcgen, die im Trentino abfahren oder ankommen. \u2022 haben Sie Zugang zu \u00fcber 60 Museen, 20 Schl\u00f6ssern und 40 Attraktionen. \u2022 k\u00f6nnen Sie lokale Produkte zu erm\u00e4\u00dfigten Preisen kaufen oder probieren. \u2022 erhalten Sie eine Erm\u00e4\u00dfigung auf \u00fcber 60 Aktivit\u00e4ten im gesamten Trentino. Die Karte wird allen unseren G\u00e4sten bei der Ankunft im Hotel ausgeh\u00e4ndigt und ist f\u00fcr die Dauer Ihres Urlaubs g\u00fcltig..","breadcrumb":{"@id":"https:\/\/www.alpenhotelrabbi.it\/de\/unsere-dienstleistungen\/trentino-guest-card\/#breadcrumb"},"inLanguage":"de-DE","potentialAction":[{"@type":"ReadAction","target":["https:\/\/www.alpenhotelrabbi.it\/de\/unsere-dienstleistungen\/trentino-guest-card\/"]}]},{"@type":"BreadcrumbList","@id":"https:\/\/www.alpenhotelrabbi.it\/de\/unsere-dienstleistungen\/trentino-guest-card\/#breadcrumb","itemListElement":[{"@type":"ListItem","position":1,"name":"Home","item":"https:\/\/www.alpenhotelrabbi.it\/de\/"},{"@type":"ListItem","position":2,"name":"Unsere Dienstleistungen","item":"https:\/\/www.alpenhotelrabbi.it\/de\/unsere-dienstleistungen\/"},{"@type":"ListItem","position":3,"name":"Trentino Guest Card"}]},{"@type":"WebSite","@id":"https:\/\/www.alpenhotelrabbi.it\/de\/#website","url":"https:\/\/www.alpenhotelrabbi.it\/de\/","name":"Alpen Hotel Rabbi","description":"","potentialAction":[{"@type":"SearchAction","target":{"@type":"EntryPoint","urlTemplate":"https:\/\/www.alpenhotelrabbi.it\/de\/?s={search_term_string}"},"query-input":"required name=search_term_string"}],"inLanguage":"de-DE"}]}},"acf":[],"_links":{"self":[{"href":"https:\/\/www.alpenhotelrabbi.it\/de\/wp-json\/wp\/v2\/pages\/456"}],"collection":[{"href":"https:\/\/www.alpenhotelrabbi.it\/de\/wp-json\/wp\/v2\/pages"}],"about":[{"href":"https:\/\/www.alpenhotelrabbi.it\/de\/wp-json\/wp\/v2\/types\/page"}],"author":[{"embeddable":true,"href":"https:\/\/www.alpenhotelrabbi.it\/de\/wp-json\/wp\/v2\/users\/11"}],"replies":[{"embeddable":true,"href":"https:\/\/www.alpenhotelrabbi.it\/de\/wp-json\/wp\/v2\/comments?post=456"}],"version-history":[{"count":0,"href":"https:\/\/www.alpenhotelrabbi.it\/de\/wp-json\/wp\/v2\/pages\/456\/revisions"}],"up":[{"embeddable":true,"href":"https:\/\/www.alpenhotelrabbi.it\/de\/wp-json\/wp\/v2\/pages\/445"}],"wp:attachment":[{"href":"https:\/\/www.alpenhotelrabbi.it\/de\/wp-json\/wp\/v2\/media?parent=456"}],"curies":[{"name":"wp","href":"https:\/\/api.w.org\/{rel}","templated":true}]}}