{"id":4,"date":"2023-04-12T08:46:12","date_gmt":"2023-04-12T08:46:12","guid":{"rendered":"https:\/\/alpenhotelrabbisequoia.ms2.decms.eu\/sample-page\/"},"modified":"2025-04-22T09:45:45","modified_gmt":"2025-04-22T09:45:45","slug":"sample-page","status":"publish","type":"page","link":"https:\/\/www.alpenhotelrabbi.it\/de\/","title":{"rendered":"Alpen Hotel Rabbi"},"content":{"rendered":"\r\n<p class=\"p1\" style=\"text-align: center;\">Ein Urlaub in der <strong>Natur<\/strong>. Wandern Sie unsere Wege, atmen frische Luft, bewundern klares Wasser. Ein spa\u00dfiges, entspannendes und unverzichtbares Erlebnis.<\/p>\r\n<p class=\"p1\" style=\"text-align: center;\">Ein Urlaub in <strong>Val di Rabbi<\/strong> und am <strong>Stilfserjoch Nationalpark<\/strong>, auf Wegen zu Alpenseen, Wasserf\u00e4llen, Bergh\u00fctten und Almen.<\/p>\r\n<p style=\"text-align: center;\"><a class=\"info collapsibleContent_btn\">#enjoyalpenhotelrabbi<\/a><\/p>\r\n","protected":false},"excerpt":{"rendered":"<p>Ein Urlaub in der Natur. Wandern Sie unsere Wege, atmen frische Luft, bewundern klares Wasser. Ein spa\u00dfiges, entspannendes und unverzichtbares Erlebnis. Ein Urlaub in Val di Rabbi und am Stilfserjoch Nationalpark, auf Wegen zu Alpenseen, Wasserf\u00e4llen, Bergh\u00fctten und Almen. #enjoyalpenhotelrabbi<\/p>\n","protected":false},"author":11,"featured_media":0,"parent":0,"menu_order":0,"comment_status":"closed","ping_status":"closed","template":"","meta":{"footnotes":""},"yoast_head":"<!-- This site is optimized with the Yoast SEO plugin v22.3 - https:\/\/yoast.com\/wordpress\/plugins\/seo\/ -->\n<title>Alpen Hotel Rabbi | Hotel im Val di Rabbi im Nationalpark Stilfserjoch<\/title>\n<meta name=\"description\" content=\"Entdecken Sie das Alpen Hotel Rabbi, ein gem\u00fctliches familiengef\u00fchrtes Hotel inmitten der Natur des Trentino. Komfort, traditionelle K\u00fcche und Entspannung im Herzen des Val di Rabbi.\" \/>\n<meta name=\"robots\" content=\"index, follow, max-snippet:-1, max-image-preview:large, max-video-preview:-1\" \/>\n<link rel=\"canonical\" href=\"https:\/\/www.alpenhotelrabbi.it\/de\/\" \/>\n<meta property=\"og:locale\" content=\"de_DE\" \/>\n<meta property=\"og:type\" content=\"article\" \/>\n<meta property=\"og:title\" content=\"Alpen Hotel Rabbi | Hotel im Val di Rabbi im Nationalpark Stilfserjoch\" \/>\n<meta property=\"og:description\" content=\"Entdecken Sie das Alpen Hotel Rabbi, ein gem\u00fctliches familiengef\u00fchrtes Hotel inmitten der Natur des Trentino. Komfort, traditionelle K\u00fcche und Entspannung im Herzen des Val di Rabbi.\" \/>\n<meta property=\"og:url\" content=\"https:\/\/www.alpenhotelrabbi.it\/de\/\" \/>\n<meta property=\"og:site_name\" content=\"Alpen Hotel Rabbi\" \/>\n<meta property=\"article:modified_time\" content=\"2025-04-22T09:45:45+00:00\" \/>\n<meta name=\"twitter:card\" content=\"summary_large_image\" \/>\n<meta name=\"twitter:label1\" content=\"Gesch\u00e4tzte Lesezeit\" \/>\n\t<meta name=\"twitter:data1\" content=\"1 Minute\" \/>\n<script type=\"application\/ld+json\" class=\"yoast-schema-graph\">{\"@context\":\"https:\/\/schema.org\",\"@graph\":[{\"@type\":\"WebPage\",\"@id\":\"https:\/\/www.alpenhotelrabbi.it\/de\/\",\"url\":\"https:\/\/www.alpenhotelrabbi.it\/de\/\",\"name\":\"Alpen Hotel Rabbi | Hotel im Val di Rabbi im Nationalpark Stilfserjoch\",\"isPartOf\":{\"@id\":\"https:\/\/www.alpenhotelrabbi.it\/de\/#website\"},\"datePublished\":\"2023-04-12T08:46:12+00:00\",\"dateModified\":\"2025-04-22T09:45:45+00:00\",\"description\":\"Entdecken Sie das Alpen Hotel Rabbi, ein gem\u00fctliches familiengef\u00fchrtes Hotel inmitten der Natur des Trentino. Komfort, traditionelle K\u00fcche und Entspannung im Herzen des Val di Rabbi.\",\"breadcrumb\":{\"@id\":\"https:\/\/www.alpenhotelrabbi.it\/de\/#breadcrumb\"},\"inLanguage\":\"de-DE\",\"potentialAction\":[{\"@type\":\"ReadAction\",\"target\":[\"https:\/\/www.alpenhotelrabbi.it\/de\/\"]}]},{\"@type\":\"BreadcrumbList\",\"@id\":\"https:\/\/www.alpenhotelrabbi.it\/de\/#breadcrumb\",\"itemListElement\":[{\"@type\":\"ListItem\",\"position\":1,\"name\":\"Home\",\"item\":\"https:\/\/www.alpenhotelrabbi.it\/de\/\"},{\"@type\":\"ListItem\",\"position\":2,\"name\":\"Alpen Hotel Rabbi\"}]},{\"@type\":\"WebSite\",\"@id\":\"https:\/\/www.alpenhotelrabbi.it\/de\/#website\",\"url\":\"https:\/\/www.alpenhotelrabbi.it\/de\/\",\"name\":\"Alpen Hotel Rabbi\",\"description\":\"\",\"potentialAction\":[{\"@type\":\"SearchAction\",\"target\":{\"@type\":\"EntryPoint\",\"urlTemplate\":\"https:\/\/www.alpenhotelrabbi.it\/de\/?s={search_term_string}\"},\"query-input\":\"required name=search_term_string\"}],\"inLanguage\":\"de-DE\"}]}<\/script>\n<!-- \/ Yoast SEO plugin. -->","yoast_head_json":{"title":"Alpen Hotel Rabbi | Hotel im Val di Rabbi im Nationalpark Stilfserjoch","description":"Entdecken Sie das Alpen Hotel Rabbi, ein gem\u00fctliches familiengef\u00fchrtes Hotel inmitten der Natur des Trentino. Komfort, traditionelle K\u00fcche und Entspannung im Herzen des Val di Rabbi.","robots":{"index":"index","follow":"follow","max-snippet":"max-snippet:-1","max-image-preview":"max-image-preview:large","max-video-preview":"max-video-preview:-1"},"canonical":"https:\/\/www.alpenhotelrabbi.it\/de\/","og_locale":"de_DE","og_type":"article","og_title":"Alpen Hotel Rabbi | Hotel im Val di Rabbi im Nationalpark Stilfserjoch","og_description":"Entdecken Sie das Alpen Hotel Rabbi, ein gem\u00fctliches familiengef\u00fchrtes Hotel inmitten der Natur des Trentino. Komfort, traditionelle K\u00fcche und Entspannung im Herzen des Val di Rabbi.","og_url":"https:\/\/www.alpenhotelrabbi.it\/de\/","og_site_name":"Alpen Hotel Rabbi","article_modified_time":"2025-04-22T09:45:45+00:00","twitter_card":"summary_large_image","twitter_misc":{"Gesch\u00e4tzte Lesezeit":"1 Minute"},"schema":{"@context":"https:\/\/schema.org","@graph":[{"@type":"WebPage","@id":"https:\/\/www.alpenhotelrabbi.it\/de\/","url":"https:\/\/www.alpenhotelrabbi.it\/de\/","name":"Alpen Hotel Rabbi | Hotel im Val di Rabbi im Nationalpark Stilfserjoch","isPartOf":{"@id":"https:\/\/www.alpenhotelrabbi.it\/de\/#website"},"datePublished":"2023-04-12T08:46:12+00:00","dateModified":"2025-04-22T09:45:45+00:00","description":"Entdecken Sie das Alpen Hotel Rabbi, ein gem\u00fctliches familiengef\u00fchrtes Hotel inmitten der Natur des Trentino. Komfort, traditionelle K\u00fcche und Entspannung im Herzen des Val di Rabbi.","breadcrumb":{"@id":"https:\/\/www.alpenhotelrabbi.it\/de\/#breadcrumb"},"inLanguage":"de-DE","potentialAction":[{"@type":"ReadAction","target":["https:\/\/www.alpenhotelrabbi.it\/de\/"]}]},{"@type":"BreadcrumbList","@id":"https:\/\/www.alpenhotelrabbi.it\/de\/#breadcrumb","itemListElement":[{"@type":"ListItem","position":1,"name":"Home","item":"https:\/\/www.alpenhotelrabbi.it\/de\/"},{"@type":"ListItem","position":2,"name":"Alpen Hotel Rabbi"}]},{"@type":"WebSite","@id":"https:\/\/www.alpenhotelrabbi.it\/de\/#website","url":"https:\/\/www.alpenhotelrabbi.it\/de\/","name":"Alpen Hotel Rabbi","description":"","potentialAction":[{"@type":"SearchAction","target":{"@type":"EntryPoint","urlTemplate":"https:\/\/www.alpenhotelrabbi.it\/de\/?s={search_term_string}"},"query-input":"required name=search_term_string"}],"inLanguage":"de-DE"}]}},"acf":[],"_links":{"self":[{"href":"https:\/\/www.alpenhotelrabbi.it\/de\/wp-json\/wp\/v2\/pages\/4"}],"collection":[{"href":"https:\/\/www.alpenhotelrabbi.it\/de\/wp-json\/wp\/v2\/pages"}],"about":[{"href":"https:\/\/www.alpenhotelrabbi.it\/de\/wp-json\/wp\/v2\/types\/page"}],"author":[{"embeddable":true,"href":"https:\/\/www.alpenhotelrabbi.it\/de\/wp-json\/wp\/v2\/users\/11"}],"replies":[{"embeddable":true,"href":"https:\/\/www.alpenhotelrabbi.it\/de\/wp-json\/wp\/v2\/comments?post=4"}],"version-history":[{"count":0,"href":"https:\/\/www.alpenhotelrabbi.it\/de\/wp-json\/wp\/v2\/pages\/4\/revisions"}],"wp:attachment":[{"href":"https:\/\/www.alpenhotelrabbi.it\/de\/wp-json\/wp\/v2\/media?parent=4"}],"curies":[{"name":"wp","href":"https:\/\/api.w.org\/{rel}","templated":true}]}}