{"id":183,"date":"2023-04-15T16:49:41","date_gmt":"2023-04-15T16:49:41","guid":{"rendered":"https:\/\/alpenhotelrabbisequoia.ms2.decms.eu\/camere\/camera-doppia\/"},"modified":"2026-03-16T13:38:03","modified_gmt":"2026-03-16T13:38:03","slug":"doppelzimmer","status":"publish","type":"page","link":"https:\/\/www.alpenhotelrabbi.it\/de\/zimmer\/doppelzimmer\/","title":{"rendered":"Doppelzimmer"},"content":{"rendered":"<ul>\n<li style=\"text-align: left;\">Die Gr\u00f6\u00dfe des Zimmers betr\u00e4gt 13 Quadratmeter;<\/li>\n<li style=\"text-align: left;\">Die M\u00f6bel sind aus Massivholz;<\/li>\n<li style=\"text-align: left;\">Matratzen und Kissen sind sorgf\u00e4ltig ausgew\u00e4hlt wurden, um die beste Erholung zu gew\u00e4hrleisten;<\/li>\n<li style=\"text-align: left;\">Hypoallergene Bettdecke im Tiroler Stil;<\/li>\n<li style=\"text-align: left;\">Die Badezimmer verf\u00fcgen \u00fcber Dusche und Haartrockner. Fast alle verf\u00fcgen \u00fcber ein Fenster.<\/li>\n<li style=\"text-align: left;\">WiFi-Verbindung;<\/li>\n<li style=\"text-align: left;\">Doppel- oder Zweibettzimmer<\/li>\n<li style=\"text-align: left;\">Fast alle Zimmer verf\u00fcgen \u00fcber Balkon mit Glast\u00fcr, die ein wahres Bild der Natur des Val di Rabbi und der Valorz-Wasserf\u00e4lle darstellt.<\/li>\n<li style=\"text-align: left;\">Das Zimmer ist ohne Teppichboden ausgelegt und es ist rauchen verboten.<\/li>\n<\/ul>\n","protected":false},"excerpt":{"rendered":"<p>Die Gr\u00f6\u00dfe des Zimmers betr\u00e4gt 13 Quadratmeter; Die M\u00f6bel sind aus Massivholz; Matratzen und Kissen sind sorgf\u00e4ltig ausgew\u00e4hlt wurden, um die beste Erholung zu gew\u00e4hrleisten; Hypoallergene Bettdecke im Tiroler Stil; Die Badezimmer verf\u00fcgen \u00fcber Dusche und Haartrockner. Fast alle verf\u00fcgen \u00fcber ein Fenster. WiFi-Verbindung; Doppel- oder Zweibettzimmer Fast alle Zimmer verf\u00fcgen \u00fcber Balkon mit Glast\u00fcr, [&hellip;]<\/p>\n","protected":false},"author":11,"featured_media":0,"parent":179,"menu_order":22,"comment_status":"closed","ping_status":"closed","template":"template-single-room.php","meta":{"footnotes":""},"yoast_head":"<!-- This site is optimized with the Yoast SEO plugin v22.3 - https:\/\/yoast.com\/wordpress\/plugins\/seo\/ -->\n<title>Doppelzimmer im Val di Rabbi | Alpen Hotel Rabbi<\/title>\n<meta name=\"description\" content=\"Komfortables Doppelzimmer im Alpen Hotel Rabbi \u2013 ideal f\u00fcr Paare, die Erholung und Natur im Herzen des Trentino suchen.\" \/>\n<meta name=\"robots\" content=\"index, follow, max-snippet:-1, max-image-preview:large, max-video-preview:-1\" \/>\n<link rel=\"canonical\" href=\"https:\/\/www.alpenhotelrabbi.it\/de\/zimmer\/doppelzimmer\/\" \/>\n<meta property=\"og:locale\" content=\"de_DE\" \/>\n<meta property=\"og:type\" content=\"article\" \/>\n<meta property=\"og:title\" content=\"Doppelzimmer im Val di Rabbi | Alpen Hotel Rabbi\" \/>\n<meta property=\"og:description\" content=\"Komfortables Doppelzimmer im Alpen Hotel Rabbi \u2013 ideal f\u00fcr Paare, die Erholung und Natur im Herzen des Trentino suchen.\" \/>\n<meta property=\"og:url\" content=\"https:\/\/www.alpenhotelrabbi.it\/de\/zimmer\/doppelzimmer\/\" \/>\n<meta property=\"og:site_name\" content=\"Alpen Hotel Rabbi\" \/>\n<meta property=\"article:modified_time\" content=\"2026-03-16T13:38:03+00:00\" \/>\n<meta name=\"twitter:card\" content=\"summary_large_image\" \/>\n<meta name=\"twitter:label1\" content=\"Gesch\u00e4tzte Lesezeit\" \/>\n\t<meta name=\"twitter:data1\" content=\"1 Minute\" \/>\n<script type=\"application\/ld+json\" class=\"yoast-schema-graph\">{\"@context\":\"https:\/\/schema.org\",\"@graph\":[{\"@type\":\"WebPage\",\"@id\":\"https:\/\/www.alpenhotelrabbi.it\/de\/zimmer\/doppelzimmer\/\",\"url\":\"https:\/\/www.alpenhotelrabbi.it\/de\/zimmer\/doppelzimmer\/\",\"name\":\"Doppelzimmer im Val di Rabbi | Alpen Hotel Rabbi\",\"isPartOf\":{\"@id\":\"https:\/\/www.alpenhotelrabbi.it\/de\/#website\"},\"datePublished\":\"2023-04-15T16:49:41+00:00\",\"dateModified\":\"2026-03-16T13:38:03+00:00\",\"description\":\"Komfortables Doppelzimmer im Alpen Hotel Rabbi \u2013 ideal f\u00fcr Paare, die Erholung und Natur im Herzen des Trentino suchen.\",\"breadcrumb\":{\"@id\":\"https:\/\/www.alpenhotelrabbi.it\/de\/zimmer\/doppelzimmer\/#breadcrumb\"},\"inLanguage\":\"de-DE\",\"potentialAction\":[{\"@type\":\"ReadAction\",\"target\":[\"https:\/\/www.alpenhotelrabbi.it\/de\/zimmer\/doppelzimmer\/\"]}]},{\"@type\":\"BreadcrumbList\",\"@id\":\"https:\/\/www.alpenhotelrabbi.it\/de\/zimmer\/doppelzimmer\/#breadcrumb\",\"itemListElement\":[{\"@type\":\"ListItem\",\"position\":1,\"name\":\"Home\",\"item\":\"https:\/\/www.alpenhotelrabbi.it\/de\/\"},{\"@type\":\"ListItem\",\"position\":2,\"name\":\"Zimmer\",\"item\":\"https:\/\/www.alpenhotelrabbi.it\/de\/zimmer\/\"},{\"@type\":\"ListItem\",\"position\":3,\"name\":\"Doppelzimmer\"}]},{\"@type\":\"WebSite\",\"@id\":\"https:\/\/www.alpenhotelrabbi.it\/de\/#website\",\"url\":\"https:\/\/www.alpenhotelrabbi.it\/de\/\",\"name\":\"Alpen Hotel Rabbi\",\"description\":\"\",\"potentialAction\":[{\"@type\":\"SearchAction\",\"target\":{\"@type\":\"EntryPoint\",\"urlTemplate\":\"https:\/\/www.alpenhotelrabbi.it\/de\/?s={search_term_string}\"},\"query-input\":\"required name=search_term_string\"}],\"inLanguage\":\"de-DE\"}]}<\/script>\n<!-- \/ Yoast SEO plugin. -->","yoast_head_json":{"title":"Doppelzimmer im Val di Rabbi | Alpen Hotel Rabbi","description":"Komfortables Doppelzimmer im Alpen Hotel Rabbi \u2013 ideal f\u00fcr Paare, die Erholung und Natur im Herzen des Trentino suchen.","robots":{"index":"index","follow":"follow","max-snippet":"max-snippet:-1","max-image-preview":"max-image-preview:large","max-video-preview":"max-video-preview:-1"},"canonical":"https:\/\/www.alpenhotelrabbi.it\/de\/zimmer\/doppelzimmer\/","og_locale":"de_DE","og_type":"article","og_title":"Doppelzimmer im Val di Rabbi | Alpen Hotel Rabbi","og_description":"Komfortables Doppelzimmer im Alpen Hotel Rabbi \u2013 ideal f\u00fcr Paare, die Erholung und Natur im Herzen des Trentino suchen.","og_url":"https:\/\/www.alpenhotelrabbi.it\/de\/zimmer\/doppelzimmer\/","og_site_name":"Alpen Hotel Rabbi","article_modified_time":"2026-03-16T13:38:03+00:00","twitter_card":"summary_large_image","twitter_misc":{"Gesch\u00e4tzte Lesezeit":"1 Minute"},"schema":{"@context":"https:\/\/schema.org","@graph":[{"@type":"WebPage","@id":"https:\/\/www.alpenhotelrabbi.it\/de\/zimmer\/doppelzimmer\/","url":"https:\/\/www.alpenhotelrabbi.it\/de\/zimmer\/doppelzimmer\/","name":"Doppelzimmer im Val di Rabbi | Alpen Hotel Rabbi","isPartOf":{"@id":"https:\/\/www.alpenhotelrabbi.it\/de\/#website"},"datePublished":"2023-04-15T16:49:41+00:00","dateModified":"2026-03-16T13:38:03+00:00","description":"Komfortables Doppelzimmer im Alpen Hotel Rabbi \u2013 ideal f\u00fcr Paare, die Erholung und Natur im Herzen des Trentino suchen.","breadcrumb":{"@id":"https:\/\/www.alpenhotelrabbi.it\/de\/zimmer\/doppelzimmer\/#breadcrumb"},"inLanguage":"de-DE","potentialAction":[{"@type":"ReadAction","target":["https:\/\/www.alpenhotelrabbi.it\/de\/zimmer\/doppelzimmer\/"]}]},{"@type":"BreadcrumbList","@id":"https:\/\/www.alpenhotelrabbi.it\/de\/zimmer\/doppelzimmer\/#breadcrumb","itemListElement":[{"@type":"ListItem","position":1,"name":"Home","item":"https:\/\/www.alpenhotelrabbi.it\/de\/"},{"@type":"ListItem","position":2,"name":"Zimmer","item":"https:\/\/www.alpenhotelrabbi.it\/de\/zimmer\/"},{"@type":"ListItem","position":3,"name":"Doppelzimmer"}]},{"@type":"WebSite","@id":"https:\/\/www.alpenhotelrabbi.it\/de\/#website","url":"https:\/\/www.alpenhotelrabbi.it\/de\/","name":"Alpen Hotel Rabbi","description":"","potentialAction":[{"@type":"SearchAction","target":{"@type":"EntryPoint","urlTemplate":"https:\/\/www.alpenhotelrabbi.it\/de\/?s={search_term_string}"},"query-input":"required name=search_term_string"}],"inLanguage":"de-DE"}]}},"acf":[],"_links":{"self":[{"href":"https:\/\/www.alpenhotelrabbi.it\/de\/wp-json\/wp\/v2\/pages\/183"}],"collection":[{"href":"https:\/\/www.alpenhotelrabbi.it\/de\/wp-json\/wp\/v2\/pages"}],"about":[{"href":"https:\/\/www.alpenhotelrabbi.it\/de\/wp-json\/wp\/v2\/types\/page"}],"author":[{"embeddable":true,"href":"https:\/\/www.alpenhotelrabbi.it\/de\/wp-json\/wp\/v2\/users\/11"}],"replies":[{"embeddable":true,"href":"https:\/\/www.alpenhotelrabbi.it\/de\/wp-json\/wp\/v2\/comments?post=183"}],"version-history":[{"count":0,"href":"https:\/\/www.alpenhotelrabbi.it\/de\/wp-json\/wp\/v2\/pages\/183\/revisions"}],"up":[{"embeddable":true,"href":"https:\/\/www.alpenhotelrabbi.it\/de\/wp-json\/wp\/v2\/pages\/179"}],"wp:attachment":[{"href":"https:\/\/www.alpenhotelrabbi.it\/de\/wp-json\/wp\/v2\/media?parent=183"}],"curies":[{"name":"wp","href":"https:\/\/api.w.org\/{rel}","templated":true}]}}