{"id":179,"date":"2023-04-15T16:45:34","date_gmt":"2023-04-15T16:45:34","guid":{"rendered":"https:\/\/alpenhotelrabbisequoia.ms2.decms.eu\/camere\/"},"modified":"2025-08-18T08:38:58","modified_gmt":"2025-08-18T08:38:58","slug":"zimmer","status":"publish","type":"page","link":"https:\/\/www.alpenhotelrabbi.it\/de\/zimmer\/","title":{"rendered":"Zimmer"},"content":{"rendered":"<p style=\"text-align: left;\">Schlaf ist sehr wichtig f\u00fcr unseren K\u00f6rper, um alle diese Energien zur\u00fcckzugewinnen, und unsere Betten sind daf\u00fcr sehr gut geeignet.<\/p>\n<p class=\"p1\" style=\"text-align: left;\">Im Alpen Hotel Rabbi finden sie:<\/p>\n<ul class=\"ul1\" style=\"text-align: left;\">\n<li class=\"li3\">Einzelzimmer;<\/li>\n<li class=\"li3\">Doppel \u2013 oder Zweibettzimmer;<\/li>\n<li class=\"li3\">Familienzimmer;<\/li>\n<\/ul>\n<p class=\"p3\" style=\"text-align: left;\">Alle Zimmer verf\u00fcgen \u00fcber Badezimmer mit Dusche, Toilettenartikel, Haartrockner, Fernseher, WLAN und die meisten \u00fcber einen Balkon.<\/p>\n<p class=\"p5\" style=\"text-align: left;\">Alle Zimmer sind Nichtraucherzimmer und verf\u00fcgen \u00fcber frische und ordentliche Bettw\u00e4sche und Kissen sowie erneuerte Matratzen, um Ihnen einen guten Schlaf zu garantieren.<\/p>\n<p>Um den gr\u00f6\u00dftm\u00f6glichen Komfort und die Sicherheit unserer G\u00e4ste mit Allergien zu gew\u00e4hrleisten, hat das Alpen Hotel Rabbi beschlossen, keine Haustiere mehr aufzunehmen. Wir verstehen, dass dies f\u00fcr G\u00e4ste, die mit ihren vierbeinigen Freunden reisen, eine Einschr\u00e4nkung sein kann, und danken Ihnen herzlich f\u00fcr Ihr Verst\u00e4ndnis und Ihr Vertrauen.<\/p>\n","protected":false},"excerpt":{"rendered":"<p>Schlaf ist sehr wichtig f\u00fcr unseren K\u00f6rper, um alle diese Energien zur\u00fcckzugewinnen, und unsere Betten sind daf\u00fcr sehr gut geeignet. Im Alpen Hotel Rabbi finden sie: Einzelzimmer; Doppel \u2013 oder Zweibettzimmer; Familienzimmer; Alle Zimmer verf\u00fcgen \u00fcber Badezimmer mit Dusche, Toilettenartikel, Haartrockner, Fernseher, WLAN und die meisten \u00fcber einen Balkon. Alle Zimmer sind Nichtraucherzimmer und verf\u00fcgen [&hellip;]<\/p>\n","protected":false},"author":11,"featured_media":0,"parent":0,"menu_order":20,"comment_status":"closed","ping_status":"closed","template":"template-rooms.php","meta":{"footnotes":""},"class_list":["post-179","page","type-page","status-publish","hentry"],"yoast_head":"<!-- This site is optimized with the Yoast SEO plugin v27.3 - https:\/\/yoast.com\/product\/yoast-seo-wordpress\/ -->\n<title>Zimmer mit Aussicht im Val di Rabbi | Alpen Hotel Rabbi<\/title>\n<meta name=\"description\" content=\"W\u00e4hlen Sie zwischen Einzel-, Doppel-, Dreibett- und Familienzimmern mit Panoramabalkon und Blick auf die Valorz-Wasserf\u00e4lle. Holzm\u00f6bel, Komfort und Ruhe f\u00fcr einen erholsamen Aufenthalt.\" \/>\n<meta name=\"robots\" content=\"index, follow, max-snippet:-1, max-image-preview:large, max-video-preview:-1\" \/>\n<link rel=\"canonical\" href=\"https:\/\/www.alpenhotelrabbi.it\/de\/zimmer\/\" \/>\n<meta property=\"og:locale\" content=\"de_DE\" \/>\n<meta property=\"og:type\" content=\"article\" \/>\n<meta property=\"og:title\" content=\"Zimmer mit Aussicht im Val di Rabbi | Alpen Hotel Rabbi\" \/>\n<meta property=\"og:description\" content=\"W\u00e4hlen Sie zwischen Einzel-, Doppel-, Dreibett- und Familienzimmern mit Panoramabalkon und Blick auf die Valorz-Wasserf\u00e4lle. Holzm\u00f6bel, Komfort und Ruhe f\u00fcr einen erholsamen Aufenthalt.\" \/>\n<meta property=\"og:url\" content=\"https:\/\/www.alpenhotelrabbi.it\/de\/zimmer\/\" \/>\n<meta property=\"og:site_name\" content=\"Alpen Hotel Rabbi\" \/>\n<meta property=\"article:modified_time\" content=\"2025-08-18T08:38:58+00:00\" \/>\n<meta name=\"twitter:card\" content=\"summary_large_image\" \/>\n<meta name=\"twitter:label1\" content=\"Gesch\u00e4tzte Lesezeit\" \/>\n\t<meta name=\"twitter:data1\" content=\"1 Minute\" \/>\n<script type=\"application\/ld+json\" class=\"yoast-schema-graph\">{\"@context\":\"https:\\\/\\\/schema.org\",\"@graph\":[{\"@type\":\"WebPage\",\"@id\":\"https:\\\/\\\/www.alpenhotelrabbi.it\\\/de\\\/zimmer\\\/\",\"url\":\"https:\\\/\\\/www.alpenhotelrabbi.it\\\/de\\\/zimmer\\\/\",\"name\":\"Zimmer mit Aussicht im Val di Rabbi | Alpen Hotel Rabbi\",\"isPartOf\":{\"@id\":\"https:\\\/\\\/www.alpenhotelrabbi.it\\\/de\\\/#website\"},\"datePublished\":\"2023-04-15T16:45:34+00:00\",\"dateModified\":\"2025-08-18T08:38:58+00:00\",\"description\":\"W\u00e4hlen Sie zwischen Einzel-, Doppel-, Dreibett- und Familienzimmern mit Panoramabalkon und Blick auf die Valorz-Wasserf\u00e4lle. Holzm\u00f6bel, Komfort und Ruhe f\u00fcr einen erholsamen Aufenthalt.\",\"breadcrumb\":{\"@id\":\"https:\\\/\\\/www.alpenhotelrabbi.it\\\/de\\\/zimmer\\\/#breadcrumb\"},\"inLanguage\":\"de-DE\",\"potentialAction\":[{\"@type\":\"ReadAction\",\"target\":[\"https:\\\/\\\/www.alpenhotelrabbi.it\\\/de\\\/zimmer\\\/\"]}]},{\"@type\":\"BreadcrumbList\",\"@id\":\"https:\\\/\\\/www.alpenhotelrabbi.it\\\/de\\\/zimmer\\\/#breadcrumb\",\"itemListElement\":[{\"@type\":\"ListItem\",\"position\":1,\"name\":\"Home\",\"item\":\"https:\\\/\\\/www.alpenhotelrabbi.it\\\/de\\\/\"},{\"@type\":\"ListItem\",\"position\":2,\"name\":\"Zimmer\"}]},{\"@type\":\"WebSite\",\"@id\":\"https:\\\/\\\/www.alpenhotelrabbi.it\\\/de\\\/#website\",\"url\":\"https:\\\/\\\/www.alpenhotelrabbi.it\\\/de\\\/\",\"name\":\"Alpen Hotel Rabbi\",\"description\":\"\",\"potentialAction\":[{\"@type\":\"SearchAction\",\"target\":{\"@type\":\"EntryPoint\",\"urlTemplate\":\"https:\\\/\\\/www.alpenhotelrabbi.it\\\/de\\\/?s={search_term_string}\"},\"query-input\":{\"@type\":\"PropertyValueSpecification\",\"valueRequired\":true,\"valueName\":\"search_term_string\"}}],\"inLanguage\":\"de-DE\"}]}<\/script>\n<!-- \/ Yoast SEO plugin. -->","yoast_head_json":{"title":"Zimmer mit Aussicht im Val di Rabbi | Alpen Hotel Rabbi","description":"W\u00e4hlen Sie zwischen Einzel-, Doppel-, Dreibett- und Familienzimmern mit Panoramabalkon und Blick auf die Valorz-Wasserf\u00e4lle. Holzm\u00f6bel, Komfort und Ruhe f\u00fcr einen erholsamen Aufenthalt.","robots":{"index":"index","follow":"follow","max-snippet":"max-snippet:-1","max-image-preview":"max-image-preview:large","max-video-preview":"max-video-preview:-1"},"canonical":"https:\/\/www.alpenhotelrabbi.it\/de\/zimmer\/","og_locale":"de_DE","og_type":"article","og_title":"Zimmer mit Aussicht im Val di Rabbi | Alpen Hotel Rabbi","og_description":"W\u00e4hlen Sie zwischen Einzel-, Doppel-, Dreibett- und Familienzimmern mit Panoramabalkon und Blick auf die Valorz-Wasserf\u00e4lle. Holzm\u00f6bel, Komfort und Ruhe f\u00fcr einen erholsamen Aufenthalt.","og_url":"https:\/\/www.alpenhotelrabbi.it\/de\/zimmer\/","og_site_name":"Alpen Hotel Rabbi","article_modified_time":"2025-08-18T08:38:58+00:00","twitter_card":"summary_large_image","twitter_misc":{"Gesch\u00e4tzte Lesezeit":"1 Minute"},"schema":{"@context":"https:\/\/schema.org","@graph":[{"@type":"WebPage","@id":"https:\/\/www.alpenhotelrabbi.it\/de\/zimmer\/","url":"https:\/\/www.alpenhotelrabbi.it\/de\/zimmer\/","name":"Zimmer mit Aussicht im Val di Rabbi | Alpen Hotel Rabbi","isPartOf":{"@id":"https:\/\/www.alpenhotelrabbi.it\/de\/#website"},"datePublished":"2023-04-15T16:45:34+00:00","dateModified":"2025-08-18T08:38:58+00:00","description":"W\u00e4hlen Sie zwischen Einzel-, Doppel-, Dreibett- und Familienzimmern mit Panoramabalkon und Blick auf die Valorz-Wasserf\u00e4lle. Holzm\u00f6bel, Komfort und Ruhe f\u00fcr einen erholsamen Aufenthalt.","breadcrumb":{"@id":"https:\/\/www.alpenhotelrabbi.it\/de\/zimmer\/#breadcrumb"},"inLanguage":"de-DE","potentialAction":[{"@type":"ReadAction","target":["https:\/\/www.alpenhotelrabbi.it\/de\/zimmer\/"]}]},{"@type":"BreadcrumbList","@id":"https:\/\/www.alpenhotelrabbi.it\/de\/zimmer\/#breadcrumb","itemListElement":[{"@type":"ListItem","position":1,"name":"Home","item":"https:\/\/www.alpenhotelrabbi.it\/de\/"},{"@type":"ListItem","position":2,"name":"Zimmer"}]},{"@type":"WebSite","@id":"https:\/\/www.alpenhotelrabbi.it\/de\/#website","url":"https:\/\/www.alpenhotelrabbi.it\/de\/","name":"Alpen Hotel Rabbi","description":"","potentialAction":[{"@type":"SearchAction","target":{"@type":"EntryPoint","urlTemplate":"https:\/\/www.alpenhotelrabbi.it\/de\/?s={search_term_string}"},"query-input":{"@type":"PropertyValueSpecification","valueRequired":true,"valueName":"search_term_string"}}],"inLanguage":"de-DE"}]}},"acf":[],"_links":{"self":[{"href":"https:\/\/www.alpenhotelrabbi.it\/de\/wp-json\/wp\/v2\/pages\/179","targetHints":{"allow":["GET"]}}],"collection":[{"href":"https:\/\/www.alpenhotelrabbi.it\/de\/wp-json\/wp\/v2\/pages"}],"about":[{"href":"https:\/\/www.alpenhotelrabbi.it\/de\/wp-json\/wp\/v2\/types\/page"}],"author":[{"embeddable":true,"href":"https:\/\/www.alpenhotelrabbi.it\/de\/wp-json\/wp\/v2\/users\/11"}],"replies":[{"embeddable":true,"href":"https:\/\/www.alpenhotelrabbi.it\/de\/wp-json\/wp\/v2\/comments?post=179"}],"version-history":[{"count":0,"href":"https:\/\/www.alpenhotelrabbi.it\/de\/wp-json\/wp\/v2\/pages\/179\/revisions"}],"wp:attachment":[{"href":"https:\/\/www.alpenhotelrabbi.it\/de\/wp-json\/wp\/v2\/media?parent=179"}],"curies":[{"name":"wp","href":"https:\/\/api.w.org\/{rel}","templated":true}]}}