{"id":1015,"date":"2025-09-04T21:25:53","date_gmt":"2025-09-04T21:25:53","guid":{"rendered":"https:\/\/www.alpenhotelrabbi.it\/olimpiadi-invernali-2026-in-trentino\/"},"modified":"2025-09-04T21:36:00","modified_gmt":"2025-09-04T21:36:00","slug":"olympische-winterspiele-2026-im-trentino","status":"publish","type":"page","link":"https:\/\/www.alpenhotelrabbi.it\/de\/olympische-winterspiele-2026-im-trentino\/","title":{"rendered":"Olympische Winterspiele 2026 im Trentino"},"content":{"rendered":"<p>Die Olympischen Winterspiele 2026 r\u00fccken n\u00e4her und das Trentino wird einer der Protagonisten dieses einzigartigen Ereignisses sein.<\/p>\n<p>Wenn Sie die olympische Atmosph\u00e4re hautnah sp\u00fcren und unvergessliche Tage im Schnee erleben m\u00f6chten, ist das <strong>Alpen Hotel Rabbi<\/strong> die ideale Wahl.<\/p>\n<p>Gelegen im Val di Rabbi, im Herzen des Nationalparks Stilfserjoch und in der N\u00e4he der Skiarea Madonna di Campiglio, bietet unser Hotel Komfort, gute K\u00fcche und Erholung nach einem Tag voller Sport und olympischer Emotionen.<\/p>\n","protected":false},"excerpt":{"rendered":"<p>Die Olympischen Winterspiele 2026 r\u00fccken n\u00e4her und das Trentino wird einer der Protagonisten dieses einzigartigen Ereignisses sein. Wenn Sie die olympische Atmosph\u00e4re hautnah sp\u00fcren und unvergessliche Tage im Schnee erleben m\u00f6chten, ist das Alpen Hotel Rabbi die ideale Wahl. Gelegen im Val di Rabbi, im Herzen des Nationalparks Stilfserjoch und in der N\u00e4he der Skiarea [&hellip;]<\/p>\n","protected":false},"author":11,"featured_media":0,"parent":0,"menu_order":12,"comment_status":"closed","ping_status":"closed","template":"","meta":{"footnotes":""},"class_list":["post-1015","page","type-page","status-publish","hentry"],"yoast_head":"<!-- This site is optimized with the Yoast SEO plugin v27.3 - https:\/\/yoast.com\/product\/yoast-seo-wordpress\/ -->\n<title>Olympische Winterspiele 2026 \u2013 Alpen Hotel Rabbi<\/title>\n<meta name=\"description\" content=\"Buchen Sie Ihr Hotel f\u00fcr die Olympischen Winterspiele 2026: Komfort, Natur und N\u00e4he zur Skiarea Madonna di Campiglio. Entdecken Sie das Alpen Hotel Rabbi!\" \/>\n<meta name=\"robots\" content=\"index, follow, max-snippet:-1, max-image-preview:large, max-video-preview:-1\" \/>\n<link rel=\"canonical\" href=\"https:\/\/www.alpenhotelrabbi.it\/de\/olympische-winterspiele-2026-im-trentino\/\" \/>\n<meta property=\"og:locale\" content=\"de_DE\" \/>\n<meta property=\"og:type\" content=\"article\" \/>\n<meta property=\"og:title\" content=\"Olympische Winterspiele 2026 \u2013 Alpen Hotel Rabbi\" \/>\n<meta property=\"og:description\" content=\"Buchen Sie Ihr Hotel f\u00fcr die Olympischen Winterspiele 2026: Komfort, Natur und N\u00e4he zur Skiarea Madonna di Campiglio. Entdecken Sie das Alpen Hotel Rabbi!\" \/>\n<meta property=\"og:url\" content=\"https:\/\/www.alpenhotelrabbi.it\/de\/olympische-winterspiele-2026-im-trentino\/\" \/>\n<meta property=\"og:site_name\" content=\"Alpen Hotel Rabbi\" \/>\n<meta property=\"article:modified_time\" content=\"2025-09-04T21:36:00+00:00\" \/>\n<meta name=\"twitter:card\" content=\"summary_large_image\" \/>\n<meta name=\"twitter:label1\" content=\"Gesch\u00e4tzte Lesezeit\" \/>\n\t<meta name=\"twitter:data1\" content=\"1 Minute\" \/>\n<script type=\"application\/ld+json\" class=\"yoast-schema-graph\">{\"@context\":\"https:\\\/\\\/schema.org\",\"@graph\":[{\"@type\":\"WebPage\",\"@id\":\"https:\\\/\\\/www.alpenhotelrabbi.it\\\/de\\\/olympische-winterspiele-2026-im-trentino\\\/\",\"url\":\"https:\\\/\\\/www.alpenhotelrabbi.it\\\/de\\\/olympische-winterspiele-2026-im-trentino\\\/\",\"name\":\"Olympische Winterspiele 2026 \u2013 Alpen Hotel Rabbi\",\"isPartOf\":{\"@id\":\"https:\\\/\\\/www.alpenhotelrabbi.it\\\/de\\\/#website\"},\"datePublished\":\"2025-09-04T21:25:53+00:00\",\"dateModified\":\"2025-09-04T21:36:00+00:00\",\"description\":\"Buchen Sie Ihr Hotel f\u00fcr die Olympischen Winterspiele 2026: Komfort, Natur und N\u00e4he zur Skiarea Madonna di Campiglio. Entdecken Sie das Alpen Hotel Rabbi!\",\"breadcrumb\":{\"@id\":\"https:\\\/\\\/www.alpenhotelrabbi.it\\\/de\\\/olympische-winterspiele-2026-im-trentino\\\/#breadcrumb\"},\"inLanguage\":\"de-DE\",\"potentialAction\":[{\"@type\":\"ReadAction\",\"target\":[\"https:\\\/\\\/www.alpenhotelrabbi.it\\\/de\\\/olympische-winterspiele-2026-im-trentino\\\/\"]}]},{\"@type\":\"BreadcrumbList\",\"@id\":\"https:\\\/\\\/www.alpenhotelrabbi.it\\\/de\\\/olympische-winterspiele-2026-im-trentino\\\/#breadcrumb\",\"itemListElement\":[{\"@type\":\"ListItem\",\"position\":1,\"name\":\"Home\",\"item\":\"https:\\\/\\\/www.alpenhotelrabbi.it\\\/de\\\/\"},{\"@type\":\"ListItem\",\"position\":2,\"name\":\"Olympische Winterspiele 2026 im Trentino\"}]},{\"@type\":\"WebSite\",\"@id\":\"https:\\\/\\\/www.alpenhotelrabbi.it\\\/de\\\/#website\",\"url\":\"https:\\\/\\\/www.alpenhotelrabbi.it\\\/de\\\/\",\"name\":\"Alpen Hotel Rabbi\",\"description\":\"\",\"potentialAction\":[{\"@type\":\"SearchAction\",\"target\":{\"@type\":\"EntryPoint\",\"urlTemplate\":\"https:\\\/\\\/www.alpenhotelrabbi.it\\\/de\\\/?s={search_term_string}\"},\"query-input\":{\"@type\":\"PropertyValueSpecification\",\"valueRequired\":true,\"valueName\":\"search_term_string\"}}],\"inLanguage\":\"de-DE\"}]}<\/script>\n<!-- \/ Yoast SEO plugin. -->","yoast_head_json":{"title":"Olympische Winterspiele 2026 \u2013 Alpen Hotel Rabbi","description":"Buchen Sie Ihr Hotel f\u00fcr die Olympischen Winterspiele 2026: Komfort, Natur und N\u00e4he zur Skiarea Madonna di Campiglio. Entdecken Sie das Alpen Hotel Rabbi!","robots":{"index":"index","follow":"follow","max-snippet":"max-snippet:-1","max-image-preview":"max-image-preview:large","max-video-preview":"max-video-preview:-1"},"canonical":"https:\/\/www.alpenhotelrabbi.it\/de\/olympische-winterspiele-2026-im-trentino\/","og_locale":"de_DE","og_type":"article","og_title":"Olympische Winterspiele 2026 \u2013 Alpen Hotel Rabbi","og_description":"Buchen Sie Ihr Hotel f\u00fcr die Olympischen Winterspiele 2026: Komfort, Natur und N\u00e4he zur Skiarea Madonna di Campiglio. Entdecken Sie das Alpen Hotel Rabbi!","og_url":"https:\/\/www.alpenhotelrabbi.it\/de\/olympische-winterspiele-2026-im-trentino\/","og_site_name":"Alpen Hotel Rabbi","article_modified_time":"2025-09-04T21:36:00+00:00","twitter_card":"summary_large_image","twitter_misc":{"Gesch\u00e4tzte Lesezeit":"1 Minute"},"schema":{"@context":"https:\/\/schema.org","@graph":[{"@type":"WebPage","@id":"https:\/\/www.alpenhotelrabbi.it\/de\/olympische-winterspiele-2026-im-trentino\/","url":"https:\/\/www.alpenhotelrabbi.it\/de\/olympische-winterspiele-2026-im-trentino\/","name":"Olympische Winterspiele 2026 \u2013 Alpen Hotel Rabbi","isPartOf":{"@id":"https:\/\/www.alpenhotelrabbi.it\/de\/#website"},"datePublished":"2025-09-04T21:25:53+00:00","dateModified":"2025-09-04T21:36:00+00:00","description":"Buchen Sie Ihr Hotel f\u00fcr die Olympischen Winterspiele 2026: Komfort, Natur und N\u00e4he zur Skiarea Madonna di Campiglio. Entdecken Sie das Alpen Hotel Rabbi!","breadcrumb":{"@id":"https:\/\/www.alpenhotelrabbi.it\/de\/olympische-winterspiele-2026-im-trentino\/#breadcrumb"},"inLanguage":"de-DE","potentialAction":[{"@type":"ReadAction","target":["https:\/\/www.alpenhotelrabbi.it\/de\/olympische-winterspiele-2026-im-trentino\/"]}]},{"@type":"BreadcrumbList","@id":"https:\/\/www.alpenhotelrabbi.it\/de\/olympische-winterspiele-2026-im-trentino\/#breadcrumb","itemListElement":[{"@type":"ListItem","position":1,"name":"Home","item":"https:\/\/www.alpenhotelrabbi.it\/de\/"},{"@type":"ListItem","position":2,"name":"Olympische Winterspiele 2026 im Trentino"}]},{"@type":"WebSite","@id":"https:\/\/www.alpenhotelrabbi.it\/de\/#website","url":"https:\/\/www.alpenhotelrabbi.it\/de\/","name":"Alpen Hotel Rabbi","description":"","potentialAction":[{"@type":"SearchAction","target":{"@type":"EntryPoint","urlTemplate":"https:\/\/www.alpenhotelrabbi.it\/de\/?s={search_term_string}"},"query-input":{"@type":"PropertyValueSpecification","valueRequired":true,"valueName":"search_term_string"}}],"inLanguage":"de-DE"}]}},"acf":[],"_links":{"self":[{"href":"https:\/\/www.alpenhotelrabbi.it\/de\/wp-json\/wp\/v2\/pages\/1015","targetHints":{"allow":["GET"]}}],"collection":[{"href":"https:\/\/www.alpenhotelrabbi.it\/de\/wp-json\/wp\/v2\/pages"}],"about":[{"href":"https:\/\/www.alpenhotelrabbi.it\/de\/wp-json\/wp\/v2\/types\/page"}],"author":[{"embeddable":true,"href":"https:\/\/www.alpenhotelrabbi.it\/de\/wp-json\/wp\/v2\/users\/11"}],"replies":[{"embeddable":true,"href":"https:\/\/www.alpenhotelrabbi.it\/de\/wp-json\/wp\/v2\/comments?post=1015"}],"version-history":[{"count":0,"href":"https:\/\/www.alpenhotelrabbi.it\/de\/wp-json\/wp\/v2\/pages\/1015\/revisions"}],"wp:attachment":[{"href":"https:\/\/www.alpenhotelrabbi.it\/de\/wp-json\/wp\/v2\/media?parent=1015"}],"curies":[{"name":"wp","href":"https:\/\/api.w.org\/{rel}","templated":true}]}}